{"id":11951,"date":"2025-07-16T13:00:26","date_gmt":"2025-07-16T13:00:26","guid":{"rendered":"https:\/\/roller-mania.it\/prodotto\/patin-completo-rf3-pro-hudor-light\/"},"modified":"2025-07-16T13:00:26","modified_gmt":"2025-07-16T13:00:26","slug":"patin-completo-rf3-pro-hudor-light","status":"publish","type":"product","link":"https:\/\/roller-mania.it\/es\/producto\/patin-completo-rf3-pro-hudor-light\/","title":{"rendered":"Pat\u00edn completo RF3 Pro + Hudor Light"},"content":{"rendered":"<p>Creado para satisfacer las necesidades de los patinadores de competici\u00f3n m\u00e1s ambiciosos, el pat\u00edn completo RF3 Pro Risport con chasis Hudor Light Rollerskates es la elecci\u00f3n perfecta para quienes buscan un equipo t\u00e9cnicamente avanzado y ligero que ofrezca el m\u00e1ximo control incluso en las actuaciones m\u00e1s exigentes. Una combinaci\u00f3n ganadora para quienes desean llevar sus capacidades m\u00e1s all\u00e1 de todos los l\u00edmites. El chasis tiene forma de derecha\/izquierda para ofrecer una mayor estabilidad y una transmisi\u00f3n inmediata en el cable necesario. Este pat\u00edn est\u00e1 dise\u00f1ado para patinadores de nivel avanzado, que trabajan en programas t\u00e9cnicos ricos en dificultad. Es perfecto para quienes buscan un equipo capaz de soportar la intensidad del trabajo t\u00e9cnico diario.<\/p>\n","protected":false},"excerpt":{"rendered":"<p>Creado para satisfacer las necesidades de los patinadores de competici\u00f3n m\u00e1s ambiciosos, el pat\u00edn completo RF3 Pro Risport con chasis Hudor Light Rollerskates es la elecci\u00f3n perfecta para quienes buscan un equipo t\u00e9cnicamente avanzado y ligero que ofrezca el m\u00e1ximo control incluso en las actuaciones m\u00e1s exigentes.<\/p>\n","protected":false},"featured_media":11950,"comment_status":"open","ping_status":"closed","template":"","meta":[],"product_brand":[],"product_cat":[1192],"product_tag":[],"class_list":{"0":"post-11951","1":"product","2":"type-product","3":"status-publish","4":"has-post-thumbnail","6":"product_cat-patines-completos-obligatorios","8":"first","9":"instock","10":"taxable","11":"shipping-taxable","12":"purchasable","13":"product-type-easy_product_bundle"},"ct_brands":[],"yoast_head":"<!-- This site is optimized with the Yoast SEO plugin v27.5 - https:\/\/yoast.com\/product\/yoast-seo-wordpress\/ -->\n<title>Pat\u00edn completo RF3 Pro + Hudor Light - Roller Mania<\/title>\n<meta name=\"robots\" content=\"index, follow, max-snippet:-1, max-image-preview:large, max-video-preview:-1\" \/>\n<link rel=\"canonical\" href=\"https:\/\/roller-mania.it\/es\/producto\/patin-completo-rf3-pro-hudor-light\/\" \/>\n<meta property=\"og:locale\" content=\"es_ES\" \/>\n<meta property=\"og:type\" content=\"article\" \/>\n<meta property=\"og:title\" content=\"Pat\u00edn completo RF3 Pro + Hudor Light - Roller Mania\" \/>\n<meta property=\"og:description\" content=\"Creado para satisfacer las necesidades de los patinadores de competici\u00f3n m\u00e1s ambiciosos, el pat\u00edn completo RF3 Pro Risport con chasis Hudor Light Rollerskates es la elecci\u00f3n perfecta para quienes buscan un equipo t\u00e9cnicamente avanzado y ligero que ofrezca el m\u00e1ximo control incluso en las actuaciones m\u00e1s exigentes.\" \/>\n<meta property=\"og:url\" content=\"https:\/\/roller-mania.it\/es\/producto\/patin-completo-rf3-pro-hudor-light\/\" \/>\n<meta property=\"og:site_name\" content=\"Roller Mania\" \/>\n<meta property=\"og:image\" content=\"https:\/\/roller-mania.it\/wp-content\/uploads\/2025\/07\/RF3PRO-HUDORLIGHT.jpg\" \/>\n\t<meta property=\"og:image:width\" content=\"1500\" \/>\n\t<meta property=\"og:image:height\" content=\"1500\" \/>\n\t<meta property=\"og:image:type\" content=\"image\/jpeg\" \/>\n<meta name=\"twitter:card\" content=\"summary_large_image\" \/>\n<meta name=\"twitter:label1\" content=\"Tiempo de lectura\" \/>\n\t<meta name=\"twitter:data1\" content=\"1 minuto\" \/>\n<script type=\"application\/ld+json\" class=\"yoast-schema-graph\">{\"@context\":\"https:\\\/\\\/schema.org\",\"@graph\":[{\"@type\":\"WebPage\",\"@id\":\"https:\\\/\\\/roller-mania.it\\\/es\\\/producto\\\/patin-completo-rf3-pro-hudor-light\\\/\",\"url\":\"https:\\\/\\\/roller-mania.it\\\/es\\\/producto\\\/patin-completo-rf3-pro-hudor-light\\\/\",\"name\":\"Pat\u00edn completo RF3 Pro + Hudor Light - Roller Mania\",\"isPartOf\":{\"@id\":\"https:\\\/\\\/roller-mania.it\\\/#website\"},\"primaryImageOfPage\":{\"@id\":\"https:\\\/\\\/roller-mania.it\\\/es\\\/producto\\\/patin-completo-rf3-pro-hudor-light\\\/#primaryimage\"},\"image\":{\"@id\":\"https:\\\/\\\/roller-mania.it\\\/es\\\/producto\\\/patin-completo-rf3-pro-hudor-light\\\/#primaryimage\"},\"thumbnailUrl\":\"https:\\\/\\\/roller-mania.it\\\/wp-content\\\/uploads\\\/2025\\\/07\\\/RF3PRO-HUDORLIGHT.jpg\",\"datePublished\":\"2025-07-16T13:00:26+00:00\",\"breadcrumb\":{\"@id\":\"https:\\\/\\\/roller-mania.it\\\/es\\\/producto\\\/patin-completo-rf3-pro-hudor-light\\\/#breadcrumb\"},\"inLanguage\":\"es\",\"potentialAction\":[{\"@type\":\"ReadAction\",\"target\":[\"https:\\\/\\\/roller-mania.it\\\/es\\\/producto\\\/patin-completo-rf3-pro-hudor-light\\\/\"]}]},{\"@type\":\"ImageObject\",\"inLanguage\":\"es\",\"@id\":\"https:\\\/\\\/roller-mania.it\\\/es\\\/producto\\\/patin-completo-rf3-pro-hudor-light\\\/#primaryimage\",\"url\":\"https:\\\/\\\/roller-mania.it\\\/wp-content\\\/uploads\\\/2025\\\/07\\\/RF3PRO-HUDORLIGHT.jpg\",\"contentUrl\":\"https:\\\/\\\/roller-mania.it\\\/wp-content\\\/uploads\\\/2025\\\/07\\\/RF3PRO-HUDORLIGHT.jpg\",\"width\":1500,\"height\":1500},{\"@type\":\"BreadcrumbList\",\"@id\":\"https:\\\/\\\/roller-mania.it\\\/es\\\/producto\\\/patin-completo-rf3-pro-hudor-light\\\/#breadcrumb\",\"itemListElement\":[{\"@type\":\"ListItem\",\"position\":1,\"name\":\"Home\",\"item\":\"https:\\\/\\\/roller-mania.it\\\/\"},{\"@type\":\"ListItem\",\"position\":2,\"name\":\"Tienda\",\"item\":\"https:\\\/\\\/roller-mania.it\\\/es\\\/tienda\\\/\"},{\"@type\":\"ListItem\",\"position\":3,\"name\":\"Pat\u00edn completo RF3 Pro + Hudor Light\"}]},{\"@type\":\"WebSite\",\"@id\":\"https:\\\/\\\/roller-mania.it\\\/#website\",\"url\":\"https:\\\/\\\/roller-mania.it\\\/\",\"name\":\"Roller Mania\",\"description\":\"\",\"publisher\":{\"@id\":\"https:\\\/\\\/roller-mania.it\\\/#organization\"},\"potentialAction\":[{\"@type\":\"SearchAction\",\"target\":{\"@type\":\"EntryPoint\",\"urlTemplate\":\"https:\\\/\\\/roller-mania.it\\\/?s={search_term_string}\"},\"query-input\":{\"@type\":\"PropertyValueSpecification\",\"valueRequired\":true,\"valueName\":\"search_term_string\"}}],\"inLanguage\":\"es\"},{\"@type\":\"Organization\",\"@id\":\"https:\\\/\\\/roller-mania.it\\\/#organization\",\"name\":\"Roller Mania\",\"url\":\"https:\\\/\\\/roller-mania.it\\\/\",\"logo\":{\"@type\":\"ImageObject\",\"inLanguage\":\"es\",\"@id\":\"https:\\\/\\\/roller-mania.it\\\/#\\\/schema\\\/logo\\\/image\\\/\",\"url\":\"https:\\\/\\\/roller-mania.it\\\/wp-content\\\/uploads\\\/2025\\\/04\\\/Logo.RollerMania.svg\",\"contentUrl\":\"https:\\\/\\\/roller-mania.it\\\/wp-content\\\/uploads\\\/2025\\\/04\\\/Logo.RollerMania.svg\",\"width\":563,\"height\":73,\"caption\":\"Roller Mania\"},\"image\":{\"@id\":\"https:\\\/\\\/roller-mania.it\\\/#\\\/schema\\\/logo\\\/image\\\/\"},\"sameAs\":[\"https:\\\/\\\/www.instagram.com\\\/rollermania_\\\/\"]}]}<\/script>\n<!-- \/ Yoast SEO plugin. -->","yoast_head_json":{"title":"Pat\u00edn completo RF3 Pro + Hudor Light - Roller Mania","robots":{"index":"index","follow":"follow","max-snippet":"max-snippet:-1","max-image-preview":"max-image-preview:large","max-video-preview":"max-video-preview:-1"},"canonical":"https:\/\/roller-mania.it\/es\/producto\/patin-completo-rf3-pro-hudor-light\/","og_locale":"es_ES","og_type":"article","og_title":"Pat\u00edn completo RF3 Pro + Hudor Light - Roller Mania","og_description":"Creado para satisfacer las necesidades de los patinadores de competici\u00f3n m\u00e1s ambiciosos, el pat\u00edn completo RF3 Pro Risport con chasis Hudor Light Rollerskates es la elecci\u00f3n perfecta para quienes buscan un equipo t\u00e9cnicamente avanzado y ligero que ofrezca el m\u00e1ximo control incluso en las actuaciones m\u00e1s exigentes.","og_url":"https:\/\/roller-mania.it\/es\/producto\/patin-completo-rf3-pro-hudor-light\/","og_site_name":"Roller Mania","og_image":[{"width":1500,"height":1500,"url":"https:\/\/roller-mania.it\/wp-content\/uploads\/2025\/07\/RF3PRO-HUDORLIGHT.jpg","type":"image\/jpeg"}],"twitter_card":"summary_large_image","twitter_misc":{"Tiempo de lectura":"1 minuto"},"schema":{"@context":"https:\/\/schema.org","@graph":[{"@type":"WebPage","@id":"https:\/\/roller-mania.it\/es\/producto\/patin-completo-rf3-pro-hudor-light\/","url":"https:\/\/roller-mania.it\/es\/producto\/patin-completo-rf3-pro-hudor-light\/","name":"Pat\u00edn completo RF3 Pro + Hudor Light - Roller Mania","isPartOf":{"@id":"https:\/\/roller-mania.it\/#website"},"primaryImageOfPage":{"@id":"https:\/\/roller-mania.it\/es\/producto\/patin-completo-rf3-pro-hudor-light\/#primaryimage"},"image":{"@id":"https:\/\/roller-mania.it\/es\/producto\/patin-completo-rf3-pro-hudor-light\/#primaryimage"},"thumbnailUrl":"https:\/\/roller-mania.it\/wp-content\/uploads\/2025\/07\/RF3PRO-HUDORLIGHT.jpg","datePublished":"2025-07-16T13:00:26+00:00","breadcrumb":{"@id":"https:\/\/roller-mania.it\/es\/producto\/patin-completo-rf3-pro-hudor-light\/#breadcrumb"},"inLanguage":"es","potentialAction":[{"@type":"ReadAction","target":["https:\/\/roller-mania.it\/es\/producto\/patin-completo-rf3-pro-hudor-light\/"]}]},{"@type":"ImageObject","inLanguage":"es","@id":"https:\/\/roller-mania.it\/es\/producto\/patin-completo-rf3-pro-hudor-light\/#primaryimage","url":"https:\/\/roller-mania.it\/wp-content\/uploads\/2025\/07\/RF3PRO-HUDORLIGHT.jpg","contentUrl":"https:\/\/roller-mania.it\/wp-content\/uploads\/2025\/07\/RF3PRO-HUDORLIGHT.jpg","width":1500,"height":1500},{"@type":"BreadcrumbList","@id":"https:\/\/roller-mania.it\/es\/producto\/patin-completo-rf3-pro-hudor-light\/#breadcrumb","itemListElement":[{"@type":"ListItem","position":1,"name":"Home","item":"https:\/\/roller-mania.it\/"},{"@type":"ListItem","position":2,"name":"Tienda","item":"https:\/\/roller-mania.it\/es\/tienda\/"},{"@type":"ListItem","position":3,"name":"Pat\u00edn completo RF3 Pro + Hudor Light"}]},{"@type":"WebSite","@id":"https:\/\/roller-mania.it\/#website","url":"https:\/\/roller-mania.it\/","name":"Roller Mania","description":"","publisher":{"@id":"https:\/\/roller-mania.it\/#organization"},"potentialAction":[{"@type":"SearchAction","target":{"@type":"EntryPoint","urlTemplate":"https:\/\/roller-mania.it\/?s={search_term_string}"},"query-input":{"@type":"PropertyValueSpecification","valueRequired":true,"valueName":"search_term_string"}}],"inLanguage":"es"},{"@type":"Organization","@id":"https:\/\/roller-mania.it\/#organization","name":"Roller Mania","url":"https:\/\/roller-mania.it\/","logo":{"@type":"ImageObject","inLanguage":"es","@id":"https:\/\/roller-mania.it\/#\/schema\/logo\/image\/","url":"https:\/\/roller-mania.it\/wp-content\/uploads\/2025\/04\/Logo.RollerMania.svg","contentUrl":"https:\/\/roller-mania.it\/wp-content\/uploads\/2025\/04\/Logo.RollerMania.svg","width":563,"height":73,"caption":"Roller Mania"},"image":{"@id":"https:\/\/roller-mania.it\/#\/schema\/logo\/image\/"},"sameAs":["https:\/\/www.instagram.com\/rollermania_\/"]}]}},"_links":{"self":[{"href":"https:\/\/roller-mania.it\/es\/wp-json\/wp\/v2\/product\/11951","targetHints":{"allow":["GET"]}}],"collection":[{"href":"https:\/\/roller-mania.it\/es\/wp-json\/wp\/v2\/product"}],"about":[{"href":"https:\/\/roller-mania.it\/es\/wp-json\/wp\/v2\/types\/product"}],"replies":[{"embeddable":true,"href":"https:\/\/roller-mania.it\/es\/wp-json\/wp\/v2\/comments?post=11951"}],"version-history":[{"count":0,"href":"https:\/\/roller-mania.it\/es\/wp-json\/wp\/v2\/product\/11951\/revisions"}],"wp:featuredmedia":[{"embeddable":true,"href":"https:\/\/roller-mania.it\/es\/wp-json\/wp\/v2\/media\/11950"}],"wp:attachment":[{"href":"https:\/\/roller-mania.it\/es\/wp-json\/wp\/v2\/media?parent=11951"}],"wp:term":[{"taxonomy":"product_brand","embeddable":true,"href":"https:\/\/roller-mania.it\/es\/wp-json\/wp\/v2\/product_brand?post=11951"},{"taxonomy":"product_cat","embeddable":true,"href":"https:\/\/roller-mania.it\/es\/wp-json\/wp\/v2\/product_cat?post=11951"},{"taxonomy":"product_tag","embeddable":true,"href":"https:\/\/roller-mania.it\/es\/wp-json\/wp\/v2\/product_tag?post=11951"}],"curies":[{"name":"wp","href":"https:\/\/api.w.org\/{rel}","templated":true}]}}