{"id":11922,"date":"2025-07-16T13:00:23","date_gmt":"2025-07-16T13:00:23","guid":{"rendered":"https:\/\/roller-mania.it\/prodotto\/patin-completo-fly-evo\/"},"modified":"2025-07-16T13:00:23","modified_gmt":"2025-07-16T13:00:23","slug":"patin-completo-fly-evo","status":"publish","type":"product","link":"https:\/\/roller-mania.it\/es\/producto\/patin-completo-fly-evo\/","title":{"rendered":"Pat\u00edn completo Fly + Evo"},"content":{"rendered":"<p>Potente, elegante y de ultrarrendimiento: el pat\u00edn completo Fly Edea con chasis Evo Roll Line est\u00e1 dise\u00f1ado para patinadores que quieren superar sus l\u00edmites t\u00e9cnicos con un instrumento de alto nivel. La combinaci\u00f3n de la zapatilla Fly de Edea y el chasis Evo de Roll Line ofrece una respuesta inmediata, una gran ligereza y un control absoluto en cada movimiento. Esta es la configuraci\u00f3n perfecta para patinadores avanzados y de competici\u00f3n que buscan la m\u00e1xima precisi\u00f3n y velocidad de ejecuci\u00f3n. Es ideal para quienes se enfrentan a competiciones de alto nivel y necesitan un pat\u00edn que ofrezca fiabilidad t\u00e9cnica, potencia y capacidad de respuesta en cualquier situaci\u00f3n.<\/p>\n","protected":false},"excerpt":{"rendered":"<p>Potente, elegante y de ultrarrendimiento: el pat\u00edn completo Fly Edea con chasis Evo Roll Line est\u00e1 dise\u00f1ado para patinadores que quieren superar sus l\u00edmites t\u00e9cnicos con un instrumento de alto nivel. La combinaci\u00f3n de la zapatilla Fly de Edea y el chasis Evo de Roll Line ofrece una respuesta inmediata, una gran ligereza y un control absoluto en cada movimiento. Esta es la configuraci\u00f3n perfecta para patinadores avanzados y de competici\u00f3n que buscan la m\u00e1xima precisi\u00f3n y velocidad de ejecuci\u00f3n. Es ideal para quienes se enfrentan a competiciones de alto nivel y necesitan un pat\u00edn que ofrezca fiabilidad t\u00e9cnica, potencia y capacidad de respuesta en cualquier situaci\u00f3n.<\/p>\n","protected":false},"featured_media":11921,"comment_status":"open","ping_status":"closed","template":"","meta":[],"product_brand":[],"product_cat":[1190],"product_tag":[],"class_list":{"0":"post-11922","1":"product","2":"type-product","3":"status-publish","4":"has-post-thumbnail","6":"product_cat-patines-completos-superprofesionales","8":"first","9":"instock","10":"taxable","11":"shipping-taxable","12":"purchasable","13":"product-type-easy_product_bundle"},"ct_brands":[],"yoast_head":"<!-- This site is optimized with the Yoast SEO plugin v27.5 - https:\/\/yoast.com\/product\/yoast-seo-wordpress\/ -->\n<title>Pat\u00edn completo Fly + Evo - Roller Mania<\/title>\n<meta name=\"robots\" content=\"index, follow, max-snippet:-1, max-image-preview:large, max-video-preview:-1\" \/>\n<link rel=\"canonical\" href=\"https:\/\/roller-mania.it\/es\/producto\/patin-completo-fly-evo\/\" \/>\n<meta property=\"og:locale\" content=\"es_ES\" \/>\n<meta property=\"og:type\" content=\"article\" \/>\n<meta property=\"og:title\" content=\"Pat\u00edn completo Fly + Evo - Roller Mania\" \/>\n<meta property=\"og:description\" content=\"Potente, elegante y de ultrarrendimiento: el pat\u00edn completo Fly Edea con chasis Evo Roll Line est\u00e1 dise\u00f1ado para patinadores que quieren superar sus l\u00edmites t\u00e9cnicos con un instrumento de alto nivel. La combinaci\u00f3n de la zapatilla Fly de Edea y el chasis Evo de Roll Line ofrece una respuesta inmediata, una gran ligereza y un control absoluto en cada movimiento. Esta es la configuraci\u00f3n perfecta para patinadores avanzados y de competici\u00f3n que buscan la m\u00e1xima precisi\u00f3n y velocidad de ejecuci\u00f3n. Es ideal para quienes se enfrentan a competiciones de alto nivel y necesitan un pat\u00edn que ofrezca fiabilidad t\u00e9cnica, potencia y capacidad de respuesta en cualquier situaci\u00f3n.\" \/>\n<meta property=\"og:url\" content=\"https:\/\/roller-mania.it\/es\/producto\/patin-completo-fly-evo\/\" \/>\n<meta property=\"og:site_name\" content=\"Roller Mania\" \/>\n<meta property=\"og:image\" content=\"https:\/\/roller-mania.it\/wp-content\/uploads\/2025\/07\/Pattino-FLY-EVO.jpg\" \/>\n\t<meta property=\"og:image:width\" content=\"1500\" \/>\n\t<meta property=\"og:image:height\" content=\"1500\" \/>\n\t<meta property=\"og:image:type\" content=\"image\/jpeg\" \/>\n<meta name=\"twitter:card\" content=\"summary_large_image\" \/>\n<meta name=\"twitter:label1\" content=\"Tiempo de lectura\" \/>\n\t<meta name=\"twitter:data1\" content=\"1 minuto\" \/>\n<script type=\"application\/ld+json\" class=\"yoast-schema-graph\">{\"@context\":\"https:\\\/\\\/schema.org\",\"@graph\":[{\"@type\":\"WebPage\",\"@id\":\"https:\\\/\\\/roller-mania.it\\\/es\\\/producto\\\/patin-completo-fly-evo\\\/\",\"url\":\"https:\\\/\\\/roller-mania.it\\\/es\\\/producto\\\/patin-completo-fly-evo\\\/\",\"name\":\"Pat\u00edn completo Fly + Evo - Roller Mania\",\"isPartOf\":{\"@id\":\"https:\\\/\\\/roller-mania.it\\\/#website\"},\"primaryImageOfPage\":{\"@id\":\"https:\\\/\\\/roller-mania.it\\\/es\\\/producto\\\/patin-completo-fly-evo\\\/#primaryimage\"},\"image\":{\"@id\":\"https:\\\/\\\/roller-mania.it\\\/es\\\/producto\\\/patin-completo-fly-evo\\\/#primaryimage\"},\"thumbnailUrl\":\"https:\\\/\\\/roller-mania.it\\\/wp-content\\\/uploads\\\/2025\\\/07\\\/Pattino-FLY-EVO.jpg\",\"datePublished\":\"2025-07-16T13:00:23+00:00\",\"breadcrumb\":{\"@id\":\"https:\\\/\\\/roller-mania.it\\\/es\\\/producto\\\/patin-completo-fly-evo\\\/#breadcrumb\"},\"inLanguage\":\"es\",\"potentialAction\":[{\"@type\":\"ReadAction\",\"target\":[\"https:\\\/\\\/roller-mania.it\\\/es\\\/producto\\\/patin-completo-fly-evo\\\/\"]}]},{\"@type\":\"ImageObject\",\"inLanguage\":\"es\",\"@id\":\"https:\\\/\\\/roller-mania.it\\\/es\\\/producto\\\/patin-completo-fly-evo\\\/#primaryimage\",\"url\":\"https:\\\/\\\/roller-mania.it\\\/wp-content\\\/uploads\\\/2025\\\/07\\\/Pattino-FLY-EVO.jpg\",\"contentUrl\":\"https:\\\/\\\/roller-mania.it\\\/wp-content\\\/uploads\\\/2025\\\/07\\\/Pattino-FLY-EVO.jpg\",\"width\":1500,\"height\":1500},{\"@type\":\"BreadcrumbList\",\"@id\":\"https:\\\/\\\/roller-mania.it\\\/es\\\/producto\\\/patin-completo-fly-evo\\\/#breadcrumb\",\"itemListElement\":[{\"@type\":\"ListItem\",\"position\":1,\"name\":\"Home\",\"item\":\"https:\\\/\\\/roller-mania.it\\\/\"},{\"@type\":\"ListItem\",\"position\":2,\"name\":\"Tienda\",\"item\":\"https:\\\/\\\/roller-mania.it\\\/es\\\/tienda\\\/\"},{\"@type\":\"ListItem\",\"position\":3,\"name\":\"Pat\u00edn completo Fly + Evo\"}]},{\"@type\":\"WebSite\",\"@id\":\"https:\\\/\\\/roller-mania.it\\\/#website\",\"url\":\"https:\\\/\\\/roller-mania.it\\\/\",\"name\":\"Roller Mania\",\"description\":\"\",\"publisher\":{\"@id\":\"https:\\\/\\\/roller-mania.it\\\/#organization\"},\"potentialAction\":[{\"@type\":\"SearchAction\",\"target\":{\"@type\":\"EntryPoint\",\"urlTemplate\":\"https:\\\/\\\/roller-mania.it\\\/?s={search_term_string}\"},\"query-input\":{\"@type\":\"PropertyValueSpecification\",\"valueRequired\":true,\"valueName\":\"search_term_string\"}}],\"inLanguage\":\"es\"},{\"@type\":\"Organization\",\"@id\":\"https:\\\/\\\/roller-mania.it\\\/#organization\",\"name\":\"Roller Mania\",\"url\":\"https:\\\/\\\/roller-mania.it\\\/\",\"logo\":{\"@type\":\"ImageObject\",\"inLanguage\":\"es\",\"@id\":\"https:\\\/\\\/roller-mania.it\\\/#\\\/schema\\\/logo\\\/image\\\/\",\"url\":\"https:\\\/\\\/roller-mania.it\\\/wp-content\\\/uploads\\\/2025\\\/04\\\/Logo.RollerMania.svg\",\"contentUrl\":\"https:\\\/\\\/roller-mania.it\\\/wp-content\\\/uploads\\\/2025\\\/04\\\/Logo.RollerMania.svg\",\"width\":563,\"height\":73,\"caption\":\"Roller Mania\"},\"image\":{\"@id\":\"https:\\\/\\\/roller-mania.it\\\/#\\\/schema\\\/logo\\\/image\\\/\"},\"sameAs\":[\"https:\\\/\\\/www.instagram.com\\\/rollermania_\\\/\"]}]}<\/script>\n<!-- \/ Yoast SEO plugin. -->","yoast_head_json":{"title":"Pat\u00edn completo Fly + Evo - Roller Mania","robots":{"index":"index","follow":"follow","max-snippet":"max-snippet:-1","max-image-preview":"max-image-preview:large","max-video-preview":"max-video-preview:-1"},"canonical":"https:\/\/roller-mania.it\/es\/producto\/patin-completo-fly-evo\/","og_locale":"es_ES","og_type":"article","og_title":"Pat\u00edn completo Fly + Evo - Roller Mania","og_description":"Potente, elegante y de ultrarrendimiento: el pat\u00edn completo Fly Edea con chasis Evo Roll Line est\u00e1 dise\u00f1ado para patinadores que quieren superar sus l\u00edmites t\u00e9cnicos con un instrumento de alto nivel. La combinaci\u00f3n de la zapatilla Fly de Edea y el chasis Evo de Roll Line ofrece una respuesta inmediata, una gran ligereza y un control absoluto en cada movimiento. Esta es la configuraci\u00f3n perfecta para patinadores avanzados y de competici\u00f3n que buscan la m\u00e1xima precisi\u00f3n y velocidad de ejecuci\u00f3n. Es ideal para quienes se enfrentan a competiciones de alto nivel y necesitan un pat\u00edn que ofrezca fiabilidad t\u00e9cnica, potencia y capacidad de respuesta en cualquier situaci\u00f3n.","og_url":"https:\/\/roller-mania.it\/es\/producto\/patin-completo-fly-evo\/","og_site_name":"Roller Mania","og_image":[{"width":1500,"height":1500,"url":"https:\/\/roller-mania.it\/wp-content\/uploads\/2025\/07\/Pattino-FLY-EVO.jpg","type":"image\/jpeg"}],"twitter_card":"summary_large_image","twitter_misc":{"Tiempo de lectura":"1 minuto"},"schema":{"@context":"https:\/\/schema.org","@graph":[{"@type":"WebPage","@id":"https:\/\/roller-mania.it\/es\/producto\/patin-completo-fly-evo\/","url":"https:\/\/roller-mania.it\/es\/producto\/patin-completo-fly-evo\/","name":"Pat\u00edn completo Fly + Evo - Roller Mania","isPartOf":{"@id":"https:\/\/roller-mania.it\/#website"},"primaryImageOfPage":{"@id":"https:\/\/roller-mania.it\/es\/producto\/patin-completo-fly-evo\/#primaryimage"},"image":{"@id":"https:\/\/roller-mania.it\/es\/producto\/patin-completo-fly-evo\/#primaryimage"},"thumbnailUrl":"https:\/\/roller-mania.it\/wp-content\/uploads\/2025\/07\/Pattino-FLY-EVO.jpg","datePublished":"2025-07-16T13:00:23+00:00","breadcrumb":{"@id":"https:\/\/roller-mania.it\/es\/producto\/patin-completo-fly-evo\/#breadcrumb"},"inLanguage":"es","potentialAction":[{"@type":"ReadAction","target":["https:\/\/roller-mania.it\/es\/producto\/patin-completo-fly-evo\/"]}]},{"@type":"ImageObject","inLanguage":"es","@id":"https:\/\/roller-mania.it\/es\/producto\/patin-completo-fly-evo\/#primaryimage","url":"https:\/\/roller-mania.it\/wp-content\/uploads\/2025\/07\/Pattino-FLY-EVO.jpg","contentUrl":"https:\/\/roller-mania.it\/wp-content\/uploads\/2025\/07\/Pattino-FLY-EVO.jpg","width":1500,"height":1500},{"@type":"BreadcrumbList","@id":"https:\/\/roller-mania.it\/es\/producto\/patin-completo-fly-evo\/#breadcrumb","itemListElement":[{"@type":"ListItem","position":1,"name":"Home","item":"https:\/\/roller-mania.it\/"},{"@type":"ListItem","position":2,"name":"Tienda","item":"https:\/\/roller-mania.it\/es\/tienda\/"},{"@type":"ListItem","position":3,"name":"Pat\u00edn completo Fly + Evo"}]},{"@type":"WebSite","@id":"https:\/\/roller-mania.it\/#website","url":"https:\/\/roller-mania.it\/","name":"Roller Mania","description":"","publisher":{"@id":"https:\/\/roller-mania.it\/#organization"},"potentialAction":[{"@type":"SearchAction","target":{"@type":"EntryPoint","urlTemplate":"https:\/\/roller-mania.it\/?s={search_term_string}"},"query-input":{"@type":"PropertyValueSpecification","valueRequired":true,"valueName":"search_term_string"}}],"inLanguage":"es"},{"@type":"Organization","@id":"https:\/\/roller-mania.it\/#organization","name":"Roller Mania","url":"https:\/\/roller-mania.it\/","logo":{"@type":"ImageObject","inLanguage":"es","@id":"https:\/\/roller-mania.it\/#\/schema\/logo\/image\/","url":"https:\/\/roller-mania.it\/wp-content\/uploads\/2025\/04\/Logo.RollerMania.svg","contentUrl":"https:\/\/roller-mania.it\/wp-content\/uploads\/2025\/04\/Logo.RollerMania.svg","width":563,"height":73,"caption":"Roller Mania"},"image":{"@id":"https:\/\/roller-mania.it\/#\/schema\/logo\/image\/"},"sameAs":["https:\/\/www.instagram.com\/rollermania_\/"]}]}},"_links":{"self":[{"href":"https:\/\/roller-mania.it\/es\/wp-json\/wp\/v2\/product\/11922","targetHints":{"allow":["GET"]}}],"collection":[{"href":"https:\/\/roller-mania.it\/es\/wp-json\/wp\/v2\/product"}],"about":[{"href":"https:\/\/roller-mania.it\/es\/wp-json\/wp\/v2\/types\/product"}],"replies":[{"embeddable":true,"href":"https:\/\/roller-mania.it\/es\/wp-json\/wp\/v2\/comments?post=11922"}],"version-history":[{"count":0,"href":"https:\/\/roller-mania.it\/es\/wp-json\/wp\/v2\/product\/11922\/revisions"}],"wp:featuredmedia":[{"embeddable":true,"href":"https:\/\/roller-mania.it\/es\/wp-json\/wp\/v2\/media\/11921"}],"wp:attachment":[{"href":"https:\/\/roller-mania.it\/es\/wp-json\/wp\/v2\/media?parent=11922"}],"wp:term":[{"taxonomy":"product_brand","embeddable":true,"href":"https:\/\/roller-mania.it\/es\/wp-json\/wp\/v2\/product_brand?post=11922"},{"taxonomy":"product_cat","embeddable":true,"href":"https:\/\/roller-mania.it\/es\/wp-json\/wp\/v2\/product_cat?post=11922"},{"taxonomy":"product_tag","embeddable":true,"href":"https:\/\/roller-mania.it\/es\/wp-json\/wp\/v2\/product_tag?post=11922"}],"curies":[{"name":"wp","href":"https:\/\/api.w.org\/{rel}","templated":true}]}}