{"id":11107,"date":"2025-06-24T13:52:58","date_gmt":"2025-06-24T13:52:58","guid":{"rendered":"https:\/\/roller-mania.it\/prodotto\/bolsa-cube\/"},"modified":"2025-06-24T13:52:58","modified_gmt":"2025-06-24T13:52:58","slug":"bolsa-cube","status":"publish","type":"product","link":"https:\/\/roller-mania.it\/es\/producto\/bolsa-cube\/","title":{"rendered":"Bolsa Cube"},"content":{"rendered":"<p>Los 2 laterales r\u00edgidos de la BOLSA CUBE dan estructura a la bolsa y cuentan con los logotipos de Edea en relieve.<br \/>\nEl resto de la bolsa es de un material m\u00e1s suave, para que tambi\u00e9n pueda doblarse y colocarse c\u00f3modamente en una maleta.<br \/>\nLa bolsa Cube tiene dos bolsillos en los laterales, uno de los cuales tambi\u00e9n tiene espacio para insertar un nombre, mientras que la parte delantera tiene un bolsillo con cremallera.<br \/>\nLa abertura superior tiene una cremallera doble para mayor comodidad y dispone de un bolsillo superior adicional.<br \/>\nTanto los patines de hielo como los de ruedas pueden guardarse dentro de la bolsa, incluso hasta la talla 290.<br \/>\nLos dos bolsillos interiores de malla permiten guardar todos los accesorios que todo deportista necesita en el entrenamiento y la competici\u00f3n.<br \/>\nLa base interior de la bolsa es extra\u00edble para facilitar su limpieza.<br \/>\nEn el exterior hay cuatro tacos para mantenerla separada del suelo.<br \/>\nDimensiones cerrada: 36 x 4 x 28 cm<br \/>\nDimensiones abierta: 36 x 22 x 28cm<br \/>\nDos c\u00f3modas correas ajustables para el hombro garantizan un transporte f\u00e1cil y c\u00f3modo.<br \/>\nEl toque final lo aporta el pomp\u00f3n rojo con cristales, ambos desmontables.<\/p>\n","protected":false},"excerpt":{"rendered":"<p>Los 2 laterales r\u00edgidos de la BOLSA CUBE dan estructura a la bolsa y cuentan con los logotipos de Edea en relieve.<br \/>\nEl resto de la bolsa es de un material m\u00e1s suave, para que tambi\u00e9n pueda doblarse y colocarse c\u00f3modamente en una maleta.<br \/>\nLa bolsa Cube tiene dos bolsillos en los laterales, uno de los cuales tambi\u00e9n tiene espacio para insertar un nombre, mientras que la parte delantera tiene un bolsillo con cremallera.<br \/>\nLa abertura superior tiene una cremallera doble para mayor comodidad y dispone de un bolsillo superior adicional.<br \/>\nTanto los patines de hielo como los de ruedas pueden guardarse dentro de la bolsa, incluso hasta la talla 290.<br \/>\nLos dos bolsillos interiores de malla permiten guardar todos los accesorios que todo deportista necesita en el entrenamiento y la competici\u00f3n.<\/p>\n","protected":false},"featured_media":11103,"comment_status":"open","ping_status":"closed","template":"","meta":[],"product_brand":[141],"product_cat":[1107],"product_tag":[],"class_list":{"0":"post-11107","1":"product","2":"type-product","3":"status-publish","4":"has-post-thumbnail","6":"product_brand-edea","7":"product_cat-bolsas","9":"first","10":"outofstock","11":"taxable","12":"shipping-taxable","13":"purchasable","14":"product-type-variable"},"ct_brands":[{"id":141,"name":"Edea","slug":"edea"}],"yoast_head":"<!-- This site is optimized with the Yoast SEO plugin v27.5 - https:\/\/yoast.com\/product\/yoast-seo-wordpress\/ -->\n<title>Bolsa Cube - Roller Mania<\/title>\n<meta name=\"robots\" content=\"index, follow, max-snippet:-1, max-image-preview:large, max-video-preview:-1\" \/>\n<link rel=\"canonical\" href=\"https:\/\/roller-mania.it\/es\/producto\/bolsa-cube\/\" \/>\n<meta property=\"og:locale\" content=\"es_ES\" \/>\n<meta property=\"og:type\" content=\"article\" \/>\n<meta property=\"og:title\" content=\"Bolsa Cube - Roller Mania\" \/>\n<meta property=\"og:description\" content=\"Los 2 laterales r\u00edgidos de la BOLSA CUBE dan estructura a la bolsa y cuentan con los logotipos de Edea en relieve. El resto de la bolsa es de un material m\u00e1s suave, para que tambi\u00e9n pueda doblarse y colocarse c\u00f3modamente en una maleta. La bolsa Cube tiene dos bolsillos en los laterales, uno de los cuales tambi\u00e9n tiene espacio para insertar un nombre, mientras que la parte delantera tiene un bolsillo con cremallera. La abertura superior tiene una cremallera doble para mayor comodidad y dispone de un bolsillo superior adicional. Tanto los patines de hielo como los de ruedas pueden guardarse dentro de la bolsa, incluso hasta la talla 290. Los dos bolsillos interiores de malla permiten guardar todos los accesorios que todo deportista necesita en el entrenamiento y la competici\u00f3n.\" \/>\n<meta property=\"og:url\" content=\"https:\/\/roller-mania.it\/es\/producto\/bolsa-cube\/\" \/>\n<meta property=\"og:site_name\" content=\"Roller Mania\" \/>\n<meta property=\"og:image\" content=\"https:\/\/roller-mania.it\/wp-content\/uploads\/2025\/06\/Cube-nero-fronte.jpg\" \/>\n\t<meta property=\"og:image:width\" content=\"1500\" \/>\n\t<meta property=\"og:image:height\" content=\"1500\" \/>\n\t<meta property=\"og:image:type\" content=\"image\/jpeg\" \/>\n<meta name=\"twitter:card\" content=\"summary_large_image\" \/>\n<meta name=\"twitter:label1\" content=\"Tiempo de lectura\" \/>\n\t<meta name=\"twitter:data1\" content=\"1 minuto\" \/>\n<script type=\"application\/ld+json\" class=\"yoast-schema-graph\">{\"@context\":\"https:\\\/\\\/schema.org\",\"@graph\":[{\"@type\":\"WebPage\",\"@id\":\"https:\\\/\\\/roller-mania.it\\\/es\\\/producto\\\/bolsa-cube\\\/\",\"url\":\"https:\\\/\\\/roller-mania.it\\\/es\\\/producto\\\/bolsa-cube\\\/\",\"name\":\"Bolsa Cube - Roller Mania\",\"isPartOf\":{\"@id\":\"https:\\\/\\\/roller-mania.it\\\/#website\"},\"primaryImageOfPage\":{\"@id\":\"https:\\\/\\\/roller-mania.it\\\/es\\\/producto\\\/bolsa-cube\\\/#primaryimage\"},\"image\":{\"@id\":\"https:\\\/\\\/roller-mania.it\\\/es\\\/producto\\\/bolsa-cube\\\/#primaryimage\"},\"thumbnailUrl\":\"https:\\\/\\\/roller-mania.it\\\/wp-content\\\/uploads\\\/2025\\\/06\\\/Cube-nero-fronte.jpg\",\"datePublished\":\"2025-06-24T13:52:58+00:00\",\"breadcrumb\":{\"@id\":\"https:\\\/\\\/roller-mania.it\\\/es\\\/producto\\\/bolsa-cube\\\/#breadcrumb\"},\"inLanguage\":\"es\",\"potentialAction\":[{\"@type\":\"ReadAction\",\"target\":[\"https:\\\/\\\/roller-mania.it\\\/es\\\/producto\\\/bolsa-cube\\\/\"]}]},{\"@type\":\"ImageObject\",\"inLanguage\":\"es\",\"@id\":\"https:\\\/\\\/roller-mania.it\\\/es\\\/producto\\\/bolsa-cube\\\/#primaryimage\",\"url\":\"https:\\\/\\\/roller-mania.it\\\/wp-content\\\/uploads\\\/2025\\\/06\\\/Cube-nero-fronte.jpg\",\"contentUrl\":\"https:\\\/\\\/roller-mania.it\\\/wp-content\\\/uploads\\\/2025\\\/06\\\/Cube-nero-fronte.jpg\",\"width\":1500,\"height\":1500},{\"@type\":\"BreadcrumbList\",\"@id\":\"https:\\\/\\\/roller-mania.it\\\/es\\\/producto\\\/bolsa-cube\\\/#breadcrumb\",\"itemListElement\":[{\"@type\":\"ListItem\",\"position\":1,\"name\":\"Home\",\"item\":\"https:\\\/\\\/roller-mania.it\\\/\"},{\"@type\":\"ListItem\",\"position\":2,\"name\":\"Tienda\",\"item\":\"https:\\\/\\\/roller-mania.it\\\/es\\\/tienda\\\/\"},{\"@type\":\"ListItem\",\"position\":3,\"name\":\"Bolsa Cube\"}]},{\"@type\":\"WebSite\",\"@id\":\"https:\\\/\\\/roller-mania.it\\\/#website\",\"url\":\"https:\\\/\\\/roller-mania.it\\\/\",\"name\":\"Roller Mania\",\"description\":\"\",\"publisher\":{\"@id\":\"https:\\\/\\\/roller-mania.it\\\/#organization\"},\"potentialAction\":[{\"@type\":\"SearchAction\",\"target\":{\"@type\":\"EntryPoint\",\"urlTemplate\":\"https:\\\/\\\/roller-mania.it\\\/?s={search_term_string}\"},\"query-input\":{\"@type\":\"PropertyValueSpecification\",\"valueRequired\":true,\"valueName\":\"search_term_string\"}}],\"inLanguage\":\"es\"},{\"@type\":\"Organization\",\"@id\":\"https:\\\/\\\/roller-mania.it\\\/#organization\",\"name\":\"Roller Mania\",\"url\":\"https:\\\/\\\/roller-mania.it\\\/\",\"logo\":{\"@type\":\"ImageObject\",\"inLanguage\":\"es\",\"@id\":\"https:\\\/\\\/roller-mania.it\\\/#\\\/schema\\\/logo\\\/image\\\/\",\"url\":\"https:\\\/\\\/roller-mania.it\\\/wp-content\\\/uploads\\\/2025\\\/04\\\/Logo.RollerMania.svg\",\"contentUrl\":\"https:\\\/\\\/roller-mania.it\\\/wp-content\\\/uploads\\\/2025\\\/04\\\/Logo.RollerMania.svg\",\"width\":563,\"height\":73,\"caption\":\"Roller Mania\"},\"image\":{\"@id\":\"https:\\\/\\\/roller-mania.it\\\/#\\\/schema\\\/logo\\\/image\\\/\"},\"sameAs\":[\"https:\\\/\\\/www.instagram.com\\\/rollermania_\\\/\"]}]}<\/script>\n<!-- \/ Yoast SEO plugin. -->","yoast_head_json":{"title":"Bolsa Cube - Roller Mania","robots":{"index":"index","follow":"follow","max-snippet":"max-snippet:-1","max-image-preview":"max-image-preview:large","max-video-preview":"max-video-preview:-1"},"canonical":"https:\/\/roller-mania.it\/es\/producto\/bolsa-cube\/","og_locale":"es_ES","og_type":"article","og_title":"Bolsa Cube - Roller Mania","og_description":"Los 2 laterales r\u00edgidos de la BOLSA CUBE dan estructura a la bolsa y cuentan con los logotipos de Edea en relieve. El resto de la bolsa es de un material m\u00e1s suave, para que tambi\u00e9n pueda doblarse y colocarse c\u00f3modamente en una maleta. La bolsa Cube tiene dos bolsillos en los laterales, uno de los cuales tambi\u00e9n tiene espacio para insertar un nombre, mientras que la parte delantera tiene un bolsillo con cremallera. La abertura superior tiene una cremallera doble para mayor comodidad y dispone de un bolsillo superior adicional. Tanto los patines de hielo como los de ruedas pueden guardarse dentro de la bolsa, incluso hasta la talla 290. Los dos bolsillos interiores de malla permiten guardar todos los accesorios que todo deportista necesita en el entrenamiento y la competici\u00f3n.","og_url":"https:\/\/roller-mania.it\/es\/producto\/bolsa-cube\/","og_site_name":"Roller Mania","og_image":[{"width":1500,"height":1500,"url":"https:\/\/roller-mania.it\/wp-content\/uploads\/2025\/06\/Cube-nero-fronte.jpg","type":"image\/jpeg"}],"twitter_card":"summary_large_image","twitter_misc":{"Tiempo de lectura":"1 minuto"},"schema":{"@context":"https:\/\/schema.org","@graph":[{"@type":"WebPage","@id":"https:\/\/roller-mania.it\/es\/producto\/bolsa-cube\/","url":"https:\/\/roller-mania.it\/es\/producto\/bolsa-cube\/","name":"Bolsa Cube - Roller Mania","isPartOf":{"@id":"https:\/\/roller-mania.it\/#website"},"primaryImageOfPage":{"@id":"https:\/\/roller-mania.it\/es\/producto\/bolsa-cube\/#primaryimage"},"image":{"@id":"https:\/\/roller-mania.it\/es\/producto\/bolsa-cube\/#primaryimage"},"thumbnailUrl":"https:\/\/roller-mania.it\/wp-content\/uploads\/2025\/06\/Cube-nero-fronte.jpg","datePublished":"2025-06-24T13:52:58+00:00","breadcrumb":{"@id":"https:\/\/roller-mania.it\/es\/producto\/bolsa-cube\/#breadcrumb"},"inLanguage":"es","potentialAction":[{"@type":"ReadAction","target":["https:\/\/roller-mania.it\/es\/producto\/bolsa-cube\/"]}]},{"@type":"ImageObject","inLanguage":"es","@id":"https:\/\/roller-mania.it\/es\/producto\/bolsa-cube\/#primaryimage","url":"https:\/\/roller-mania.it\/wp-content\/uploads\/2025\/06\/Cube-nero-fronte.jpg","contentUrl":"https:\/\/roller-mania.it\/wp-content\/uploads\/2025\/06\/Cube-nero-fronte.jpg","width":1500,"height":1500},{"@type":"BreadcrumbList","@id":"https:\/\/roller-mania.it\/es\/producto\/bolsa-cube\/#breadcrumb","itemListElement":[{"@type":"ListItem","position":1,"name":"Home","item":"https:\/\/roller-mania.it\/"},{"@type":"ListItem","position":2,"name":"Tienda","item":"https:\/\/roller-mania.it\/es\/tienda\/"},{"@type":"ListItem","position":3,"name":"Bolsa Cube"}]},{"@type":"WebSite","@id":"https:\/\/roller-mania.it\/#website","url":"https:\/\/roller-mania.it\/","name":"Roller Mania","description":"","publisher":{"@id":"https:\/\/roller-mania.it\/#organization"},"potentialAction":[{"@type":"SearchAction","target":{"@type":"EntryPoint","urlTemplate":"https:\/\/roller-mania.it\/?s={search_term_string}"},"query-input":{"@type":"PropertyValueSpecification","valueRequired":true,"valueName":"search_term_string"}}],"inLanguage":"es"},{"@type":"Organization","@id":"https:\/\/roller-mania.it\/#organization","name":"Roller Mania","url":"https:\/\/roller-mania.it\/","logo":{"@type":"ImageObject","inLanguage":"es","@id":"https:\/\/roller-mania.it\/#\/schema\/logo\/image\/","url":"https:\/\/roller-mania.it\/wp-content\/uploads\/2025\/04\/Logo.RollerMania.svg","contentUrl":"https:\/\/roller-mania.it\/wp-content\/uploads\/2025\/04\/Logo.RollerMania.svg","width":563,"height":73,"caption":"Roller Mania"},"image":{"@id":"https:\/\/roller-mania.it\/#\/schema\/logo\/image\/"},"sameAs":["https:\/\/www.instagram.com\/rollermania_\/"]}]}},"_links":{"self":[{"href":"https:\/\/roller-mania.it\/es\/wp-json\/wp\/v2\/product\/11107","targetHints":{"allow":["GET"]}}],"collection":[{"href":"https:\/\/roller-mania.it\/es\/wp-json\/wp\/v2\/product"}],"about":[{"href":"https:\/\/roller-mania.it\/es\/wp-json\/wp\/v2\/types\/product"}],"replies":[{"embeddable":true,"href":"https:\/\/roller-mania.it\/es\/wp-json\/wp\/v2\/comments?post=11107"}],"version-history":[{"count":0,"href":"https:\/\/roller-mania.it\/es\/wp-json\/wp\/v2\/product\/11107\/revisions"}],"wp:featuredmedia":[{"embeddable":true,"href":"https:\/\/roller-mania.it\/es\/wp-json\/wp\/v2\/media\/11103"}],"wp:attachment":[{"href":"https:\/\/roller-mania.it\/es\/wp-json\/wp\/v2\/media?parent=11107"}],"wp:term":[{"taxonomy":"product_brand","embeddable":true,"href":"https:\/\/roller-mania.it\/es\/wp-json\/wp\/v2\/product_brand?post=11107"},{"taxonomy":"product_cat","embeddable":true,"href":"https:\/\/roller-mania.it\/es\/wp-json\/wp\/v2\/product_cat?post=11107"},{"taxonomy":"product_tag","embeddable":true,"href":"https:\/\/roller-mania.it\/es\/wp-json\/wp\/v2\/product_tag?post=11107"}],"curies":[{"name":"wp","href":"https:\/\/api.w.org\/{rel}","templated":true}]}}