{"id":10755,"date":"2025-06-24T13:52:32","date_gmt":"2025-06-24T13:52:32","guid":{"rendered":"https:\/\/roller-mania.it\/prodotto\/ruedas-giotto-57mm\/"},"modified":"2025-06-24T13:52:32","modified_gmt":"2025-06-24T13:52:32","slug":"ruedas-giotto-57mm","status":"publish","type":"product","link":"https:\/\/roller-mania.it\/es\/producto\/ruedas-giotto-57mm\/","title":{"rendered":"Ruedas Giotto 57mm"},"content":{"rendered":"<p>Las ruedas Giotto est\u00e1n dise\u00f1adas para la competici\u00f3n.<br \/>\nRuedas monocasco producidas por inyecci\u00f3n de una mezcla de materiales polim\u00e9ricos termopl\u00e1sticos.<br \/>\nRepresentan un excelente compromiso entre agarre y fluidez gracias a su perfil c\u00f3nico.<br \/>\nEl acabado torneado y el rectificado posterior permiten su uso en competici\u00f3n con un tiempo de adaptaci\u00f3n m\u00ednimo.<br \/>\nLa cubierta cromada aporta brillo y elegancia.<br \/>\nDisponible en cinco durezas (colores).<\/p>\n","protected":false},"excerpt":{"rendered":"<p>Las ruedas Giotto est\u00e1n dise\u00f1adas para la competici\u00f3n. c\u00f3nico.<br \/>\nEl acabado torneado y el rectificado posterior permiten su uso en competici\u00f3n con un tiempo de adaptaci\u00f3n m\u00ednimo. Disponible en cinco durezas (colores).<\/p>\n","protected":false},"featured_media":10754,"comment_status":"open","ping_status":"closed","template":"","meta":[],"product_brand":[132],"product_cat":[1027],"product_tag":[],"class_list":{"0":"post-10755","1":"product","2":"type-product","3":"status-publish","4":"has-post-thumbnail","6":"product_brand-roll-line","7":"product_cat-ruedas","9":"first","10":"instock","11":"featured","12":"taxable","13":"shipping-taxable","14":"purchasable","15":"product-type-variable"},"ct_brands":[{"id":132,"name":"Roll Line","slug":"roll-line"}],"yoast_head":"<!-- This site is optimized with the Yoast SEO plugin v27.3 - https:\/\/yoast.com\/product\/yoast-seo-wordpress\/ -->\n<title>Ruedas Giotto 57mm - Roller Mania<\/title>\n<meta name=\"robots\" content=\"index, follow, max-snippet:-1, max-image-preview:large, max-video-preview:-1\" \/>\n<link rel=\"canonical\" href=\"https:\/\/roller-mania.it\/es\/producto\/ruedas-giotto-57mm\/\" \/>\n<meta property=\"og:locale\" content=\"es_ES\" \/>\n<meta property=\"og:type\" content=\"article\" \/>\n<meta property=\"og:title\" content=\"Ruedas Giotto 57mm - Roller Mania\" \/>\n<meta property=\"og:description\" content=\"Las ruedas Giotto est\u00e1n dise\u00f1adas para la competici\u00f3n. c\u00f3nico. El acabado torneado y el rectificado posterior permiten su uso en competici\u00f3n con un tiempo de adaptaci\u00f3n m\u00ednimo. Disponible en cinco durezas (colores).\" \/>\n<meta property=\"og:url\" content=\"https:\/\/roller-mania.it\/es\/producto\/ruedas-giotto-57mm\/\" \/>\n<meta property=\"og:site_name\" content=\"Roller Mania\" \/>\n<meta property=\"og:image\" content=\"https:\/\/roller-mania.it\/wp-content\/uploads\/2025\/06\/Ruote-Roll-line-Giotto-57.jpg\" \/>\n\t<meta property=\"og:image:width\" content=\"1500\" \/>\n\t<meta property=\"og:image:height\" content=\"1500\" \/>\n\t<meta property=\"og:image:type\" content=\"image\/jpeg\" \/>\n<meta name=\"twitter:card\" content=\"summary_large_image\" \/>\n<script type=\"application\/ld+json\" class=\"yoast-schema-graph\">{\"@context\":\"https:\\\/\\\/schema.org\",\"@graph\":[{\"@type\":\"WebPage\",\"@id\":\"https:\\\/\\\/roller-mania.it\\\/es\\\/producto\\\/ruedas-giotto-57mm\\\/\",\"url\":\"https:\\\/\\\/roller-mania.it\\\/es\\\/producto\\\/ruedas-giotto-57mm\\\/\",\"name\":\"Ruedas Giotto 57mm - Roller Mania\",\"isPartOf\":{\"@id\":\"https:\\\/\\\/roller-mania.it\\\/#website\"},\"primaryImageOfPage\":{\"@id\":\"https:\\\/\\\/roller-mania.it\\\/es\\\/producto\\\/ruedas-giotto-57mm\\\/#primaryimage\"},\"image\":{\"@id\":\"https:\\\/\\\/roller-mania.it\\\/es\\\/producto\\\/ruedas-giotto-57mm\\\/#primaryimage\"},\"thumbnailUrl\":\"https:\\\/\\\/roller-mania.it\\\/wp-content\\\/uploads\\\/2025\\\/06\\\/Ruote-Roll-line-Giotto-57.jpg\",\"datePublished\":\"2025-06-24T13:52:32+00:00\",\"breadcrumb\":{\"@id\":\"https:\\\/\\\/roller-mania.it\\\/es\\\/producto\\\/ruedas-giotto-57mm\\\/#breadcrumb\"},\"inLanguage\":\"es\",\"potentialAction\":[{\"@type\":\"ReadAction\",\"target\":[\"https:\\\/\\\/roller-mania.it\\\/es\\\/producto\\\/ruedas-giotto-57mm\\\/\"]}]},{\"@type\":\"ImageObject\",\"inLanguage\":\"es\",\"@id\":\"https:\\\/\\\/roller-mania.it\\\/es\\\/producto\\\/ruedas-giotto-57mm\\\/#primaryimage\",\"url\":\"https:\\\/\\\/roller-mania.it\\\/wp-content\\\/uploads\\\/2025\\\/06\\\/Ruote-Roll-line-Giotto-57.jpg\",\"contentUrl\":\"https:\\\/\\\/roller-mania.it\\\/wp-content\\\/uploads\\\/2025\\\/06\\\/Ruote-Roll-line-Giotto-57.jpg\",\"width\":1500,\"height\":1500},{\"@type\":\"BreadcrumbList\",\"@id\":\"https:\\\/\\\/roller-mania.it\\\/es\\\/producto\\\/ruedas-giotto-57mm\\\/#breadcrumb\",\"itemListElement\":[{\"@type\":\"ListItem\",\"position\":1,\"name\":\"Home\",\"item\":\"https:\\\/\\\/roller-mania.it\\\/\"},{\"@type\":\"ListItem\",\"position\":2,\"name\":\"Tienda\",\"item\":\"https:\\\/\\\/roller-mania.it\\\/es\\\/tienda\\\/\"},{\"@type\":\"ListItem\",\"position\":3,\"name\":\"Ruedas Giotto 57mm\"}]},{\"@type\":\"WebSite\",\"@id\":\"https:\\\/\\\/roller-mania.it\\\/#website\",\"url\":\"https:\\\/\\\/roller-mania.it\\\/\",\"name\":\"Roller Mania\",\"description\":\"\",\"publisher\":{\"@id\":\"https:\\\/\\\/roller-mania.it\\\/#organization\"},\"potentialAction\":[{\"@type\":\"SearchAction\",\"target\":{\"@type\":\"EntryPoint\",\"urlTemplate\":\"https:\\\/\\\/roller-mania.it\\\/?s={search_term_string}\"},\"query-input\":{\"@type\":\"PropertyValueSpecification\",\"valueRequired\":true,\"valueName\":\"search_term_string\"}}],\"inLanguage\":\"es\"},{\"@type\":\"Organization\",\"@id\":\"https:\\\/\\\/roller-mania.it\\\/#organization\",\"name\":\"Roller Mania\",\"url\":\"https:\\\/\\\/roller-mania.it\\\/\",\"logo\":{\"@type\":\"ImageObject\",\"inLanguage\":\"es\",\"@id\":\"https:\\\/\\\/roller-mania.it\\\/#\\\/schema\\\/logo\\\/image\\\/\",\"url\":\"https:\\\/\\\/roller-mania.it\\\/wp-content\\\/uploads\\\/2025\\\/04\\\/Logo.RollerMania.svg\",\"contentUrl\":\"https:\\\/\\\/roller-mania.it\\\/wp-content\\\/uploads\\\/2025\\\/04\\\/Logo.RollerMania.svg\",\"width\":563,\"height\":73,\"caption\":\"Roller Mania\"},\"image\":{\"@id\":\"https:\\\/\\\/roller-mania.it\\\/#\\\/schema\\\/logo\\\/image\\\/\"},\"sameAs\":[\"https:\\\/\\\/www.instagram.com\\\/rollermania_\\\/\"]}]}<\/script>\n<!-- \/ Yoast SEO plugin. -->","yoast_head_json":{"title":"Ruedas Giotto 57mm - Roller Mania","robots":{"index":"index","follow":"follow","max-snippet":"max-snippet:-1","max-image-preview":"max-image-preview:large","max-video-preview":"max-video-preview:-1"},"canonical":"https:\/\/roller-mania.it\/es\/producto\/ruedas-giotto-57mm\/","og_locale":"es_ES","og_type":"article","og_title":"Ruedas Giotto 57mm - Roller Mania","og_description":"Las ruedas Giotto est\u00e1n dise\u00f1adas para la competici\u00f3n. c\u00f3nico. El acabado torneado y el rectificado posterior permiten su uso en competici\u00f3n con un tiempo de adaptaci\u00f3n m\u00ednimo. Disponible en cinco durezas (colores).","og_url":"https:\/\/roller-mania.it\/es\/producto\/ruedas-giotto-57mm\/","og_site_name":"Roller Mania","og_image":[{"width":1500,"height":1500,"url":"https:\/\/roller-mania.it\/wp-content\/uploads\/2025\/06\/Ruote-Roll-line-Giotto-57.jpg","type":"image\/jpeg"}],"twitter_card":"summary_large_image","schema":{"@context":"https:\/\/schema.org","@graph":[{"@type":"WebPage","@id":"https:\/\/roller-mania.it\/es\/producto\/ruedas-giotto-57mm\/","url":"https:\/\/roller-mania.it\/es\/producto\/ruedas-giotto-57mm\/","name":"Ruedas Giotto 57mm - Roller Mania","isPartOf":{"@id":"https:\/\/roller-mania.it\/#website"},"primaryImageOfPage":{"@id":"https:\/\/roller-mania.it\/es\/producto\/ruedas-giotto-57mm\/#primaryimage"},"image":{"@id":"https:\/\/roller-mania.it\/es\/producto\/ruedas-giotto-57mm\/#primaryimage"},"thumbnailUrl":"https:\/\/roller-mania.it\/wp-content\/uploads\/2025\/06\/Ruote-Roll-line-Giotto-57.jpg","datePublished":"2025-06-24T13:52:32+00:00","breadcrumb":{"@id":"https:\/\/roller-mania.it\/es\/producto\/ruedas-giotto-57mm\/#breadcrumb"},"inLanguage":"es","potentialAction":[{"@type":"ReadAction","target":["https:\/\/roller-mania.it\/es\/producto\/ruedas-giotto-57mm\/"]}]},{"@type":"ImageObject","inLanguage":"es","@id":"https:\/\/roller-mania.it\/es\/producto\/ruedas-giotto-57mm\/#primaryimage","url":"https:\/\/roller-mania.it\/wp-content\/uploads\/2025\/06\/Ruote-Roll-line-Giotto-57.jpg","contentUrl":"https:\/\/roller-mania.it\/wp-content\/uploads\/2025\/06\/Ruote-Roll-line-Giotto-57.jpg","width":1500,"height":1500},{"@type":"BreadcrumbList","@id":"https:\/\/roller-mania.it\/es\/producto\/ruedas-giotto-57mm\/#breadcrumb","itemListElement":[{"@type":"ListItem","position":1,"name":"Home","item":"https:\/\/roller-mania.it\/"},{"@type":"ListItem","position":2,"name":"Tienda","item":"https:\/\/roller-mania.it\/es\/tienda\/"},{"@type":"ListItem","position":3,"name":"Ruedas Giotto 57mm"}]},{"@type":"WebSite","@id":"https:\/\/roller-mania.it\/#website","url":"https:\/\/roller-mania.it\/","name":"Roller Mania","description":"","publisher":{"@id":"https:\/\/roller-mania.it\/#organization"},"potentialAction":[{"@type":"SearchAction","target":{"@type":"EntryPoint","urlTemplate":"https:\/\/roller-mania.it\/?s={search_term_string}"},"query-input":{"@type":"PropertyValueSpecification","valueRequired":true,"valueName":"search_term_string"}}],"inLanguage":"es"},{"@type":"Organization","@id":"https:\/\/roller-mania.it\/#organization","name":"Roller Mania","url":"https:\/\/roller-mania.it\/","logo":{"@type":"ImageObject","inLanguage":"es","@id":"https:\/\/roller-mania.it\/#\/schema\/logo\/image\/","url":"https:\/\/roller-mania.it\/wp-content\/uploads\/2025\/04\/Logo.RollerMania.svg","contentUrl":"https:\/\/roller-mania.it\/wp-content\/uploads\/2025\/04\/Logo.RollerMania.svg","width":563,"height":73,"caption":"Roller Mania"},"image":{"@id":"https:\/\/roller-mania.it\/#\/schema\/logo\/image\/"},"sameAs":["https:\/\/www.instagram.com\/rollermania_\/"]}]}},"_links":{"self":[{"href":"https:\/\/roller-mania.it\/es\/wp-json\/wp\/v2\/product\/10755","targetHints":{"allow":["GET"]}}],"collection":[{"href":"https:\/\/roller-mania.it\/es\/wp-json\/wp\/v2\/product"}],"about":[{"href":"https:\/\/roller-mania.it\/es\/wp-json\/wp\/v2\/types\/product"}],"replies":[{"embeddable":true,"href":"https:\/\/roller-mania.it\/es\/wp-json\/wp\/v2\/comments?post=10755"}],"version-history":[{"count":0,"href":"https:\/\/roller-mania.it\/es\/wp-json\/wp\/v2\/product\/10755\/revisions"}],"wp:featuredmedia":[{"embeddable":true,"href":"https:\/\/roller-mania.it\/es\/wp-json\/wp\/v2\/media\/10754"}],"wp:attachment":[{"href":"https:\/\/roller-mania.it\/es\/wp-json\/wp\/v2\/media?parent=10755"}],"wp:term":[{"taxonomy":"product_brand","embeddable":true,"href":"https:\/\/roller-mania.it\/es\/wp-json\/wp\/v2\/product_brand?post=10755"},{"taxonomy":"product_cat","embeddable":true,"href":"https:\/\/roller-mania.it\/es\/wp-json\/wp\/v2\/product_cat?post=10755"},{"taxonomy":"product_tag","embeddable":true,"href":"https:\/\/roller-mania.it\/es\/wp-json\/wp\/v2\/product_tag?post=10755"}],"curies":[{"name":"wp","href":"https:\/\/api.w.org\/{rel}","templated":true}]}}