{"id":10706,"date":"2025-06-24T13:52:24","date_gmt":"2025-06-24T13:52:24","guid":{"rendered":"https:\/\/roller-mania.it\/prodotto\/zapatilla-flamenco-ice\/"},"modified":"2026-04-09T03:05:19","modified_gmt":"2026-04-09T03:05:19","slug":"bota-flamenco-ice","status":"publish","type":"product","link":"https:\/\/roller-mania.it\/es\/producto\/bota-flamenco-ice\/","title":{"rendered":"Bota Flamenco Ice"},"content":{"rendered":"<p><strong>Creada para bailar<\/strong><br \/>\nLos avances tecnol\u00f3gicos de Flamenco Ice te ofrecen un potencial de r\u00e9cord.<br \/>\nFuerza y elegancia entrelazadas, Flamenco Ice est\u00e1 dise\u00f1ada para ser tu extensi\u00f3n en cada movimiento, acentuando cada l\u00ednea y ejecutando sin esfuerzo cada transici\u00f3n.<\/p>\n<p><strong>Conecta con el hielo<\/strong><br \/>\nLa suela fina, el dise\u00f1o y el uso de materiales con una excelente respuesta el\u00e1stica permiten una transmisi\u00f3n r\u00e1pida y directa de la energ\u00eda a la cuchilla, aumentando as\u00ed el control y la precisi\u00f3n de cada hilo. Los movimientos ser\u00e1n m\u00e1s definidos y amplificados gracias tambi\u00e9n a una mayor estabilidad debida a la bajada del centro de gravedad. No tengas miedo de actuar.<\/p>\n<p><strong>Rendimiento inigualable<\/strong><br \/>\nDisfruta de la m\u00e1xima libertad de movimientos gracias al perfil trasero rebajado y al suave contacto con el tend\u00f3n de Aquiles. Siente c\u00f3mo el acolchado te envuelve y la sujeci\u00f3n anat\u00f3mica mantiene el tal\u00f3n y el pie alineados. Siente el apoyo frontal de la leng\u00fceta en cada transici\u00f3n. Aqu\u00ed est\u00e1 tu compa\u00f1ero perfecto.<\/p>\n<p><strong>Sentir\u00e1s que lo usas desde siempre y te sorprender\u00e1 como nunca<\/strong><br \/>\nDise\u00f1ado para sorprenderte adapt\u00e1ndose a ti de inmediato. El periodo de adaptaci\u00f3n es tan m\u00ednimo que no perder\u00e1s ni un minuto de tu entrenamiento. El forro de microfibra SH se adapta y seca r\u00e1pidamente para que est\u00e9 listo siempre que te lo pongas.<\/p>\n<p><strong>El doble de fluido<\/strong><br \/>\nDise\u00f1ada con la tecnolog\u00eda \u00abDual sole\u00bb, la suela combina dos materiales de \u00faltima generaci\u00f3n de diferentes densidades para amortiguar las vibraciones negativas del hielo y hacer que el patinaje sea m\u00e1s fluido.<\/p>\n","protected":false},"excerpt":{"rendered":"<p><strong>Creada para bailar<\/strong><br \/>\nLos avances tecnol\u00f3gicos de Flamenco Ice te ofrecen un potencial de r\u00e9cord.<br \/>\nFuerza y elegancia entrelazadas, Flamenco Ice est\u00e1 dise\u00f1ada para ser tu extensi\u00f3n en cada movimiento, acentuando cada l\u00ednea y ejecutando sin esfuerzo cada transici\u00f3n.<\/p>\n","protected":false},"featured_media":10705,"comment_status":"open","ping_status":"closed","template":"","meta":[],"product_brand":[141],"product_cat":[990],"product_tag":[],"class_list":{"0":"post-10706","1":"product","2":"type-product","3":"status-publish","4":"has-post-thumbnail","6":"product_brand-edea","7":"product_cat-botas","9":"first","10":"outofstock","11":"taxable","12":"shipping-taxable","13":"purchasable","14":"product-type-variable"},"ct_brands":[{"id":141,"name":"Edea","slug":"edea"}],"yoast_head":"<!-- This site is optimized with the Yoast SEO plugin v27.3 - https:\/\/yoast.com\/product\/yoast-seo-wordpress\/ -->\n<title>Bota Flamenco Ice - Roller Mania<\/title>\n<meta name=\"robots\" content=\"index, follow, max-snippet:-1, max-image-preview:large, max-video-preview:-1\" \/>\n<link rel=\"canonical\" href=\"https:\/\/roller-mania.it\/es\/producto\/bota-flamenco-ice\/\" \/>\n<meta property=\"og:locale\" content=\"es_ES\" \/>\n<meta property=\"og:type\" content=\"article\" \/>\n<meta property=\"og:title\" content=\"Bota Flamenco Ice - Roller Mania\" \/>\n<meta property=\"og:description\" content=\"Creada para bailar Los avances tecnol\u00f3gicos de Flamenco Ice te ofrecen un potencial de r\u00e9cord. Fuerza y elegancia entrelazadas, Flamenco Ice est\u00e1 dise\u00f1ada para ser tu extensi\u00f3n en cada movimiento, acentuando cada l\u00ednea y ejecutando sin esfuerzo cada transici\u00f3n.\" \/>\n<meta property=\"og:url\" content=\"https:\/\/roller-mania.it\/es\/producto\/bota-flamenco-ice\/\" \/>\n<meta property=\"og:site_name\" content=\"Roller Mania\" \/>\n<meta property=\"article:modified_time\" content=\"2026-04-09T03:05:19+00:00\" \/>\n<meta property=\"og:image\" content=\"https:\/\/roller-mania.it\/wp-content\/uploads\/2025\/06\/Edea-Flamenco-ICE.jpg\" \/>\n\t<meta property=\"og:image:width\" content=\"1500\" \/>\n\t<meta property=\"og:image:height\" content=\"1500\" \/>\n\t<meta property=\"og:image:type\" content=\"image\/jpeg\" \/>\n<meta name=\"twitter:card\" content=\"summary_large_image\" \/>\n<meta name=\"twitter:label1\" content=\"Tiempo de lectura\" \/>\n\t<meta name=\"twitter:data1\" content=\"2 minutos\" \/>\n<script type=\"application\/ld+json\" class=\"yoast-schema-graph\">{\"@context\":\"https:\\\/\\\/schema.org\",\"@graph\":[{\"@type\":\"WebPage\",\"@id\":\"https:\\\/\\\/roller-mania.it\\\/es\\\/producto\\\/bota-flamenco-ice\\\/\",\"url\":\"https:\\\/\\\/roller-mania.it\\\/es\\\/producto\\\/bota-flamenco-ice\\\/\",\"name\":\"Bota Flamenco Ice - Roller Mania\",\"isPartOf\":{\"@id\":\"https:\\\/\\\/roller-mania.it\\\/#website\"},\"primaryImageOfPage\":{\"@id\":\"https:\\\/\\\/roller-mania.it\\\/es\\\/producto\\\/bota-flamenco-ice\\\/#primaryimage\"},\"image\":{\"@id\":\"https:\\\/\\\/roller-mania.it\\\/es\\\/producto\\\/bota-flamenco-ice\\\/#primaryimage\"},\"thumbnailUrl\":\"https:\\\/\\\/roller-mania.it\\\/wp-content\\\/uploads\\\/2025\\\/06\\\/Edea-Flamenco-ICE.jpg\",\"datePublished\":\"2025-06-24T13:52:24+00:00\",\"dateModified\":\"2026-04-09T03:05:19+00:00\",\"breadcrumb\":{\"@id\":\"https:\\\/\\\/roller-mania.it\\\/es\\\/producto\\\/bota-flamenco-ice\\\/#breadcrumb\"},\"inLanguage\":\"es\",\"potentialAction\":[{\"@type\":\"ReadAction\",\"target\":[\"https:\\\/\\\/roller-mania.it\\\/es\\\/producto\\\/bota-flamenco-ice\\\/\"]}]},{\"@type\":\"ImageObject\",\"inLanguage\":\"es\",\"@id\":\"https:\\\/\\\/roller-mania.it\\\/es\\\/producto\\\/bota-flamenco-ice\\\/#primaryimage\",\"url\":\"https:\\\/\\\/roller-mania.it\\\/wp-content\\\/uploads\\\/2025\\\/06\\\/Edea-Flamenco-ICE.jpg\",\"contentUrl\":\"https:\\\/\\\/roller-mania.it\\\/wp-content\\\/uploads\\\/2025\\\/06\\\/Edea-Flamenco-ICE.jpg\",\"width\":1500,\"height\":1500},{\"@type\":\"BreadcrumbList\",\"@id\":\"https:\\\/\\\/roller-mania.it\\\/es\\\/producto\\\/bota-flamenco-ice\\\/#breadcrumb\",\"itemListElement\":[{\"@type\":\"ListItem\",\"position\":1,\"name\":\"Home\",\"item\":\"https:\\\/\\\/roller-mania.it\\\/\"},{\"@type\":\"ListItem\",\"position\":2,\"name\":\"Tienda\",\"item\":\"https:\\\/\\\/roller-mania.it\\\/es\\\/tienda\\\/\"},{\"@type\":\"ListItem\",\"position\":3,\"name\":\"Bota Flamenco Ice\"}]},{\"@type\":\"WebSite\",\"@id\":\"https:\\\/\\\/roller-mania.it\\\/#website\",\"url\":\"https:\\\/\\\/roller-mania.it\\\/\",\"name\":\"Roller Mania\",\"description\":\"\",\"publisher\":{\"@id\":\"https:\\\/\\\/roller-mania.it\\\/#organization\"},\"potentialAction\":[{\"@type\":\"SearchAction\",\"target\":{\"@type\":\"EntryPoint\",\"urlTemplate\":\"https:\\\/\\\/roller-mania.it\\\/?s={search_term_string}\"},\"query-input\":{\"@type\":\"PropertyValueSpecification\",\"valueRequired\":true,\"valueName\":\"search_term_string\"}}],\"inLanguage\":\"es\"},{\"@type\":\"Organization\",\"@id\":\"https:\\\/\\\/roller-mania.it\\\/#organization\",\"name\":\"Roller Mania\",\"url\":\"https:\\\/\\\/roller-mania.it\\\/\",\"logo\":{\"@type\":\"ImageObject\",\"inLanguage\":\"es\",\"@id\":\"https:\\\/\\\/roller-mania.it\\\/#\\\/schema\\\/logo\\\/image\\\/\",\"url\":\"https:\\\/\\\/roller-mania.it\\\/wp-content\\\/uploads\\\/2025\\\/04\\\/Logo.RollerMania.svg\",\"contentUrl\":\"https:\\\/\\\/roller-mania.it\\\/wp-content\\\/uploads\\\/2025\\\/04\\\/Logo.RollerMania.svg\",\"width\":563,\"height\":73,\"caption\":\"Roller Mania\"},\"image\":{\"@id\":\"https:\\\/\\\/roller-mania.it\\\/#\\\/schema\\\/logo\\\/image\\\/\"},\"sameAs\":[\"https:\\\/\\\/www.instagram.com\\\/rollermania_\\\/\"]}]}<\/script>\n<!-- \/ Yoast SEO plugin. -->","yoast_head_json":{"title":"Bota Flamenco Ice - Roller Mania","robots":{"index":"index","follow":"follow","max-snippet":"max-snippet:-1","max-image-preview":"max-image-preview:large","max-video-preview":"max-video-preview:-1"},"canonical":"https:\/\/roller-mania.it\/es\/producto\/bota-flamenco-ice\/","og_locale":"es_ES","og_type":"article","og_title":"Bota Flamenco Ice - Roller Mania","og_description":"Creada para bailar Los avances tecnol\u00f3gicos de Flamenco Ice te ofrecen un potencial de r\u00e9cord. Fuerza y elegancia entrelazadas, Flamenco Ice est\u00e1 dise\u00f1ada para ser tu extensi\u00f3n en cada movimiento, acentuando cada l\u00ednea y ejecutando sin esfuerzo cada transici\u00f3n.","og_url":"https:\/\/roller-mania.it\/es\/producto\/bota-flamenco-ice\/","og_site_name":"Roller Mania","article_modified_time":"2026-04-09T03:05:19+00:00","og_image":[{"width":1500,"height":1500,"url":"https:\/\/roller-mania.it\/wp-content\/uploads\/2025\/06\/Edea-Flamenco-ICE.jpg","type":"image\/jpeg"}],"twitter_card":"summary_large_image","twitter_misc":{"Tiempo de lectura":"2 minutos"},"schema":{"@context":"https:\/\/schema.org","@graph":[{"@type":"WebPage","@id":"https:\/\/roller-mania.it\/es\/producto\/bota-flamenco-ice\/","url":"https:\/\/roller-mania.it\/es\/producto\/bota-flamenco-ice\/","name":"Bota Flamenco Ice - Roller Mania","isPartOf":{"@id":"https:\/\/roller-mania.it\/#website"},"primaryImageOfPage":{"@id":"https:\/\/roller-mania.it\/es\/producto\/bota-flamenco-ice\/#primaryimage"},"image":{"@id":"https:\/\/roller-mania.it\/es\/producto\/bota-flamenco-ice\/#primaryimage"},"thumbnailUrl":"https:\/\/roller-mania.it\/wp-content\/uploads\/2025\/06\/Edea-Flamenco-ICE.jpg","datePublished":"2025-06-24T13:52:24+00:00","dateModified":"2026-04-09T03:05:19+00:00","breadcrumb":{"@id":"https:\/\/roller-mania.it\/es\/producto\/bota-flamenco-ice\/#breadcrumb"},"inLanguage":"es","potentialAction":[{"@type":"ReadAction","target":["https:\/\/roller-mania.it\/es\/producto\/bota-flamenco-ice\/"]}]},{"@type":"ImageObject","inLanguage":"es","@id":"https:\/\/roller-mania.it\/es\/producto\/bota-flamenco-ice\/#primaryimage","url":"https:\/\/roller-mania.it\/wp-content\/uploads\/2025\/06\/Edea-Flamenco-ICE.jpg","contentUrl":"https:\/\/roller-mania.it\/wp-content\/uploads\/2025\/06\/Edea-Flamenco-ICE.jpg","width":1500,"height":1500},{"@type":"BreadcrumbList","@id":"https:\/\/roller-mania.it\/es\/producto\/bota-flamenco-ice\/#breadcrumb","itemListElement":[{"@type":"ListItem","position":1,"name":"Home","item":"https:\/\/roller-mania.it\/"},{"@type":"ListItem","position":2,"name":"Tienda","item":"https:\/\/roller-mania.it\/es\/tienda\/"},{"@type":"ListItem","position":3,"name":"Bota Flamenco Ice"}]},{"@type":"WebSite","@id":"https:\/\/roller-mania.it\/#website","url":"https:\/\/roller-mania.it\/","name":"Roller Mania","description":"","publisher":{"@id":"https:\/\/roller-mania.it\/#organization"},"potentialAction":[{"@type":"SearchAction","target":{"@type":"EntryPoint","urlTemplate":"https:\/\/roller-mania.it\/?s={search_term_string}"},"query-input":{"@type":"PropertyValueSpecification","valueRequired":true,"valueName":"search_term_string"}}],"inLanguage":"es"},{"@type":"Organization","@id":"https:\/\/roller-mania.it\/#organization","name":"Roller Mania","url":"https:\/\/roller-mania.it\/","logo":{"@type":"ImageObject","inLanguage":"es","@id":"https:\/\/roller-mania.it\/#\/schema\/logo\/image\/","url":"https:\/\/roller-mania.it\/wp-content\/uploads\/2025\/04\/Logo.RollerMania.svg","contentUrl":"https:\/\/roller-mania.it\/wp-content\/uploads\/2025\/04\/Logo.RollerMania.svg","width":563,"height":73,"caption":"Roller Mania"},"image":{"@id":"https:\/\/roller-mania.it\/#\/schema\/logo\/image\/"},"sameAs":["https:\/\/www.instagram.com\/rollermania_\/"]}]}},"_links":{"self":[{"href":"https:\/\/roller-mania.it\/es\/wp-json\/wp\/v2\/product\/10706","targetHints":{"allow":["GET"]}}],"collection":[{"href":"https:\/\/roller-mania.it\/es\/wp-json\/wp\/v2\/product"}],"about":[{"href":"https:\/\/roller-mania.it\/es\/wp-json\/wp\/v2\/types\/product"}],"replies":[{"embeddable":true,"href":"https:\/\/roller-mania.it\/es\/wp-json\/wp\/v2\/comments?post=10706"}],"version-history":[{"count":2,"href":"https:\/\/roller-mania.it\/es\/wp-json\/wp\/v2\/product\/10706\/revisions"}],"predecessor-version":[{"id":12629,"href":"https:\/\/roller-mania.it\/es\/wp-json\/wp\/v2\/product\/10706\/revisions\/12629"}],"wp:featuredmedia":[{"embeddable":true,"href":"https:\/\/roller-mania.it\/es\/wp-json\/wp\/v2\/media\/10705"}],"wp:attachment":[{"href":"https:\/\/roller-mania.it\/es\/wp-json\/wp\/v2\/media?parent=10706"}],"wp:term":[{"taxonomy":"product_brand","embeddable":true,"href":"https:\/\/roller-mania.it\/es\/wp-json\/wp\/v2\/product_brand?post=10706"},{"taxonomy":"product_cat","embeddable":true,"href":"https:\/\/roller-mania.it\/es\/wp-json\/wp\/v2\/product_cat?post=10706"},{"taxonomy":"product_tag","embeddable":true,"href":"https:\/\/roller-mania.it\/es\/wp-json\/wp\/v2\/product_tag?post=10706"}],"curies":[{"name":"wp","href":"https:\/\/api.w.org\/{rel}","templated":true}]}}