{"id":10677,"date":"2025-06-24T13:52:20","date_gmt":"2025-06-24T13:52:20","guid":{"rendered":"https:\/\/roller-mania.it\/prodotto\/zapatilla-classica\/"},"modified":"2026-04-09T03:06:06","modified_gmt":"2026-04-09T03:06:06","slug":"bota-classica","status":"publish","type":"product","link":"https:\/\/roller-mania.it\/es\/producto\/bota-classica\/","title":{"rendered":"Bota Classica"},"content":{"rendered":"<p>Classica ha sido creada para bailar. Su flexibilidad te da libertad para expresarte, su dise\u00f1o y sus materiales innovadores te proporcionan la precisi\u00f3n que necesitas. La nueva suela Freedom desplaza el centro de gravedad m\u00e1s hacia el centro, proporcion\u00e1ndote a\u00fan m\u00e1s estabilidad y velocidad al realizar cambios. Solo tienes que a\u00f1adir m\u00fasica.<\/p>\n<p><strong>L\u00edneas perfectas<\/strong><br \/>\nEl perfil trasero rebajado permite unas l\u00edneas perfectas. No solo eso, sino que el rendimiento va de la mano de la comodidad que proporciona el cuello acolchado y forrado con Air-Tech.<br \/>\nQu\u00e9 aplomo<\/p>\n<p><strong>Dise\u00f1ado para bailar con una precisi\u00f3n impecable.<\/strong><br \/>\nLa carcasa anat\u00f3mica bloquea el tal\u00f3n y te mantiene alineado, la leng\u00fceta y la estructura siguen todos tus movimientos, la suela Freedom acorta tu tiempo de reacci\u00f3n y da m\u00e1s gracia a tus movimientos. M\u00e1ximo control para el m\u00e1ximo equilibrio.<\/p>\n<p><strong>Super Dry<\/strong><br \/>\nLa suela perforada permite la entrada de aire fresco, mientras que el forro Air Tech te mantiene seco. Ahora nadie te detendr\u00e1.<\/p>\n<p><strong>Sencillamente bella<\/strong><br \/>\nAl igual que el peque\u00f1o vestido negro, es la sencilla elegancia de Classica lo que le confiere su atractivo atemporal. Menos es m\u00e1s.<\/p>\n","protected":false},"excerpt":{"rendered":"<p>Classica ha sido creada para bailar. Su flexibilidad te da libertad para expresarte, su dise\u00f1o y sus materiales innovadores te proporcionan la precisi\u00f3n que necesitas. La nueva suela Freedom desplaza el centro de gravedad m\u00e1s hacia el centro, proporcion\u00e1ndote a\u00fan m\u00e1s estabilidad y velocidad al realizar cambios. Solo tienes que a\u00f1adir m\u00fasica.<\/p>\n","protected":false},"featured_media":10676,"comment_status":"open","ping_status":"closed","template":"","meta":[],"product_brand":[141],"product_cat":[990],"product_tag":[],"class_list":{"0":"post-10677","1":"product","2":"type-product","3":"status-publish","4":"has-post-thumbnail","6":"product_brand-edea","7":"product_cat-botas","9":"first","10":"instock","11":"taxable","12":"shipping-taxable","13":"purchasable","14":"product-type-variable"},"ct_brands":[{"id":141,"name":"Edea","slug":"edea"}],"yoast_head":"<!-- This site is optimized with the Yoast SEO plugin v27.3 - https:\/\/yoast.com\/product\/yoast-seo-wordpress\/ -->\n<title>Bota Classica - Roller Mania<\/title>\n<meta name=\"robots\" content=\"index, follow, max-snippet:-1, max-image-preview:large, max-video-preview:-1\" \/>\n<link rel=\"canonical\" href=\"https:\/\/roller-mania.it\/es\/producto\/bota-classica\/\" \/>\n<meta property=\"og:locale\" content=\"es_ES\" \/>\n<meta property=\"og:type\" content=\"article\" \/>\n<meta property=\"og:title\" content=\"Bota Classica - Roller Mania\" \/>\n<meta property=\"og:description\" content=\"Classica ha sido creada para bailar. Su flexibilidad te da libertad para expresarte, su dise\u00f1o y sus materiales innovadores te proporcionan la precisi\u00f3n que necesitas. La nueva suela Freedom desplaza el centro de gravedad m\u00e1s hacia el centro, proporcion\u00e1ndote a\u00fan m\u00e1s estabilidad y velocidad al realizar cambios. Solo tienes que a\u00f1adir m\u00fasica.\" \/>\n<meta property=\"og:url\" content=\"https:\/\/roller-mania.it\/es\/producto\/bota-classica\/\" \/>\n<meta property=\"og:site_name\" content=\"Roller Mania\" \/>\n<meta property=\"article:modified_time\" content=\"2026-04-09T03:06:06+00:00\" \/>\n<meta property=\"og:image\" content=\"https:\/\/roller-mania.it\/wp-content\/uploads\/2025\/06\/Edea-Classica.jpg\" \/>\n\t<meta property=\"og:image:width\" content=\"1500\" \/>\n\t<meta property=\"og:image:height\" content=\"1500\" \/>\n\t<meta property=\"og:image:type\" content=\"image\/jpeg\" \/>\n<meta name=\"twitter:card\" content=\"summary_large_image\" \/>\n<meta name=\"twitter:label1\" content=\"Tiempo de lectura\" \/>\n\t<meta name=\"twitter:data1\" content=\"2 minutos\" \/>\n<script type=\"application\/ld+json\" class=\"yoast-schema-graph\">{\"@context\":\"https:\\\/\\\/schema.org\",\"@graph\":[{\"@type\":\"WebPage\",\"@id\":\"https:\\\/\\\/roller-mania.it\\\/es\\\/producto\\\/bota-classica\\\/\",\"url\":\"https:\\\/\\\/roller-mania.it\\\/es\\\/producto\\\/bota-classica\\\/\",\"name\":\"Bota Classica - Roller Mania\",\"isPartOf\":{\"@id\":\"https:\\\/\\\/roller-mania.it\\\/#website\"},\"primaryImageOfPage\":{\"@id\":\"https:\\\/\\\/roller-mania.it\\\/es\\\/producto\\\/bota-classica\\\/#primaryimage\"},\"image\":{\"@id\":\"https:\\\/\\\/roller-mania.it\\\/es\\\/producto\\\/bota-classica\\\/#primaryimage\"},\"thumbnailUrl\":\"https:\\\/\\\/roller-mania.it\\\/wp-content\\\/uploads\\\/2025\\\/06\\\/Edea-Classica.jpg\",\"datePublished\":\"2025-06-24T13:52:20+00:00\",\"dateModified\":\"2026-04-09T03:06:06+00:00\",\"breadcrumb\":{\"@id\":\"https:\\\/\\\/roller-mania.it\\\/es\\\/producto\\\/bota-classica\\\/#breadcrumb\"},\"inLanguage\":\"es\",\"potentialAction\":[{\"@type\":\"ReadAction\",\"target\":[\"https:\\\/\\\/roller-mania.it\\\/es\\\/producto\\\/bota-classica\\\/\"]}]},{\"@type\":\"ImageObject\",\"inLanguage\":\"es\",\"@id\":\"https:\\\/\\\/roller-mania.it\\\/es\\\/producto\\\/bota-classica\\\/#primaryimage\",\"url\":\"https:\\\/\\\/roller-mania.it\\\/wp-content\\\/uploads\\\/2025\\\/06\\\/Edea-Classica.jpg\",\"contentUrl\":\"https:\\\/\\\/roller-mania.it\\\/wp-content\\\/uploads\\\/2025\\\/06\\\/Edea-Classica.jpg\",\"width\":1500,\"height\":1500},{\"@type\":\"BreadcrumbList\",\"@id\":\"https:\\\/\\\/roller-mania.it\\\/es\\\/producto\\\/bota-classica\\\/#breadcrumb\",\"itemListElement\":[{\"@type\":\"ListItem\",\"position\":1,\"name\":\"Home\",\"item\":\"https:\\\/\\\/roller-mania.it\\\/\"},{\"@type\":\"ListItem\",\"position\":2,\"name\":\"Tienda\",\"item\":\"https:\\\/\\\/roller-mania.it\\\/es\\\/tienda\\\/\"},{\"@type\":\"ListItem\",\"position\":3,\"name\":\"Bota Classica\"}]},{\"@type\":\"WebSite\",\"@id\":\"https:\\\/\\\/roller-mania.it\\\/#website\",\"url\":\"https:\\\/\\\/roller-mania.it\\\/\",\"name\":\"Roller Mania\",\"description\":\"\",\"publisher\":{\"@id\":\"https:\\\/\\\/roller-mania.it\\\/#organization\"},\"potentialAction\":[{\"@type\":\"SearchAction\",\"target\":{\"@type\":\"EntryPoint\",\"urlTemplate\":\"https:\\\/\\\/roller-mania.it\\\/?s={search_term_string}\"},\"query-input\":{\"@type\":\"PropertyValueSpecification\",\"valueRequired\":true,\"valueName\":\"search_term_string\"}}],\"inLanguage\":\"es\"},{\"@type\":\"Organization\",\"@id\":\"https:\\\/\\\/roller-mania.it\\\/#organization\",\"name\":\"Roller Mania\",\"url\":\"https:\\\/\\\/roller-mania.it\\\/\",\"logo\":{\"@type\":\"ImageObject\",\"inLanguage\":\"es\",\"@id\":\"https:\\\/\\\/roller-mania.it\\\/#\\\/schema\\\/logo\\\/image\\\/\",\"url\":\"https:\\\/\\\/roller-mania.it\\\/wp-content\\\/uploads\\\/2025\\\/04\\\/Logo.RollerMania.svg\",\"contentUrl\":\"https:\\\/\\\/roller-mania.it\\\/wp-content\\\/uploads\\\/2025\\\/04\\\/Logo.RollerMania.svg\",\"width\":563,\"height\":73,\"caption\":\"Roller Mania\"},\"image\":{\"@id\":\"https:\\\/\\\/roller-mania.it\\\/#\\\/schema\\\/logo\\\/image\\\/\"},\"sameAs\":[\"https:\\\/\\\/www.instagram.com\\\/rollermania_\\\/\"]}]}<\/script>\n<!-- \/ Yoast SEO plugin. -->","yoast_head_json":{"title":"Bota Classica - Roller Mania","robots":{"index":"index","follow":"follow","max-snippet":"max-snippet:-1","max-image-preview":"max-image-preview:large","max-video-preview":"max-video-preview:-1"},"canonical":"https:\/\/roller-mania.it\/es\/producto\/bota-classica\/","og_locale":"es_ES","og_type":"article","og_title":"Bota Classica - Roller Mania","og_description":"Classica ha sido creada para bailar. Su flexibilidad te da libertad para expresarte, su dise\u00f1o y sus materiales innovadores te proporcionan la precisi\u00f3n que necesitas. La nueva suela Freedom desplaza el centro de gravedad m\u00e1s hacia el centro, proporcion\u00e1ndote a\u00fan m\u00e1s estabilidad y velocidad al realizar cambios. Solo tienes que a\u00f1adir m\u00fasica.","og_url":"https:\/\/roller-mania.it\/es\/producto\/bota-classica\/","og_site_name":"Roller Mania","article_modified_time":"2026-04-09T03:06:06+00:00","og_image":[{"width":1500,"height":1500,"url":"https:\/\/roller-mania.it\/wp-content\/uploads\/2025\/06\/Edea-Classica.jpg","type":"image\/jpeg"}],"twitter_card":"summary_large_image","twitter_misc":{"Tiempo de lectura":"2 minutos"},"schema":{"@context":"https:\/\/schema.org","@graph":[{"@type":"WebPage","@id":"https:\/\/roller-mania.it\/es\/producto\/bota-classica\/","url":"https:\/\/roller-mania.it\/es\/producto\/bota-classica\/","name":"Bota Classica - Roller Mania","isPartOf":{"@id":"https:\/\/roller-mania.it\/#website"},"primaryImageOfPage":{"@id":"https:\/\/roller-mania.it\/es\/producto\/bota-classica\/#primaryimage"},"image":{"@id":"https:\/\/roller-mania.it\/es\/producto\/bota-classica\/#primaryimage"},"thumbnailUrl":"https:\/\/roller-mania.it\/wp-content\/uploads\/2025\/06\/Edea-Classica.jpg","datePublished":"2025-06-24T13:52:20+00:00","dateModified":"2026-04-09T03:06:06+00:00","breadcrumb":{"@id":"https:\/\/roller-mania.it\/es\/producto\/bota-classica\/#breadcrumb"},"inLanguage":"es","potentialAction":[{"@type":"ReadAction","target":["https:\/\/roller-mania.it\/es\/producto\/bota-classica\/"]}]},{"@type":"ImageObject","inLanguage":"es","@id":"https:\/\/roller-mania.it\/es\/producto\/bota-classica\/#primaryimage","url":"https:\/\/roller-mania.it\/wp-content\/uploads\/2025\/06\/Edea-Classica.jpg","contentUrl":"https:\/\/roller-mania.it\/wp-content\/uploads\/2025\/06\/Edea-Classica.jpg","width":1500,"height":1500},{"@type":"BreadcrumbList","@id":"https:\/\/roller-mania.it\/es\/producto\/bota-classica\/#breadcrumb","itemListElement":[{"@type":"ListItem","position":1,"name":"Home","item":"https:\/\/roller-mania.it\/"},{"@type":"ListItem","position":2,"name":"Tienda","item":"https:\/\/roller-mania.it\/es\/tienda\/"},{"@type":"ListItem","position":3,"name":"Bota Classica"}]},{"@type":"WebSite","@id":"https:\/\/roller-mania.it\/#website","url":"https:\/\/roller-mania.it\/","name":"Roller Mania","description":"","publisher":{"@id":"https:\/\/roller-mania.it\/#organization"},"potentialAction":[{"@type":"SearchAction","target":{"@type":"EntryPoint","urlTemplate":"https:\/\/roller-mania.it\/?s={search_term_string}"},"query-input":{"@type":"PropertyValueSpecification","valueRequired":true,"valueName":"search_term_string"}}],"inLanguage":"es"},{"@type":"Organization","@id":"https:\/\/roller-mania.it\/#organization","name":"Roller Mania","url":"https:\/\/roller-mania.it\/","logo":{"@type":"ImageObject","inLanguage":"es","@id":"https:\/\/roller-mania.it\/#\/schema\/logo\/image\/","url":"https:\/\/roller-mania.it\/wp-content\/uploads\/2025\/04\/Logo.RollerMania.svg","contentUrl":"https:\/\/roller-mania.it\/wp-content\/uploads\/2025\/04\/Logo.RollerMania.svg","width":563,"height":73,"caption":"Roller Mania"},"image":{"@id":"https:\/\/roller-mania.it\/#\/schema\/logo\/image\/"},"sameAs":["https:\/\/www.instagram.com\/rollermania_\/"]}]}},"_links":{"self":[{"href":"https:\/\/roller-mania.it\/es\/wp-json\/wp\/v2\/product\/10677","targetHints":{"allow":["GET"]}}],"collection":[{"href":"https:\/\/roller-mania.it\/es\/wp-json\/wp\/v2\/product"}],"about":[{"href":"https:\/\/roller-mania.it\/es\/wp-json\/wp\/v2\/types\/product"}],"replies":[{"embeddable":true,"href":"https:\/\/roller-mania.it\/es\/wp-json\/wp\/v2\/comments?post=10677"}],"version-history":[{"count":2,"href":"https:\/\/roller-mania.it\/es\/wp-json\/wp\/v2\/product\/10677\/revisions"}],"predecessor-version":[{"id":12630,"href":"https:\/\/roller-mania.it\/es\/wp-json\/wp\/v2\/product\/10677\/revisions\/12630"}],"wp:featuredmedia":[{"embeddable":true,"href":"https:\/\/roller-mania.it\/es\/wp-json\/wp\/v2\/media\/10676"}],"wp:attachment":[{"href":"https:\/\/roller-mania.it\/es\/wp-json\/wp\/v2\/media?parent=10677"}],"wp:term":[{"taxonomy":"product_brand","embeddable":true,"href":"https:\/\/roller-mania.it\/es\/wp-json\/wp\/v2\/product_brand?post=10677"},{"taxonomy":"product_cat","embeddable":true,"href":"https:\/\/roller-mania.it\/es\/wp-json\/wp\/v2\/product_cat?post=10677"},{"taxonomy":"product_tag","embeddable":true,"href":"https:\/\/roller-mania.it\/es\/wp-json\/wp\/v2\/product_tag?post=10677"}],"curies":[{"name":"wp","href":"https:\/\/api.w.org\/{rel}","templated":true}]}}