{"id":10566,"date":"2025-06-24T13:52:12","date_gmt":"2025-06-24T13:52:12","guid":{"rendered":"https:\/\/roller-mania.it\/prodotto\/zapatillas-motivo\/"},"modified":"2026-04-09T03:07:04","modified_gmt":"2026-04-09T03:07:04","slug":"bota-motivo","status":"publish","type":"product","link":"https:\/\/roller-mania.it\/es\/producto\/bota-motivo\/","title":{"rendered":"Bota Motivo"},"content":{"rendered":"<p>Los grandes \u00e9xitos empiezan aqu\u00ed. Gracias a su dise\u00f1o innovador y ligero, podr\u00e1s perfeccionar nuevas habilidades sin dejar de divertirte.<br \/>\nHaz tuyos nuevos elementos, controla mejor los hilos y da fluidez a tus movimientos. Gracias a su dise\u00f1o innovador y al uso de materiales de alto rendimiento, la transmisi\u00f3n de tu fuerza a la cuchilla es m\u00e1s directa. Motivo est\u00e1 construido con una suela fina y un centro de gravedad m\u00e1s bajo para que tengas m\u00e1s estabilidad en cada paso que des.<br \/>\nSiente la comodidad del forro acolchado que te envuelve y los suaves acolchados que mantienen el pie en su sitio. La estructura moldeada de la bota mantiene el pie en la posici\u00f3n correcta y la leng\u00fceta blanda te permite flexionar con facilidad. Un excelente comienzo.<br \/>\nMotivo ofrece las mismas ventajas que los dem\u00e1s modelos en cuanto a ligereza, rapidez y f\u00e1cil adaptabilidad, porque queremos dar las m\u00e1ximas prestaciones a todos los niveles. Siempre tendr\u00e1s una bota lista para ti.<br \/>\nCrea tu combinaci\u00f3n ideal eligiendo entre las cuchillas Balanc\u00e8, Rotation y Charme.<\/p>\n","protected":false},"excerpt":{"rendered":"<p>Los grandes \u00e9xitos empiezan aqu\u00ed. Gracias a su dise\u00f1o innovador y ligero, podr\u00e1s perfeccionar nuevas habilidades sin dejar de divertirte.<br \/>\nHaz tuyos nuevos elementos, controla mejor los hilos y da fluidez a tus movimientos.<\/p>\n","protected":false},"featured_media":10565,"comment_status":"open","ping_status":"closed","template":"","meta":[],"product_brand":[141],"product_cat":[990],"product_tag":[],"class_list":{"0":"post-10566","1":"product","2":"type-product","3":"status-publish","4":"has-post-thumbnail","6":"product_brand-edea","7":"product_cat-botas","9":"first","10":"instock","11":"taxable","12":"shipping-taxable","13":"purchasable","14":"product-type-variable"},"ct_brands":[{"id":141,"name":"Edea","slug":"edea"}],"yoast_head":"<!-- This site is optimized with the Yoast SEO plugin v27.3 - https:\/\/yoast.com\/product\/yoast-seo-wordpress\/ -->\n<title>Bota Motivo - Roller Mania<\/title>\n<meta name=\"robots\" content=\"index, follow, max-snippet:-1, max-image-preview:large, max-video-preview:-1\" \/>\n<link rel=\"canonical\" href=\"https:\/\/roller-mania.it\/es\/producto\/bota-motivo\/\" \/>\n<meta property=\"og:locale\" content=\"es_ES\" \/>\n<meta property=\"og:type\" content=\"article\" \/>\n<meta property=\"og:title\" content=\"Bota Motivo - Roller Mania\" \/>\n<meta property=\"og:description\" content=\"Los grandes \u00e9xitos empiezan aqu\u00ed. Gracias a su dise\u00f1o innovador y ligero, podr\u00e1s perfeccionar nuevas habilidades sin dejar de divertirte. Haz tuyos nuevos elementos, controla mejor los hilos y da fluidez a tus movimientos.\" \/>\n<meta property=\"og:url\" content=\"https:\/\/roller-mania.it\/es\/producto\/bota-motivo\/\" \/>\n<meta property=\"og:site_name\" content=\"Roller Mania\" \/>\n<meta property=\"article:modified_time\" content=\"2026-04-09T03:07:04+00:00\" \/>\n<meta property=\"og:image\" content=\"https:\/\/roller-mania.it\/wp-content\/uploads\/2025\/06\/Edea-Motivo.jpg\" \/>\n\t<meta property=\"og:image:width\" content=\"1500\" \/>\n\t<meta property=\"og:image:height\" content=\"1500\" \/>\n\t<meta property=\"og:image:type\" content=\"image\/jpeg\" \/>\n<meta name=\"twitter:card\" content=\"summary_large_image\" \/>\n<meta name=\"twitter:label1\" content=\"Tiempo de lectura\" \/>\n\t<meta name=\"twitter:data1\" content=\"2 minutos\" \/>\n<script type=\"application\/ld+json\" class=\"yoast-schema-graph\">{\"@context\":\"https:\\\/\\\/schema.org\",\"@graph\":[{\"@type\":\"WebPage\",\"@id\":\"https:\\\/\\\/roller-mania.it\\\/es\\\/producto\\\/bota-motivo\\\/\",\"url\":\"https:\\\/\\\/roller-mania.it\\\/es\\\/producto\\\/bota-motivo\\\/\",\"name\":\"Bota Motivo - Roller Mania\",\"isPartOf\":{\"@id\":\"https:\\\/\\\/roller-mania.it\\\/#website\"},\"primaryImageOfPage\":{\"@id\":\"https:\\\/\\\/roller-mania.it\\\/es\\\/producto\\\/bota-motivo\\\/#primaryimage\"},\"image\":{\"@id\":\"https:\\\/\\\/roller-mania.it\\\/es\\\/producto\\\/bota-motivo\\\/#primaryimage\"},\"thumbnailUrl\":\"https:\\\/\\\/roller-mania.it\\\/wp-content\\\/uploads\\\/2025\\\/06\\\/Edea-Motivo.jpg\",\"datePublished\":\"2025-06-24T13:52:12+00:00\",\"dateModified\":\"2026-04-09T03:07:04+00:00\",\"breadcrumb\":{\"@id\":\"https:\\\/\\\/roller-mania.it\\\/es\\\/producto\\\/bota-motivo\\\/#breadcrumb\"},\"inLanguage\":\"es\",\"potentialAction\":[{\"@type\":\"ReadAction\",\"target\":[\"https:\\\/\\\/roller-mania.it\\\/es\\\/producto\\\/bota-motivo\\\/\"]}]},{\"@type\":\"ImageObject\",\"inLanguage\":\"es\",\"@id\":\"https:\\\/\\\/roller-mania.it\\\/es\\\/producto\\\/bota-motivo\\\/#primaryimage\",\"url\":\"https:\\\/\\\/roller-mania.it\\\/wp-content\\\/uploads\\\/2025\\\/06\\\/Edea-Motivo.jpg\",\"contentUrl\":\"https:\\\/\\\/roller-mania.it\\\/wp-content\\\/uploads\\\/2025\\\/06\\\/Edea-Motivo.jpg\",\"width\":1500,\"height\":1500},{\"@type\":\"BreadcrumbList\",\"@id\":\"https:\\\/\\\/roller-mania.it\\\/es\\\/producto\\\/bota-motivo\\\/#breadcrumb\",\"itemListElement\":[{\"@type\":\"ListItem\",\"position\":1,\"name\":\"Home\",\"item\":\"https:\\\/\\\/roller-mania.it\\\/\"},{\"@type\":\"ListItem\",\"position\":2,\"name\":\"Tienda\",\"item\":\"https:\\\/\\\/roller-mania.it\\\/es\\\/tienda\\\/\"},{\"@type\":\"ListItem\",\"position\":3,\"name\":\"Bota Motivo\"}]},{\"@type\":\"WebSite\",\"@id\":\"https:\\\/\\\/roller-mania.it\\\/#website\",\"url\":\"https:\\\/\\\/roller-mania.it\\\/\",\"name\":\"Roller Mania\",\"description\":\"\",\"publisher\":{\"@id\":\"https:\\\/\\\/roller-mania.it\\\/#organization\"},\"potentialAction\":[{\"@type\":\"SearchAction\",\"target\":{\"@type\":\"EntryPoint\",\"urlTemplate\":\"https:\\\/\\\/roller-mania.it\\\/?s={search_term_string}\"},\"query-input\":{\"@type\":\"PropertyValueSpecification\",\"valueRequired\":true,\"valueName\":\"search_term_string\"}}],\"inLanguage\":\"es\"},{\"@type\":\"Organization\",\"@id\":\"https:\\\/\\\/roller-mania.it\\\/#organization\",\"name\":\"Roller Mania\",\"url\":\"https:\\\/\\\/roller-mania.it\\\/\",\"logo\":{\"@type\":\"ImageObject\",\"inLanguage\":\"es\",\"@id\":\"https:\\\/\\\/roller-mania.it\\\/#\\\/schema\\\/logo\\\/image\\\/\",\"url\":\"https:\\\/\\\/roller-mania.it\\\/wp-content\\\/uploads\\\/2025\\\/04\\\/Logo.RollerMania.svg\",\"contentUrl\":\"https:\\\/\\\/roller-mania.it\\\/wp-content\\\/uploads\\\/2025\\\/04\\\/Logo.RollerMania.svg\",\"width\":563,\"height\":73,\"caption\":\"Roller Mania\"},\"image\":{\"@id\":\"https:\\\/\\\/roller-mania.it\\\/#\\\/schema\\\/logo\\\/image\\\/\"},\"sameAs\":[\"https:\\\/\\\/www.instagram.com\\\/rollermania_\\\/\"]}]}<\/script>\n<!-- \/ Yoast SEO plugin. -->","yoast_head_json":{"title":"Bota Motivo - Roller Mania","robots":{"index":"index","follow":"follow","max-snippet":"max-snippet:-1","max-image-preview":"max-image-preview:large","max-video-preview":"max-video-preview:-1"},"canonical":"https:\/\/roller-mania.it\/es\/producto\/bota-motivo\/","og_locale":"es_ES","og_type":"article","og_title":"Bota Motivo - Roller Mania","og_description":"Los grandes \u00e9xitos empiezan aqu\u00ed. Gracias a su dise\u00f1o innovador y ligero, podr\u00e1s perfeccionar nuevas habilidades sin dejar de divertirte. Haz tuyos nuevos elementos, controla mejor los hilos y da fluidez a tus movimientos.","og_url":"https:\/\/roller-mania.it\/es\/producto\/bota-motivo\/","og_site_name":"Roller Mania","article_modified_time":"2026-04-09T03:07:04+00:00","og_image":[{"width":1500,"height":1500,"url":"https:\/\/roller-mania.it\/wp-content\/uploads\/2025\/06\/Edea-Motivo.jpg","type":"image\/jpeg"}],"twitter_card":"summary_large_image","twitter_misc":{"Tiempo de lectura":"2 minutos"},"schema":{"@context":"https:\/\/schema.org","@graph":[{"@type":"WebPage","@id":"https:\/\/roller-mania.it\/es\/producto\/bota-motivo\/","url":"https:\/\/roller-mania.it\/es\/producto\/bota-motivo\/","name":"Bota Motivo - Roller Mania","isPartOf":{"@id":"https:\/\/roller-mania.it\/#website"},"primaryImageOfPage":{"@id":"https:\/\/roller-mania.it\/es\/producto\/bota-motivo\/#primaryimage"},"image":{"@id":"https:\/\/roller-mania.it\/es\/producto\/bota-motivo\/#primaryimage"},"thumbnailUrl":"https:\/\/roller-mania.it\/wp-content\/uploads\/2025\/06\/Edea-Motivo.jpg","datePublished":"2025-06-24T13:52:12+00:00","dateModified":"2026-04-09T03:07:04+00:00","breadcrumb":{"@id":"https:\/\/roller-mania.it\/es\/producto\/bota-motivo\/#breadcrumb"},"inLanguage":"es","potentialAction":[{"@type":"ReadAction","target":["https:\/\/roller-mania.it\/es\/producto\/bota-motivo\/"]}]},{"@type":"ImageObject","inLanguage":"es","@id":"https:\/\/roller-mania.it\/es\/producto\/bota-motivo\/#primaryimage","url":"https:\/\/roller-mania.it\/wp-content\/uploads\/2025\/06\/Edea-Motivo.jpg","contentUrl":"https:\/\/roller-mania.it\/wp-content\/uploads\/2025\/06\/Edea-Motivo.jpg","width":1500,"height":1500},{"@type":"BreadcrumbList","@id":"https:\/\/roller-mania.it\/es\/producto\/bota-motivo\/#breadcrumb","itemListElement":[{"@type":"ListItem","position":1,"name":"Home","item":"https:\/\/roller-mania.it\/"},{"@type":"ListItem","position":2,"name":"Tienda","item":"https:\/\/roller-mania.it\/es\/tienda\/"},{"@type":"ListItem","position":3,"name":"Bota Motivo"}]},{"@type":"WebSite","@id":"https:\/\/roller-mania.it\/#website","url":"https:\/\/roller-mania.it\/","name":"Roller Mania","description":"","publisher":{"@id":"https:\/\/roller-mania.it\/#organization"},"potentialAction":[{"@type":"SearchAction","target":{"@type":"EntryPoint","urlTemplate":"https:\/\/roller-mania.it\/?s={search_term_string}"},"query-input":{"@type":"PropertyValueSpecification","valueRequired":true,"valueName":"search_term_string"}}],"inLanguage":"es"},{"@type":"Organization","@id":"https:\/\/roller-mania.it\/#organization","name":"Roller Mania","url":"https:\/\/roller-mania.it\/","logo":{"@type":"ImageObject","inLanguage":"es","@id":"https:\/\/roller-mania.it\/#\/schema\/logo\/image\/","url":"https:\/\/roller-mania.it\/wp-content\/uploads\/2025\/04\/Logo.RollerMania.svg","contentUrl":"https:\/\/roller-mania.it\/wp-content\/uploads\/2025\/04\/Logo.RollerMania.svg","width":563,"height":73,"caption":"Roller Mania"},"image":{"@id":"https:\/\/roller-mania.it\/#\/schema\/logo\/image\/"},"sameAs":["https:\/\/www.instagram.com\/rollermania_\/"]}]}},"_links":{"self":[{"href":"https:\/\/roller-mania.it\/es\/wp-json\/wp\/v2\/product\/10566","targetHints":{"allow":["GET"]}}],"collection":[{"href":"https:\/\/roller-mania.it\/es\/wp-json\/wp\/v2\/product"}],"about":[{"href":"https:\/\/roller-mania.it\/es\/wp-json\/wp\/v2\/types\/product"}],"replies":[{"embeddable":true,"href":"https:\/\/roller-mania.it\/es\/wp-json\/wp\/v2\/comments?post=10566"}],"version-history":[{"count":1,"href":"https:\/\/roller-mania.it\/es\/wp-json\/wp\/v2\/product\/10566\/revisions"}],"predecessor-version":[{"id":12617,"href":"https:\/\/roller-mania.it\/es\/wp-json\/wp\/v2\/product\/10566\/revisions\/12617"}],"wp:featuredmedia":[{"embeddable":true,"href":"https:\/\/roller-mania.it\/es\/wp-json\/wp\/v2\/media\/10565"}],"wp:attachment":[{"href":"https:\/\/roller-mania.it\/es\/wp-json\/wp\/v2\/media?parent=10566"}],"wp:term":[{"taxonomy":"product_brand","embeddable":true,"href":"https:\/\/roller-mania.it\/es\/wp-json\/wp\/v2\/product_brand?post=10566"},{"taxonomy":"product_cat","embeddable":true,"href":"https:\/\/roller-mania.it\/es\/wp-json\/wp\/v2\/product_cat?post=10566"},{"taxonomy":"product_tag","embeddable":true,"href":"https:\/\/roller-mania.it\/es\/wp-json\/wp\/v2\/product_tag?post=10566"}],"curies":[{"name":"wp","href":"https:\/\/api.w.org\/{rel}","templated":true}]}}