{"id":10552,"date":"2025-06-24T13:52:10","date_gmt":"2025-06-24T13:52:10","guid":{"rendered":"https:\/\/roller-mania.it\/prodotto\/zapatillas-fly\/"},"modified":"2026-04-09T03:07:21","modified_gmt":"2026-04-09T03:07:21","slug":"bota-fly","status":"publish","type":"product","link":"https:\/\/roller-mania.it\/es\/producto\/bota-fly\/","title":{"rendered":"Bota Fly"},"content":{"rendered":"<p>Materiales selectos, dise\u00f1o intencionado, procesos de producci\u00f3n avanzados.<br \/>\nUna combinaci\u00f3n exitosa para hacerte ganar.<br \/>\nCada costura, cada detalle tiene este prop\u00f3sito.<br \/>\nTodo est\u00e1 pensado para ti.<br \/>\nFly: vuela con el calzado de los campeones.<br \/>\nEl nuevo modelo Freedom trabaja contigo para mejorar tu rendimiento. Con la puntera m\u00e1s alta, hemos desplazado el centro de gravedad hacia atr\u00e1s, aumentando el control y la estabilidad.<br \/>\nLa puntera elevada da un nuevo perfil al pat\u00edn y aumenta el volumen disponible para tus pies, proporcionando un confort adicional.<br \/>\nCon su forma anat\u00f3mica, Fly ya trabaja en sinton\u00eda con tu pie, acortando el periodo de adaptaci\u00f3n y permiti\u00e9ndote entrenar m\u00e1s duro y durante m\u00e1s tiempo.<br \/>\nLa forma del tal\u00f3n mantiene el pie alineado, la leng\u00fceta flexible te sujeta y el acolchado te envuelve en un confort ideal.<br \/>\nEl dise\u00f1o y los materiales innovadores reducen el tiempo de reacci\u00f3n. Cada movimiento, cada empuje es directo, para que sientas una respuesta y un control inmediatos, para una precisi\u00f3n inigualable en tu patinaje.<br \/>\n178 orificios dejan entrar r\u00e1fagas de aire cada vez que te mueves.<br \/>\nEl forro microperforado Air Tech de secado r\u00e1pido trabaja activamente con ellos para mantenerte fresco en todo momento. Ahora puedes entrenar m\u00e1s intensamente.<br \/>\nPotencia, precisi\u00f3n y estilo que han sido dise\u00f1ados para ti. Sus l\u00edneas din\u00e1micas y elegantes y su estilo italiano te har\u00e1n destacar en la pista. Perfecci\u00f3n para tus pies.<\/p>\n","protected":false},"excerpt":{"rendered":"<p>Materiales selectos, dise\u00f1o intencionado, procesos de producci\u00f3n avanzados.<br \/>\nUna combinaci\u00f3n exitosa para hacerte ganar.<br \/>\nCada costura, cada detalle tiene este prop\u00f3sito.<br \/>\nTodo est\u00e1 pensado para ti.<br \/>\nFly: vuela con el calzado de los campeones.<br \/>\nEl nuevo modelo Freedom trabaja contigo para mejorar tu rendimiento. Con la puntera m\u00e1s alta, hemos desplazado el centro de gravedad hacia atr\u00e1s, aumentando el control y la estabilidad.<\/p>\n","protected":false},"featured_media":10551,"comment_status":"open","ping_status":"closed","template":"","meta":[],"product_brand":[141],"product_cat":[990],"product_tag":[],"class_list":{"0":"post-10552","1":"product","2":"type-product","3":"status-publish","4":"has-post-thumbnail","6":"product_brand-edea","7":"product_cat-botas","9":"first","10":"instock","11":"featured","12":"taxable","13":"shipping-taxable","14":"purchasable","15":"product-type-variable"},"ct_brands":[{"id":141,"name":"Edea","slug":"edea"}],"yoast_head":"<!-- This site is optimized with the Yoast SEO plugin v27.3 - https:\/\/yoast.com\/product\/yoast-seo-wordpress\/ -->\n<title>Bota Fly - Roller Mania<\/title>\n<meta name=\"robots\" content=\"index, follow, max-snippet:-1, max-image-preview:large, max-video-preview:-1\" \/>\n<link rel=\"canonical\" href=\"https:\/\/roller-mania.it\/es\/producto\/bota-fly\/\" \/>\n<meta property=\"og:locale\" content=\"es_ES\" \/>\n<meta property=\"og:type\" content=\"article\" \/>\n<meta property=\"og:title\" content=\"Bota Fly - Roller Mania\" \/>\n<meta property=\"og:description\" content=\"Materiales selectos, dise\u00f1o intencionado, procesos de producci\u00f3n avanzados. Una combinaci\u00f3n exitosa para hacerte ganar. Cada costura, cada detalle tiene este prop\u00f3sito. Todo est\u00e1 pensado para ti. Fly: vuela con el calzado de los campeones. El nuevo modelo Freedom trabaja contigo para mejorar tu rendimiento. Con la puntera m\u00e1s alta, hemos desplazado el centro de gravedad hacia atr\u00e1s, aumentando el control y la estabilidad.\" \/>\n<meta property=\"og:url\" content=\"https:\/\/roller-mania.it\/es\/producto\/bota-fly\/\" \/>\n<meta property=\"og:site_name\" content=\"Roller Mania\" \/>\n<meta property=\"article:modified_time\" content=\"2026-04-09T03:07:21+00:00\" \/>\n<meta property=\"og:image\" content=\"https:\/\/roller-mania.it\/wp-content\/uploads\/2025\/06\/Edea-Fly.jpg\" \/>\n\t<meta property=\"og:image:width\" content=\"1500\" \/>\n\t<meta property=\"og:image:height\" content=\"1500\" \/>\n\t<meta property=\"og:image:type\" content=\"image\/jpeg\" \/>\n<meta name=\"twitter:card\" content=\"summary_large_image\" \/>\n<meta name=\"twitter:label1\" content=\"Tiempo de lectura\" \/>\n\t<meta name=\"twitter:data1\" content=\"2 minutos\" \/>\n<script type=\"application\/ld+json\" class=\"yoast-schema-graph\">{\"@context\":\"https:\\\/\\\/schema.org\",\"@graph\":[{\"@type\":\"WebPage\",\"@id\":\"https:\\\/\\\/roller-mania.it\\\/es\\\/producto\\\/bota-fly\\\/\",\"url\":\"https:\\\/\\\/roller-mania.it\\\/es\\\/producto\\\/bota-fly\\\/\",\"name\":\"Bota Fly - Roller Mania\",\"isPartOf\":{\"@id\":\"https:\\\/\\\/roller-mania.it\\\/#website\"},\"primaryImageOfPage\":{\"@id\":\"https:\\\/\\\/roller-mania.it\\\/es\\\/producto\\\/bota-fly\\\/#primaryimage\"},\"image\":{\"@id\":\"https:\\\/\\\/roller-mania.it\\\/es\\\/producto\\\/bota-fly\\\/#primaryimage\"},\"thumbnailUrl\":\"https:\\\/\\\/roller-mania.it\\\/wp-content\\\/uploads\\\/2025\\\/06\\\/Edea-Fly.jpg\",\"datePublished\":\"2025-06-24T13:52:10+00:00\",\"dateModified\":\"2026-04-09T03:07:21+00:00\",\"breadcrumb\":{\"@id\":\"https:\\\/\\\/roller-mania.it\\\/es\\\/producto\\\/bota-fly\\\/#breadcrumb\"},\"inLanguage\":\"es\",\"potentialAction\":[{\"@type\":\"ReadAction\",\"target\":[\"https:\\\/\\\/roller-mania.it\\\/es\\\/producto\\\/bota-fly\\\/\"]}]},{\"@type\":\"ImageObject\",\"inLanguage\":\"es\",\"@id\":\"https:\\\/\\\/roller-mania.it\\\/es\\\/producto\\\/bota-fly\\\/#primaryimage\",\"url\":\"https:\\\/\\\/roller-mania.it\\\/wp-content\\\/uploads\\\/2025\\\/06\\\/Edea-Fly.jpg\",\"contentUrl\":\"https:\\\/\\\/roller-mania.it\\\/wp-content\\\/uploads\\\/2025\\\/06\\\/Edea-Fly.jpg\",\"width\":1500,\"height\":1500},{\"@type\":\"BreadcrumbList\",\"@id\":\"https:\\\/\\\/roller-mania.it\\\/es\\\/producto\\\/bota-fly\\\/#breadcrumb\",\"itemListElement\":[{\"@type\":\"ListItem\",\"position\":1,\"name\":\"Home\",\"item\":\"https:\\\/\\\/roller-mania.it\\\/\"},{\"@type\":\"ListItem\",\"position\":2,\"name\":\"Tienda\",\"item\":\"https:\\\/\\\/roller-mania.it\\\/es\\\/tienda\\\/\"},{\"@type\":\"ListItem\",\"position\":3,\"name\":\"Bota Fly\"}]},{\"@type\":\"WebSite\",\"@id\":\"https:\\\/\\\/roller-mania.it\\\/#website\",\"url\":\"https:\\\/\\\/roller-mania.it\\\/\",\"name\":\"Roller Mania\",\"description\":\"\",\"publisher\":{\"@id\":\"https:\\\/\\\/roller-mania.it\\\/#organization\"},\"potentialAction\":[{\"@type\":\"SearchAction\",\"target\":{\"@type\":\"EntryPoint\",\"urlTemplate\":\"https:\\\/\\\/roller-mania.it\\\/?s={search_term_string}\"},\"query-input\":{\"@type\":\"PropertyValueSpecification\",\"valueRequired\":true,\"valueName\":\"search_term_string\"}}],\"inLanguage\":\"es\"},{\"@type\":\"Organization\",\"@id\":\"https:\\\/\\\/roller-mania.it\\\/#organization\",\"name\":\"Roller Mania\",\"url\":\"https:\\\/\\\/roller-mania.it\\\/\",\"logo\":{\"@type\":\"ImageObject\",\"inLanguage\":\"es\",\"@id\":\"https:\\\/\\\/roller-mania.it\\\/#\\\/schema\\\/logo\\\/image\\\/\",\"url\":\"https:\\\/\\\/roller-mania.it\\\/wp-content\\\/uploads\\\/2025\\\/04\\\/Logo.RollerMania.svg\",\"contentUrl\":\"https:\\\/\\\/roller-mania.it\\\/wp-content\\\/uploads\\\/2025\\\/04\\\/Logo.RollerMania.svg\",\"width\":563,\"height\":73,\"caption\":\"Roller Mania\"},\"image\":{\"@id\":\"https:\\\/\\\/roller-mania.it\\\/#\\\/schema\\\/logo\\\/image\\\/\"},\"sameAs\":[\"https:\\\/\\\/www.instagram.com\\\/rollermania_\\\/\"]}]}<\/script>\n<!-- \/ Yoast SEO plugin. -->","yoast_head_json":{"title":"Bota Fly - Roller Mania","robots":{"index":"index","follow":"follow","max-snippet":"max-snippet:-1","max-image-preview":"max-image-preview:large","max-video-preview":"max-video-preview:-1"},"canonical":"https:\/\/roller-mania.it\/es\/producto\/bota-fly\/","og_locale":"es_ES","og_type":"article","og_title":"Bota Fly - Roller Mania","og_description":"Materiales selectos, dise\u00f1o intencionado, procesos de producci\u00f3n avanzados. Una combinaci\u00f3n exitosa para hacerte ganar. Cada costura, cada detalle tiene este prop\u00f3sito. Todo est\u00e1 pensado para ti. Fly: vuela con el calzado de los campeones. El nuevo modelo Freedom trabaja contigo para mejorar tu rendimiento. Con la puntera m\u00e1s alta, hemos desplazado el centro de gravedad hacia atr\u00e1s, aumentando el control y la estabilidad.","og_url":"https:\/\/roller-mania.it\/es\/producto\/bota-fly\/","og_site_name":"Roller Mania","article_modified_time":"2026-04-09T03:07:21+00:00","og_image":[{"width":1500,"height":1500,"url":"https:\/\/roller-mania.it\/wp-content\/uploads\/2025\/06\/Edea-Fly.jpg","type":"image\/jpeg"}],"twitter_card":"summary_large_image","twitter_misc":{"Tiempo de lectura":"2 minutos"},"schema":{"@context":"https:\/\/schema.org","@graph":[{"@type":"WebPage","@id":"https:\/\/roller-mania.it\/es\/producto\/bota-fly\/","url":"https:\/\/roller-mania.it\/es\/producto\/bota-fly\/","name":"Bota Fly - Roller Mania","isPartOf":{"@id":"https:\/\/roller-mania.it\/#website"},"primaryImageOfPage":{"@id":"https:\/\/roller-mania.it\/es\/producto\/bota-fly\/#primaryimage"},"image":{"@id":"https:\/\/roller-mania.it\/es\/producto\/bota-fly\/#primaryimage"},"thumbnailUrl":"https:\/\/roller-mania.it\/wp-content\/uploads\/2025\/06\/Edea-Fly.jpg","datePublished":"2025-06-24T13:52:10+00:00","dateModified":"2026-04-09T03:07:21+00:00","breadcrumb":{"@id":"https:\/\/roller-mania.it\/es\/producto\/bota-fly\/#breadcrumb"},"inLanguage":"es","potentialAction":[{"@type":"ReadAction","target":["https:\/\/roller-mania.it\/es\/producto\/bota-fly\/"]}]},{"@type":"ImageObject","inLanguage":"es","@id":"https:\/\/roller-mania.it\/es\/producto\/bota-fly\/#primaryimage","url":"https:\/\/roller-mania.it\/wp-content\/uploads\/2025\/06\/Edea-Fly.jpg","contentUrl":"https:\/\/roller-mania.it\/wp-content\/uploads\/2025\/06\/Edea-Fly.jpg","width":1500,"height":1500},{"@type":"BreadcrumbList","@id":"https:\/\/roller-mania.it\/es\/producto\/bota-fly\/#breadcrumb","itemListElement":[{"@type":"ListItem","position":1,"name":"Home","item":"https:\/\/roller-mania.it\/"},{"@type":"ListItem","position":2,"name":"Tienda","item":"https:\/\/roller-mania.it\/es\/tienda\/"},{"@type":"ListItem","position":3,"name":"Bota Fly"}]},{"@type":"WebSite","@id":"https:\/\/roller-mania.it\/#website","url":"https:\/\/roller-mania.it\/","name":"Roller Mania","description":"","publisher":{"@id":"https:\/\/roller-mania.it\/#organization"},"potentialAction":[{"@type":"SearchAction","target":{"@type":"EntryPoint","urlTemplate":"https:\/\/roller-mania.it\/?s={search_term_string}"},"query-input":{"@type":"PropertyValueSpecification","valueRequired":true,"valueName":"search_term_string"}}],"inLanguage":"es"},{"@type":"Organization","@id":"https:\/\/roller-mania.it\/#organization","name":"Roller Mania","url":"https:\/\/roller-mania.it\/","logo":{"@type":"ImageObject","inLanguage":"es","@id":"https:\/\/roller-mania.it\/#\/schema\/logo\/image\/","url":"https:\/\/roller-mania.it\/wp-content\/uploads\/2025\/04\/Logo.RollerMania.svg","contentUrl":"https:\/\/roller-mania.it\/wp-content\/uploads\/2025\/04\/Logo.RollerMania.svg","width":563,"height":73,"caption":"Roller Mania"},"image":{"@id":"https:\/\/roller-mania.it\/#\/schema\/logo\/image\/"},"sameAs":["https:\/\/www.instagram.com\/rollermania_\/"]}]}},"_links":{"self":[{"href":"https:\/\/roller-mania.it\/es\/wp-json\/wp\/v2\/product\/10552","targetHints":{"allow":["GET"]}}],"collection":[{"href":"https:\/\/roller-mania.it\/es\/wp-json\/wp\/v2\/product"}],"about":[{"href":"https:\/\/roller-mania.it\/es\/wp-json\/wp\/v2\/types\/product"}],"replies":[{"embeddable":true,"href":"https:\/\/roller-mania.it\/es\/wp-json\/wp\/v2\/comments?post=10552"}],"version-history":[{"count":2,"href":"https:\/\/roller-mania.it\/es\/wp-json\/wp\/v2\/product\/10552\/revisions"}],"predecessor-version":[{"id":12631,"href":"https:\/\/roller-mania.it\/es\/wp-json\/wp\/v2\/product\/10552\/revisions\/12631"}],"wp:featuredmedia":[{"embeddable":true,"href":"https:\/\/roller-mania.it\/es\/wp-json\/wp\/v2\/media\/10551"}],"wp:attachment":[{"href":"https:\/\/roller-mania.it\/es\/wp-json\/wp\/v2\/media?parent=10552"}],"wp:term":[{"taxonomy":"product_brand","embeddable":true,"href":"https:\/\/roller-mania.it\/es\/wp-json\/wp\/v2\/product_brand?post=10552"},{"taxonomy":"product_cat","embeddable":true,"href":"https:\/\/roller-mania.it\/es\/wp-json\/wp\/v2\/product_cat?post=10552"},{"taxonomy":"product_tag","embeddable":true,"href":"https:\/\/roller-mania.it\/es\/wp-json\/wp\/v2\/product_tag?post=10552"}],"curies":[{"name":"wp","href":"https:\/\/api.w.org\/{rel}","templated":true}]}}