{"id":10538,"date":"2025-06-24T13:52:08","date_gmt":"2025-06-24T13:52:08","guid":{"rendered":"https:\/\/roller-mania.it\/prodotto\/zapatillas-ritmo\/"},"modified":"2026-04-09T03:07:42","modified_gmt":"2026-04-09T03:07:42","slug":"bota-ritmo","status":"publish","type":"product","link":"https:\/\/roller-mania.it\/es\/producto\/bota-ritmo\/","title":{"rendered":"Bota Ritmo"},"content":{"rendered":"<p>Su aspecto cl\u00e1sico esconde la verdadera fuerza del ritmo.<br \/>\nLa nueva suela Freedom te llevar\u00e1 a un nuevo nivel. Precisi\u00f3n y potencia como nunca antes hab\u00edas experimentado.<br \/>\nEl aire fresco entra directamente por los orificios laterales y la suela, creando un sistema de refrigeraci\u00f3n activo con cada movimiento. Entrena m\u00e1s duro pero m\u00e1s fresco.<br \/>\nEl nuevo dise\u00f1o Freedom y el uso de materiales sensibles ofrecen una transmisi\u00f3n r\u00e1pida y directa de la fuerza a la placa, para un control preciso de los movimientos.<br \/>\nPuedes controlar y dirigir cada hilo con maestr\u00eda.<br \/>\nDise\u00f1ado para trabajar contigo, manteniendo tu pie firme y estable.<br \/>\nD\u00e9jate acariciar por un forro suave y envolver por el acolchado y el cuello, as\u00ed como sujetar por su estructura contorneada. Comodidad y prestaciones que adem\u00e1s reducen el tiempo de adaptaci\u00f3n.<br \/>\nL\u00edneas limpias y armoniosas. Una valiosa combinaci\u00f3n para realzar tu estilo y llevarte a otro nivel.<\/p>\n","protected":false},"excerpt":{"rendered":"<p>Su aspecto cl\u00e1sico esconde la verdadera fuerza del ritmo.<br \/>\nLa nueva suela Freedom te llevar\u00e1 a un nuevo nivel. Precisi\u00f3n y potencia como nunca antes hab\u00edas experimentado.<br \/>\nEl aire fresco entra directamente por los orificios laterales y la suela, creando un sistema de refrigeraci\u00f3n activo con cada movimiento. Entrena m\u00e1s duro pero m\u00e1s fresco.<\/p>\n","protected":false},"featured_media":10537,"comment_status":"open","ping_status":"closed","template":"","meta":[],"product_brand":[141],"product_cat":[990],"product_tag":[],"class_list":{"0":"post-10538","1":"product","2":"type-product","3":"status-publish","4":"has-post-thumbnail","6":"product_brand-edea","7":"product_cat-botas","9":"first","10":"instock","11":"taxable","12":"shipping-taxable","13":"purchasable","14":"product-type-variable"},"ct_brands":[{"id":141,"name":"Edea","slug":"edea"}],"yoast_head":"<!-- This site is optimized with the Yoast SEO plugin v27.3 - https:\/\/yoast.com\/product\/yoast-seo-wordpress\/ -->\n<title>Bota Ritmo - Roller Mania<\/title>\n<meta name=\"robots\" content=\"index, follow, max-snippet:-1, max-image-preview:large, max-video-preview:-1\" \/>\n<link rel=\"canonical\" href=\"https:\/\/roller-mania.it\/es\/producto\/bota-ritmo\/\" \/>\n<meta property=\"og:locale\" content=\"es_ES\" \/>\n<meta property=\"og:type\" content=\"article\" \/>\n<meta property=\"og:title\" content=\"Bota Ritmo - Roller Mania\" \/>\n<meta property=\"og:description\" content=\"Su aspecto cl\u00e1sico esconde la verdadera fuerza del ritmo. La nueva suela Freedom te llevar\u00e1 a un nuevo nivel. Precisi\u00f3n y potencia como nunca antes hab\u00edas experimentado. El aire fresco entra directamente por los orificios laterales y la suela, creando un sistema de refrigeraci\u00f3n activo con cada movimiento. Entrena m\u00e1s duro pero m\u00e1s fresco.\" \/>\n<meta property=\"og:url\" content=\"https:\/\/roller-mania.it\/es\/producto\/bota-ritmo\/\" \/>\n<meta property=\"og:site_name\" content=\"Roller Mania\" \/>\n<meta property=\"article:modified_time\" content=\"2026-04-09T03:07:42+00:00\" \/>\n<meta property=\"og:image\" content=\"https:\/\/roller-mania.it\/wp-content\/uploads\/2025\/06\/Edea-Ritmo.jpg\" \/>\n\t<meta property=\"og:image:width\" content=\"1500\" \/>\n\t<meta property=\"og:image:height\" content=\"1500\" \/>\n\t<meta property=\"og:image:type\" content=\"image\/jpeg\" \/>\n<meta name=\"twitter:card\" content=\"summary_large_image\" \/>\n<meta name=\"twitter:label1\" content=\"Tiempo de lectura\" \/>\n\t<meta name=\"twitter:data1\" content=\"1 minuto\" \/>\n<script type=\"application\/ld+json\" class=\"yoast-schema-graph\">{\"@context\":\"https:\\\/\\\/schema.org\",\"@graph\":[{\"@type\":\"WebPage\",\"@id\":\"https:\\\/\\\/roller-mania.it\\\/es\\\/producto\\\/bota-ritmo\\\/\",\"url\":\"https:\\\/\\\/roller-mania.it\\\/es\\\/producto\\\/bota-ritmo\\\/\",\"name\":\"Bota Ritmo - Roller Mania\",\"isPartOf\":{\"@id\":\"https:\\\/\\\/roller-mania.it\\\/#website\"},\"primaryImageOfPage\":{\"@id\":\"https:\\\/\\\/roller-mania.it\\\/es\\\/producto\\\/bota-ritmo\\\/#primaryimage\"},\"image\":{\"@id\":\"https:\\\/\\\/roller-mania.it\\\/es\\\/producto\\\/bota-ritmo\\\/#primaryimage\"},\"thumbnailUrl\":\"https:\\\/\\\/roller-mania.it\\\/wp-content\\\/uploads\\\/2025\\\/06\\\/Edea-Ritmo.jpg\",\"datePublished\":\"2025-06-24T13:52:08+00:00\",\"dateModified\":\"2026-04-09T03:07:42+00:00\",\"breadcrumb\":{\"@id\":\"https:\\\/\\\/roller-mania.it\\\/es\\\/producto\\\/bota-ritmo\\\/#breadcrumb\"},\"inLanguage\":\"es\",\"potentialAction\":[{\"@type\":\"ReadAction\",\"target\":[\"https:\\\/\\\/roller-mania.it\\\/es\\\/producto\\\/bota-ritmo\\\/\"]}]},{\"@type\":\"ImageObject\",\"inLanguage\":\"es\",\"@id\":\"https:\\\/\\\/roller-mania.it\\\/es\\\/producto\\\/bota-ritmo\\\/#primaryimage\",\"url\":\"https:\\\/\\\/roller-mania.it\\\/wp-content\\\/uploads\\\/2025\\\/06\\\/Edea-Ritmo.jpg\",\"contentUrl\":\"https:\\\/\\\/roller-mania.it\\\/wp-content\\\/uploads\\\/2025\\\/06\\\/Edea-Ritmo.jpg\",\"width\":1500,\"height\":1500},{\"@type\":\"BreadcrumbList\",\"@id\":\"https:\\\/\\\/roller-mania.it\\\/es\\\/producto\\\/bota-ritmo\\\/#breadcrumb\",\"itemListElement\":[{\"@type\":\"ListItem\",\"position\":1,\"name\":\"Home\",\"item\":\"https:\\\/\\\/roller-mania.it\\\/\"},{\"@type\":\"ListItem\",\"position\":2,\"name\":\"Tienda\",\"item\":\"https:\\\/\\\/roller-mania.it\\\/es\\\/tienda\\\/\"},{\"@type\":\"ListItem\",\"position\":3,\"name\":\"Bota Ritmo\"}]},{\"@type\":\"WebSite\",\"@id\":\"https:\\\/\\\/roller-mania.it\\\/#website\",\"url\":\"https:\\\/\\\/roller-mania.it\\\/\",\"name\":\"Roller Mania\",\"description\":\"\",\"publisher\":{\"@id\":\"https:\\\/\\\/roller-mania.it\\\/#organization\"},\"potentialAction\":[{\"@type\":\"SearchAction\",\"target\":{\"@type\":\"EntryPoint\",\"urlTemplate\":\"https:\\\/\\\/roller-mania.it\\\/?s={search_term_string}\"},\"query-input\":{\"@type\":\"PropertyValueSpecification\",\"valueRequired\":true,\"valueName\":\"search_term_string\"}}],\"inLanguage\":\"es\"},{\"@type\":\"Organization\",\"@id\":\"https:\\\/\\\/roller-mania.it\\\/#organization\",\"name\":\"Roller Mania\",\"url\":\"https:\\\/\\\/roller-mania.it\\\/\",\"logo\":{\"@type\":\"ImageObject\",\"inLanguage\":\"es\",\"@id\":\"https:\\\/\\\/roller-mania.it\\\/#\\\/schema\\\/logo\\\/image\\\/\",\"url\":\"https:\\\/\\\/roller-mania.it\\\/wp-content\\\/uploads\\\/2025\\\/04\\\/Logo.RollerMania.svg\",\"contentUrl\":\"https:\\\/\\\/roller-mania.it\\\/wp-content\\\/uploads\\\/2025\\\/04\\\/Logo.RollerMania.svg\",\"width\":563,\"height\":73,\"caption\":\"Roller Mania\"},\"image\":{\"@id\":\"https:\\\/\\\/roller-mania.it\\\/#\\\/schema\\\/logo\\\/image\\\/\"},\"sameAs\":[\"https:\\\/\\\/www.instagram.com\\\/rollermania_\\\/\"]}]}<\/script>\n<!-- \/ Yoast SEO plugin. -->","yoast_head_json":{"title":"Bota Ritmo - Roller Mania","robots":{"index":"index","follow":"follow","max-snippet":"max-snippet:-1","max-image-preview":"max-image-preview:large","max-video-preview":"max-video-preview:-1"},"canonical":"https:\/\/roller-mania.it\/es\/producto\/bota-ritmo\/","og_locale":"es_ES","og_type":"article","og_title":"Bota Ritmo - Roller Mania","og_description":"Su aspecto cl\u00e1sico esconde la verdadera fuerza del ritmo. La nueva suela Freedom te llevar\u00e1 a un nuevo nivel. Precisi\u00f3n y potencia como nunca antes hab\u00edas experimentado. El aire fresco entra directamente por los orificios laterales y la suela, creando un sistema de refrigeraci\u00f3n activo con cada movimiento. Entrena m\u00e1s duro pero m\u00e1s fresco.","og_url":"https:\/\/roller-mania.it\/es\/producto\/bota-ritmo\/","og_site_name":"Roller Mania","article_modified_time":"2026-04-09T03:07:42+00:00","og_image":[{"width":1500,"height":1500,"url":"https:\/\/roller-mania.it\/wp-content\/uploads\/2025\/06\/Edea-Ritmo.jpg","type":"image\/jpeg"}],"twitter_card":"summary_large_image","twitter_misc":{"Tiempo de lectura":"1 minuto"},"schema":{"@context":"https:\/\/schema.org","@graph":[{"@type":"WebPage","@id":"https:\/\/roller-mania.it\/es\/producto\/bota-ritmo\/","url":"https:\/\/roller-mania.it\/es\/producto\/bota-ritmo\/","name":"Bota Ritmo - Roller Mania","isPartOf":{"@id":"https:\/\/roller-mania.it\/#website"},"primaryImageOfPage":{"@id":"https:\/\/roller-mania.it\/es\/producto\/bota-ritmo\/#primaryimage"},"image":{"@id":"https:\/\/roller-mania.it\/es\/producto\/bota-ritmo\/#primaryimage"},"thumbnailUrl":"https:\/\/roller-mania.it\/wp-content\/uploads\/2025\/06\/Edea-Ritmo.jpg","datePublished":"2025-06-24T13:52:08+00:00","dateModified":"2026-04-09T03:07:42+00:00","breadcrumb":{"@id":"https:\/\/roller-mania.it\/es\/producto\/bota-ritmo\/#breadcrumb"},"inLanguage":"es","potentialAction":[{"@type":"ReadAction","target":["https:\/\/roller-mania.it\/es\/producto\/bota-ritmo\/"]}]},{"@type":"ImageObject","inLanguage":"es","@id":"https:\/\/roller-mania.it\/es\/producto\/bota-ritmo\/#primaryimage","url":"https:\/\/roller-mania.it\/wp-content\/uploads\/2025\/06\/Edea-Ritmo.jpg","contentUrl":"https:\/\/roller-mania.it\/wp-content\/uploads\/2025\/06\/Edea-Ritmo.jpg","width":1500,"height":1500},{"@type":"BreadcrumbList","@id":"https:\/\/roller-mania.it\/es\/producto\/bota-ritmo\/#breadcrumb","itemListElement":[{"@type":"ListItem","position":1,"name":"Home","item":"https:\/\/roller-mania.it\/"},{"@type":"ListItem","position":2,"name":"Tienda","item":"https:\/\/roller-mania.it\/es\/tienda\/"},{"@type":"ListItem","position":3,"name":"Bota Ritmo"}]},{"@type":"WebSite","@id":"https:\/\/roller-mania.it\/#website","url":"https:\/\/roller-mania.it\/","name":"Roller Mania","description":"","publisher":{"@id":"https:\/\/roller-mania.it\/#organization"},"potentialAction":[{"@type":"SearchAction","target":{"@type":"EntryPoint","urlTemplate":"https:\/\/roller-mania.it\/?s={search_term_string}"},"query-input":{"@type":"PropertyValueSpecification","valueRequired":true,"valueName":"search_term_string"}}],"inLanguage":"es"},{"@type":"Organization","@id":"https:\/\/roller-mania.it\/#organization","name":"Roller Mania","url":"https:\/\/roller-mania.it\/","logo":{"@type":"ImageObject","inLanguage":"es","@id":"https:\/\/roller-mania.it\/#\/schema\/logo\/image\/","url":"https:\/\/roller-mania.it\/wp-content\/uploads\/2025\/04\/Logo.RollerMania.svg","contentUrl":"https:\/\/roller-mania.it\/wp-content\/uploads\/2025\/04\/Logo.RollerMania.svg","width":563,"height":73,"caption":"Roller Mania"},"image":{"@id":"https:\/\/roller-mania.it\/#\/schema\/logo\/image\/"},"sameAs":["https:\/\/www.instagram.com\/rollermania_\/"]}]}},"_links":{"self":[{"href":"https:\/\/roller-mania.it\/es\/wp-json\/wp\/v2\/product\/10538","targetHints":{"allow":["GET"]}}],"collection":[{"href":"https:\/\/roller-mania.it\/es\/wp-json\/wp\/v2\/product"}],"about":[{"href":"https:\/\/roller-mania.it\/es\/wp-json\/wp\/v2\/types\/product"}],"replies":[{"embeddable":true,"href":"https:\/\/roller-mania.it\/es\/wp-json\/wp\/v2\/comments?post=10538"}],"version-history":[{"count":1,"href":"https:\/\/roller-mania.it\/es\/wp-json\/wp\/v2\/product\/10538\/revisions"}],"predecessor-version":[{"id":12628,"href":"https:\/\/roller-mania.it\/es\/wp-json\/wp\/v2\/product\/10538\/revisions\/12628"}],"wp:featuredmedia":[{"embeddable":true,"href":"https:\/\/roller-mania.it\/es\/wp-json\/wp\/v2\/media\/10537"}],"wp:attachment":[{"href":"https:\/\/roller-mania.it\/es\/wp-json\/wp\/v2\/media?parent=10538"}],"wp:term":[{"taxonomy":"product_brand","embeddable":true,"href":"https:\/\/roller-mania.it\/es\/wp-json\/wp\/v2\/product_brand?post=10538"},{"taxonomy":"product_cat","embeddable":true,"href":"https:\/\/roller-mania.it\/es\/wp-json\/wp\/v2\/product_cat?post=10538"},{"taxonomy":"product_tag","embeddable":true,"href":"https:\/\/roller-mania.it\/es\/wp-json\/wp\/v2\/product_tag?post=10538"}],"curies":[{"name":"wp","href":"https:\/\/api.w.org\/{rel}","templated":true}]}}