{"id":10404,"date":"2025-06-24T13:51:52","date_gmt":"2025-06-24T13:51:52","guid":{"rendered":"https:\/\/roller-mania.it\/prodotto\/zapatilla-mercurio\/"},"modified":"2026-04-09T03:11:09","modified_gmt":"2026-04-09T03:11:09","slug":"bota-mercurio","status":"publish","type":"product","link":"https:\/\/roller-mania.it\/es\/producto\/bota-mercurio\/","title":{"rendered":"Bota Mercurio"},"content":{"rendered":"<p><strong>Strong Support 65<\/strong><br \/>\nMercurio es el modelo estrella de Risport para patinadores profesionales y deportistas sobre ruedas de alto nivel, dise\u00f1ado espec\u00edficamente para realizar saltos dobles y triples. Combina un dise\u00f1o vanguardista con innovaciones t\u00e9cnicas para maximizar el rendimiento y la ligereza.<\/p>\n<p><strong>Caracter\u00edsticas<\/strong><br \/>\nSus puntos fuertes:<\/p>\n<p>Pro Mount Sole con Air Flow System: un innovador material termopl\u00e1stico que reduce las vibraciones y el peso. La tecnolog\u00eda Pro Mount mejora la estabilidad, mientras que el sistema de ventilaci\u00f3n garantiza el intercambio de aire y la transpirabilidad.<br \/>\nLa pala es una combinaci\u00f3n de microfibra y tejido de alta tecnolog\u00eda, que ofrece estabilidad, resistencia, ligereza y transpirabilidad. Puede termoformarse para un ajuste personalizado.<br \/>\nLa mezcla de forro de microfibra y cuello, con su flexibilidad y acolchado extra, maximiza la comodidad que siente el deportista al realizar los elementos m\u00e1s complejos.<\/p>\n<p><strong>Ficha t\u00e9cnica<\/strong><br \/>\nMujer<br \/>\nColor: Blanco<br \/>\nAnchos: C<br \/>\nTallas: 225-280<br \/>\nSaltos: 2-3<\/p>\n","protected":false},"excerpt":{"rendered":"<p><strong>Strong Support 65<\/strong><br \/>\nMercurio es el modelo estrella de Risport para patinadores profesionales y deportistas sobre ruedas de alto nivel, dise\u00f1ado espec\u00edficamente para realizar saltos dobles y triples. Combina un dise\u00f1o vanguardista con innovaciones t\u00e9cnicas para maximizar el rendimiento y la ligereza.<\/p>\n","protected":false},"featured_media":10403,"comment_status":"open","ping_status":"closed","template":"","meta":[],"product_brand":[134],"product_cat":[990],"product_tag":[],"class_list":{"0":"post-10404","1":"product","2":"type-product","3":"status-publish","4":"has-post-thumbnail","6":"product_brand-risport","7":"product_cat-botas","9":"first","10":"instock","11":"taxable","12":"shipping-taxable","13":"purchasable","14":"product-type-variable"},"ct_brands":[{"id":134,"name":"Risport","slug":"risport"}],"yoast_head":"<!-- This site is optimized with the Yoast SEO plugin v27.3 - https:\/\/yoast.com\/product\/yoast-seo-wordpress\/ -->\n<title>Bota Mercurio - Roller Mania<\/title>\n<meta name=\"robots\" content=\"index, follow, max-snippet:-1, max-image-preview:large, max-video-preview:-1\" \/>\n<link rel=\"canonical\" href=\"https:\/\/roller-mania.it\/es\/producto\/bota-mercurio\/\" \/>\n<meta property=\"og:locale\" content=\"es_ES\" \/>\n<meta property=\"og:type\" content=\"article\" \/>\n<meta property=\"og:title\" content=\"Bota Mercurio - Roller Mania\" \/>\n<meta property=\"og:description\" content=\"Strong Support 65 Mercurio es el modelo estrella de Risport para patinadores profesionales y deportistas sobre ruedas de alto nivel, dise\u00f1ado espec\u00edficamente para realizar saltos dobles y triples. Combina un dise\u00f1o vanguardista con innovaciones t\u00e9cnicas para maximizar el rendimiento y la ligereza.\" \/>\n<meta property=\"og:url\" content=\"https:\/\/roller-mania.it\/es\/producto\/bota-mercurio\/\" \/>\n<meta property=\"og:site_name\" content=\"Roller Mania\" \/>\n<meta property=\"article:modified_time\" content=\"2026-04-09T03:11:09+00:00\" \/>\n<meta property=\"og:image\" content=\"https:\/\/roller-mania.it\/wp-content\/uploads\/2025\/06\/Risport-Mercurio.jpg\" \/>\n\t<meta property=\"og:image:width\" content=\"1500\" \/>\n\t<meta property=\"og:image:height\" content=\"1500\" \/>\n\t<meta property=\"og:image:type\" content=\"image\/jpeg\" \/>\n<meta name=\"twitter:card\" content=\"summary_large_image\" \/>\n<meta name=\"twitter:label1\" content=\"Tiempo de lectura\" \/>\n\t<meta name=\"twitter:data1\" content=\"1 minuto\" \/>\n<script type=\"application\/ld+json\" class=\"yoast-schema-graph\">{\"@context\":\"https:\\\/\\\/schema.org\",\"@graph\":[{\"@type\":\"WebPage\",\"@id\":\"https:\\\/\\\/roller-mania.it\\\/es\\\/producto\\\/bota-mercurio\\\/\",\"url\":\"https:\\\/\\\/roller-mania.it\\\/es\\\/producto\\\/bota-mercurio\\\/\",\"name\":\"Bota Mercurio - Roller Mania\",\"isPartOf\":{\"@id\":\"https:\\\/\\\/roller-mania.it\\\/#website\"},\"primaryImageOfPage\":{\"@id\":\"https:\\\/\\\/roller-mania.it\\\/es\\\/producto\\\/bota-mercurio\\\/#primaryimage\"},\"image\":{\"@id\":\"https:\\\/\\\/roller-mania.it\\\/es\\\/producto\\\/bota-mercurio\\\/#primaryimage\"},\"thumbnailUrl\":\"https:\\\/\\\/roller-mania.it\\\/wp-content\\\/uploads\\\/2025\\\/06\\\/Risport-Mercurio.jpg\",\"datePublished\":\"2025-06-24T13:51:52+00:00\",\"dateModified\":\"2026-04-09T03:11:09+00:00\",\"breadcrumb\":{\"@id\":\"https:\\\/\\\/roller-mania.it\\\/es\\\/producto\\\/bota-mercurio\\\/#breadcrumb\"},\"inLanguage\":\"es\",\"potentialAction\":[{\"@type\":\"ReadAction\",\"target\":[\"https:\\\/\\\/roller-mania.it\\\/es\\\/producto\\\/bota-mercurio\\\/\"]}]},{\"@type\":\"ImageObject\",\"inLanguage\":\"es\",\"@id\":\"https:\\\/\\\/roller-mania.it\\\/es\\\/producto\\\/bota-mercurio\\\/#primaryimage\",\"url\":\"https:\\\/\\\/roller-mania.it\\\/wp-content\\\/uploads\\\/2025\\\/06\\\/Risport-Mercurio.jpg\",\"contentUrl\":\"https:\\\/\\\/roller-mania.it\\\/wp-content\\\/uploads\\\/2025\\\/06\\\/Risport-Mercurio.jpg\",\"width\":1500,\"height\":1500},{\"@type\":\"BreadcrumbList\",\"@id\":\"https:\\\/\\\/roller-mania.it\\\/es\\\/producto\\\/bota-mercurio\\\/#breadcrumb\",\"itemListElement\":[{\"@type\":\"ListItem\",\"position\":1,\"name\":\"Home\",\"item\":\"https:\\\/\\\/roller-mania.it\\\/\"},{\"@type\":\"ListItem\",\"position\":2,\"name\":\"Tienda\",\"item\":\"https:\\\/\\\/roller-mania.it\\\/es\\\/tienda\\\/\"},{\"@type\":\"ListItem\",\"position\":3,\"name\":\"Bota Mercurio\"}]},{\"@type\":\"WebSite\",\"@id\":\"https:\\\/\\\/roller-mania.it\\\/#website\",\"url\":\"https:\\\/\\\/roller-mania.it\\\/\",\"name\":\"Roller Mania\",\"description\":\"\",\"publisher\":{\"@id\":\"https:\\\/\\\/roller-mania.it\\\/#organization\"},\"potentialAction\":[{\"@type\":\"SearchAction\",\"target\":{\"@type\":\"EntryPoint\",\"urlTemplate\":\"https:\\\/\\\/roller-mania.it\\\/?s={search_term_string}\"},\"query-input\":{\"@type\":\"PropertyValueSpecification\",\"valueRequired\":true,\"valueName\":\"search_term_string\"}}],\"inLanguage\":\"es\"},{\"@type\":\"Organization\",\"@id\":\"https:\\\/\\\/roller-mania.it\\\/#organization\",\"name\":\"Roller Mania\",\"url\":\"https:\\\/\\\/roller-mania.it\\\/\",\"logo\":{\"@type\":\"ImageObject\",\"inLanguage\":\"es\",\"@id\":\"https:\\\/\\\/roller-mania.it\\\/#\\\/schema\\\/logo\\\/image\\\/\",\"url\":\"https:\\\/\\\/roller-mania.it\\\/wp-content\\\/uploads\\\/2025\\\/04\\\/Logo.RollerMania.svg\",\"contentUrl\":\"https:\\\/\\\/roller-mania.it\\\/wp-content\\\/uploads\\\/2025\\\/04\\\/Logo.RollerMania.svg\",\"width\":563,\"height\":73,\"caption\":\"Roller Mania\"},\"image\":{\"@id\":\"https:\\\/\\\/roller-mania.it\\\/#\\\/schema\\\/logo\\\/image\\\/\"},\"sameAs\":[\"https:\\\/\\\/www.instagram.com\\\/rollermania_\\\/\"]}]}<\/script>\n<!-- \/ Yoast SEO plugin. -->","yoast_head_json":{"title":"Bota Mercurio - Roller Mania","robots":{"index":"index","follow":"follow","max-snippet":"max-snippet:-1","max-image-preview":"max-image-preview:large","max-video-preview":"max-video-preview:-1"},"canonical":"https:\/\/roller-mania.it\/es\/producto\/bota-mercurio\/","og_locale":"es_ES","og_type":"article","og_title":"Bota Mercurio - Roller Mania","og_description":"Strong Support 65 Mercurio es el modelo estrella de Risport para patinadores profesionales y deportistas sobre ruedas de alto nivel, dise\u00f1ado espec\u00edficamente para realizar saltos dobles y triples. Combina un dise\u00f1o vanguardista con innovaciones t\u00e9cnicas para maximizar el rendimiento y la ligereza.","og_url":"https:\/\/roller-mania.it\/es\/producto\/bota-mercurio\/","og_site_name":"Roller Mania","article_modified_time":"2026-04-09T03:11:09+00:00","og_image":[{"width":1500,"height":1500,"url":"https:\/\/roller-mania.it\/wp-content\/uploads\/2025\/06\/Risport-Mercurio.jpg","type":"image\/jpeg"}],"twitter_card":"summary_large_image","twitter_misc":{"Tiempo de lectura":"1 minuto"},"schema":{"@context":"https:\/\/schema.org","@graph":[{"@type":"WebPage","@id":"https:\/\/roller-mania.it\/es\/producto\/bota-mercurio\/","url":"https:\/\/roller-mania.it\/es\/producto\/bota-mercurio\/","name":"Bota Mercurio - Roller Mania","isPartOf":{"@id":"https:\/\/roller-mania.it\/#website"},"primaryImageOfPage":{"@id":"https:\/\/roller-mania.it\/es\/producto\/bota-mercurio\/#primaryimage"},"image":{"@id":"https:\/\/roller-mania.it\/es\/producto\/bota-mercurio\/#primaryimage"},"thumbnailUrl":"https:\/\/roller-mania.it\/wp-content\/uploads\/2025\/06\/Risport-Mercurio.jpg","datePublished":"2025-06-24T13:51:52+00:00","dateModified":"2026-04-09T03:11:09+00:00","breadcrumb":{"@id":"https:\/\/roller-mania.it\/es\/producto\/bota-mercurio\/#breadcrumb"},"inLanguage":"es","potentialAction":[{"@type":"ReadAction","target":["https:\/\/roller-mania.it\/es\/producto\/bota-mercurio\/"]}]},{"@type":"ImageObject","inLanguage":"es","@id":"https:\/\/roller-mania.it\/es\/producto\/bota-mercurio\/#primaryimage","url":"https:\/\/roller-mania.it\/wp-content\/uploads\/2025\/06\/Risport-Mercurio.jpg","contentUrl":"https:\/\/roller-mania.it\/wp-content\/uploads\/2025\/06\/Risport-Mercurio.jpg","width":1500,"height":1500},{"@type":"BreadcrumbList","@id":"https:\/\/roller-mania.it\/es\/producto\/bota-mercurio\/#breadcrumb","itemListElement":[{"@type":"ListItem","position":1,"name":"Home","item":"https:\/\/roller-mania.it\/"},{"@type":"ListItem","position":2,"name":"Tienda","item":"https:\/\/roller-mania.it\/es\/tienda\/"},{"@type":"ListItem","position":3,"name":"Bota Mercurio"}]},{"@type":"WebSite","@id":"https:\/\/roller-mania.it\/#website","url":"https:\/\/roller-mania.it\/","name":"Roller Mania","description":"","publisher":{"@id":"https:\/\/roller-mania.it\/#organization"},"potentialAction":[{"@type":"SearchAction","target":{"@type":"EntryPoint","urlTemplate":"https:\/\/roller-mania.it\/?s={search_term_string}"},"query-input":{"@type":"PropertyValueSpecification","valueRequired":true,"valueName":"search_term_string"}}],"inLanguage":"es"},{"@type":"Organization","@id":"https:\/\/roller-mania.it\/#organization","name":"Roller Mania","url":"https:\/\/roller-mania.it\/","logo":{"@type":"ImageObject","inLanguage":"es","@id":"https:\/\/roller-mania.it\/#\/schema\/logo\/image\/","url":"https:\/\/roller-mania.it\/wp-content\/uploads\/2025\/04\/Logo.RollerMania.svg","contentUrl":"https:\/\/roller-mania.it\/wp-content\/uploads\/2025\/04\/Logo.RollerMania.svg","width":563,"height":73,"caption":"Roller Mania"},"image":{"@id":"https:\/\/roller-mania.it\/#\/schema\/logo\/image\/"},"sameAs":["https:\/\/www.instagram.com\/rollermania_\/"]}]}},"_links":{"self":[{"href":"https:\/\/roller-mania.it\/es\/wp-json\/wp\/v2\/product\/10404","targetHints":{"allow":["GET"]}}],"collection":[{"href":"https:\/\/roller-mania.it\/es\/wp-json\/wp\/v2\/product"}],"about":[{"href":"https:\/\/roller-mania.it\/es\/wp-json\/wp\/v2\/types\/product"}],"replies":[{"embeddable":true,"href":"https:\/\/roller-mania.it\/es\/wp-json\/wp\/v2\/comments?post=10404"}],"version-history":[{"count":1,"href":"https:\/\/roller-mania.it\/es\/wp-json\/wp\/v2\/product\/10404\/revisions"}],"predecessor-version":[{"id":12641,"href":"https:\/\/roller-mania.it\/es\/wp-json\/wp\/v2\/product\/10404\/revisions\/12641"}],"wp:featuredmedia":[{"embeddable":true,"href":"https:\/\/roller-mania.it\/es\/wp-json\/wp\/v2\/media\/10403"}],"wp:attachment":[{"href":"https:\/\/roller-mania.it\/es\/wp-json\/wp\/v2\/media?parent=10404"}],"wp:term":[{"taxonomy":"product_brand","embeddable":true,"href":"https:\/\/roller-mania.it\/es\/wp-json\/wp\/v2\/product_brand?post=10404"},{"taxonomy":"product_cat","embeddable":true,"href":"https:\/\/roller-mania.it\/es\/wp-json\/wp\/v2\/product_cat?post=10404"},{"taxonomy":"product_tag","embeddable":true,"href":"https:\/\/roller-mania.it\/es\/wp-json\/wp\/v2\/product_tag?post=10404"}],"curies":[{"name":"wp","href":"https:\/\/api.w.org\/{rel}","templated":true}]}}