{"id":10387,"date":"2025-10-15T13:26:04","date_gmt":"2025-10-15T13:26:04","guid":{"rendered":"https:\/\/roller-mania.it\/prodotto\/zapatilla-ambra\/"},"modified":"2026-04-09T03:04:13","modified_gmt":"2026-04-09T03:04:13","slug":"bota-ambra","status":"publish","type":"product","link":"https:\/\/roller-mania.it\/es\/producto\/bota-ambra\/","title":{"rendered":"Bota Ambra"},"content":{"rendered":"<p><strong>Strong Support 50<\/strong><br \/>\nAmbra es la \u00faltima creaci\u00f3n de Risport: un pat\u00edn que combina dise\u00f1o moderno y detalles t\u00e9cnicos. Hecho para patinadores de alto nivel que se centran en los saltos dobles.<\/p>\n<p><strong>Caracter\u00edsticas<\/strong><br \/>\nNuevo dise\u00f1o de la pala, que combina comodidad y rendimiento, fabricada con materiales innovadores (microfibra) que garantizan la ligereza y la durabilidad; su avanzado dise\u00f1o favorece la disipaci\u00f3n del calor, manteniendo el pie a una temperatura \u00f3ptima.<br \/>\nNueva suela bimaterial de PS y PU. Estos materiales garantizan ligereza, estabilidad y amortiguaci\u00f3n, mientras que el exclusivo Air Flow System asegura un intercambio constante de aire y la m\u00e1xima transpirabilidad. No solo garantiza un alto rendimiento, sino que su doble color le confiere un aspecto \u00fanico.<br \/>\nNuevo cuello acolchado completamente redise\u00f1ado para una flexibilidad y comodidad excepcionales.<br \/>\nForro transpirable dise\u00f1ado para un confort extremo.<br \/>\nConserva el dise\u00f1o de la leng\u00fceta de todos los modelos de gama alta, que, con su lazo de correa completo, la mantiene perfectamente en su sitio durante el uso.<\/p>\n<p><strong>Ficha t\u00e9cnica<\/strong><br \/>\nMujer<\/p>\n<p>Color: Blanco<br \/>\nAnchos: C<br \/>\nTallas: 210-290<br \/>\nSaltos: 2<\/p>\n","protected":false},"excerpt":{"rendered":"<p><strong>Strong Support 50<\/strong><br \/>\nAmbra es la \u00faltima creaci\u00f3n de Risport: un pat\u00edn que combina dise\u00f1o moderno y detalles t\u00e9cnicos. Hecho para patinadores de alto nivel que se centran en los saltos dobles.<\/p>\n","protected":false},"featured_media":10386,"comment_status":"open","ping_status":"closed","template":"","meta":[],"product_brand":[134],"product_cat":[990],"product_tag":[],"class_list":{"0":"post-10387","1":"product","2":"type-product","3":"status-publish","4":"has-post-thumbnail","6":"product_brand-risport","7":"product_cat-botas","9":"first","10":"instock","11":"taxable","12":"shipping-taxable","13":"purchasable","14":"product-type-variable"},"ct_brands":[{"id":134,"name":"Risport","slug":"risport"}],"yoast_head":"<!-- This site is optimized with the Yoast SEO plugin v27.3 - https:\/\/yoast.com\/product\/yoast-seo-wordpress\/ -->\n<title>Bota Ambra - Roller Mania<\/title>\n<meta name=\"robots\" content=\"index, follow, max-snippet:-1, max-image-preview:large, max-video-preview:-1\" \/>\n<link rel=\"canonical\" href=\"https:\/\/roller-mania.it\/es\/producto\/bota-ambra\/\" \/>\n<meta property=\"og:locale\" content=\"es_ES\" \/>\n<meta property=\"og:type\" content=\"article\" \/>\n<meta property=\"og:title\" content=\"Bota Ambra - Roller Mania\" \/>\n<meta property=\"og:description\" content=\"Strong Support 50 Ambra es la \u00faltima creaci\u00f3n de Risport: un pat\u00edn que combina dise\u00f1o moderno y detalles t\u00e9cnicos. Hecho para patinadores de alto nivel que se centran en los saltos dobles.\" \/>\n<meta property=\"og:url\" content=\"https:\/\/roller-mania.it\/es\/producto\/bota-ambra\/\" \/>\n<meta property=\"og:site_name\" content=\"Roller Mania\" \/>\n<meta property=\"article:modified_time\" content=\"2026-04-09T03:04:13+00:00\" \/>\n<meta property=\"og:image\" content=\"https:\/\/roller-mania.it\/wp-content\/uploads\/2025\/10\/Risport-Ambra.jpg\" \/>\n\t<meta property=\"og:image:width\" content=\"1500\" \/>\n\t<meta property=\"og:image:height\" content=\"1500\" \/>\n\t<meta property=\"og:image:type\" content=\"image\/jpeg\" \/>\n<meta name=\"twitter:card\" content=\"summary_large_image\" \/>\n<meta name=\"twitter:label1\" content=\"Tiempo de lectura\" \/>\n\t<meta name=\"twitter:data1\" content=\"2 minutos\" \/>\n<script type=\"application\/ld+json\" class=\"yoast-schema-graph\">{\"@context\":\"https:\\\/\\\/schema.org\",\"@graph\":[{\"@type\":\"WebPage\",\"@id\":\"https:\\\/\\\/roller-mania.it\\\/es\\\/producto\\\/bota-ambra\\\/\",\"url\":\"https:\\\/\\\/roller-mania.it\\\/es\\\/producto\\\/bota-ambra\\\/\",\"name\":\"Bota Ambra - Roller Mania\",\"isPartOf\":{\"@id\":\"https:\\\/\\\/roller-mania.it\\\/#website\"},\"primaryImageOfPage\":{\"@id\":\"https:\\\/\\\/roller-mania.it\\\/es\\\/producto\\\/bota-ambra\\\/#primaryimage\"},\"image\":{\"@id\":\"https:\\\/\\\/roller-mania.it\\\/es\\\/producto\\\/bota-ambra\\\/#primaryimage\"},\"thumbnailUrl\":\"https:\\\/\\\/roller-mania.it\\\/wp-content\\\/uploads\\\/2025\\\/10\\\/Risport-Ambra.jpg\",\"datePublished\":\"2025-10-15T13:26:04+00:00\",\"dateModified\":\"2026-04-09T03:04:13+00:00\",\"breadcrumb\":{\"@id\":\"https:\\\/\\\/roller-mania.it\\\/es\\\/producto\\\/bota-ambra\\\/#breadcrumb\"},\"inLanguage\":\"es\",\"potentialAction\":[{\"@type\":\"ReadAction\",\"target\":[\"https:\\\/\\\/roller-mania.it\\\/es\\\/producto\\\/bota-ambra\\\/\"]}]},{\"@type\":\"ImageObject\",\"inLanguage\":\"es\",\"@id\":\"https:\\\/\\\/roller-mania.it\\\/es\\\/producto\\\/bota-ambra\\\/#primaryimage\",\"url\":\"https:\\\/\\\/roller-mania.it\\\/wp-content\\\/uploads\\\/2025\\\/10\\\/Risport-Ambra.jpg\",\"contentUrl\":\"https:\\\/\\\/roller-mania.it\\\/wp-content\\\/uploads\\\/2025\\\/10\\\/Risport-Ambra.jpg\",\"width\":1500,\"height\":1500},{\"@type\":\"BreadcrumbList\",\"@id\":\"https:\\\/\\\/roller-mania.it\\\/es\\\/producto\\\/bota-ambra\\\/#breadcrumb\",\"itemListElement\":[{\"@type\":\"ListItem\",\"position\":1,\"name\":\"Home\",\"item\":\"https:\\\/\\\/roller-mania.it\\\/\"},{\"@type\":\"ListItem\",\"position\":2,\"name\":\"Tienda\",\"item\":\"https:\\\/\\\/roller-mania.it\\\/es\\\/tienda\\\/\"},{\"@type\":\"ListItem\",\"position\":3,\"name\":\"Bota Ambra\"}]},{\"@type\":\"WebSite\",\"@id\":\"https:\\\/\\\/roller-mania.it\\\/#website\",\"url\":\"https:\\\/\\\/roller-mania.it\\\/\",\"name\":\"Roller Mania\",\"description\":\"\",\"publisher\":{\"@id\":\"https:\\\/\\\/roller-mania.it\\\/#organization\"},\"potentialAction\":[{\"@type\":\"SearchAction\",\"target\":{\"@type\":\"EntryPoint\",\"urlTemplate\":\"https:\\\/\\\/roller-mania.it\\\/?s={search_term_string}\"},\"query-input\":{\"@type\":\"PropertyValueSpecification\",\"valueRequired\":true,\"valueName\":\"search_term_string\"}}],\"inLanguage\":\"es\"},{\"@type\":\"Organization\",\"@id\":\"https:\\\/\\\/roller-mania.it\\\/#organization\",\"name\":\"Roller Mania\",\"url\":\"https:\\\/\\\/roller-mania.it\\\/\",\"logo\":{\"@type\":\"ImageObject\",\"inLanguage\":\"es\",\"@id\":\"https:\\\/\\\/roller-mania.it\\\/#\\\/schema\\\/logo\\\/image\\\/\",\"url\":\"https:\\\/\\\/roller-mania.it\\\/wp-content\\\/uploads\\\/2025\\\/04\\\/Logo.RollerMania.svg\",\"contentUrl\":\"https:\\\/\\\/roller-mania.it\\\/wp-content\\\/uploads\\\/2025\\\/04\\\/Logo.RollerMania.svg\",\"width\":563,\"height\":73,\"caption\":\"Roller Mania\"},\"image\":{\"@id\":\"https:\\\/\\\/roller-mania.it\\\/#\\\/schema\\\/logo\\\/image\\\/\"},\"sameAs\":[\"https:\\\/\\\/www.instagram.com\\\/rollermania_\\\/\"]}]}<\/script>\n<!-- \/ Yoast SEO plugin. -->","yoast_head_json":{"title":"Bota Ambra - Roller Mania","robots":{"index":"index","follow":"follow","max-snippet":"max-snippet:-1","max-image-preview":"max-image-preview:large","max-video-preview":"max-video-preview:-1"},"canonical":"https:\/\/roller-mania.it\/es\/producto\/bota-ambra\/","og_locale":"es_ES","og_type":"article","og_title":"Bota Ambra - Roller Mania","og_description":"Strong Support 50 Ambra es la \u00faltima creaci\u00f3n de Risport: un pat\u00edn que combina dise\u00f1o moderno y detalles t\u00e9cnicos. Hecho para patinadores de alto nivel que se centran en los saltos dobles.","og_url":"https:\/\/roller-mania.it\/es\/producto\/bota-ambra\/","og_site_name":"Roller Mania","article_modified_time":"2026-04-09T03:04:13+00:00","og_image":[{"width":1500,"height":1500,"url":"https:\/\/roller-mania.it\/wp-content\/uploads\/2025\/10\/Risport-Ambra.jpg","type":"image\/jpeg"}],"twitter_card":"summary_large_image","twitter_misc":{"Tiempo de lectura":"2 minutos"},"schema":{"@context":"https:\/\/schema.org","@graph":[{"@type":"WebPage","@id":"https:\/\/roller-mania.it\/es\/producto\/bota-ambra\/","url":"https:\/\/roller-mania.it\/es\/producto\/bota-ambra\/","name":"Bota Ambra - Roller Mania","isPartOf":{"@id":"https:\/\/roller-mania.it\/#website"},"primaryImageOfPage":{"@id":"https:\/\/roller-mania.it\/es\/producto\/bota-ambra\/#primaryimage"},"image":{"@id":"https:\/\/roller-mania.it\/es\/producto\/bota-ambra\/#primaryimage"},"thumbnailUrl":"https:\/\/roller-mania.it\/wp-content\/uploads\/2025\/10\/Risport-Ambra.jpg","datePublished":"2025-10-15T13:26:04+00:00","dateModified":"2026-04-09T03:04:13+00:00","breadcrumb":{"@id":"https:\/\/roller-mania.it\/es\/producto\/bota-ambra\/#breadcrumb"},"inLanguage":"es","potentialAction":[{"@type":"ReadAction","target":["https:\/\/roller-mania.it\/es\/producto\/bota-ambra\/"]}]},{"@type":"ImageObject","inLanguage":"es","@id":"https:\/\/roller-mania.it\/es\/producto\/bota-ambra\/#primaryimage","url":"https:\/\/roller-mania.it\/wp-content\/uploads\/2025\/10\/Risport-Ambra.jpg","contentUrl":"https:\/\/roller-mania.it\/wp-content\/uploads\/2025\/10\/Risport-Ambra.jpg","width":1500,"height":1500},{"@type":"BreadcrumbList","@id":"https:\/\/roller-mania.it\/es\/producto\/bota-ambra\/#breadcrumb","itemListElement":[{"@type":"ListItem","position":1,"name":"Home","item":"https:\/\/roller-mania.it\/"},{"@type":"ListItem","position":2,"name":"Tienda","item":"https:\/\/roller-mania.it\/es\/tienda\/"},{"@type":"ListItem","position":3,"name":"Bota Ambra"}]},{"@type":"WebSite","@id":"https:\/\/roller-mania.it\/#website","url":"https:\/\/roller-mania.it\/","name":"Roller Mania","description":"","publisher":{"@id":"https:\/\/roller-mania.it\/#organization"},"potentialAction":[{"@type":"SearchAction","target":{"@type":"EntryPoint","urlTemplate":"https:\/\/roller-mania.it\/?s={search_term_string}"},"query-input":{"@type":"PropertyValueSpecification","valueRequired":true,"valueName":"search_term_string"}}],"inLanguage":"es"},{"@type":"Organization","@id":"https:\/\/roller-mania.it\/#organization","name":"Roller Mania","url":"https:\/\/roller-mania.it\/","logo":{"@type":"ImageObject","inLanguage":"es","@id":"https:\/\/roller-mania.it\/#\/schema\/logo\/image\/","url":"https:\/\/roller-mania.it\/wp-content\/uploads\/2025\/04\/Logo.RollerMania.svg","contentUrl":"https:\/\/roller-mania.it\/wp-content\/uploads\/2025\/04\/Logo.RollerMania.svg","width":563,"height":73,"caption":"Roller Mania"},"image":{"@id":"https:\/\/roller-mania.it\/#\/schema\/logo\/image\/"},"sameAs":["https:\/\/www.instagram.com\/rollermania_\/"]}]}},"_links":{"self":[{"href":"https:\/\/roller-mania.it\/es\/wp-json\/wp\/v2\/product\/10387","targetHints":{"allow":["GET"]}}],"collection":[{"href":"https:\/\/roller-mania.it\/es\/wp-json\/wp\/v2\/product"}],"about":[{"href":"https:\/\/roller-mania.it\/es\/wp-json\/wp\/v2\/types\/product"}],"replies":[{"embeddable":true,"href":"https:\/\/roller-mania.it\/es\/wp-json\/wp\/v2\/comments?post=10387"}],"version-history":[{"count":2,"href":"https:\/\/roller-mania.it\/es\/wp-json\/wp\/v2\/product\/10387\/revisions"}],"predecessor-version":[{"id":12607,"href":"https:\/\/roller-mania.it\/es\/wp-json\/wp\/v2\/product\/10387\/revisions\/12607"}],"wp:featuredmedia":[{"embeddable":true,"href":"https:\/\/roller-mania.it\/es\/wp-json\/wp\/v2\/media\/10386"}],"wp:attachment":[{"href":"https:\/\/roller-mania.it\/es\/wp-json\/wp\/v2\/media?parent=10387"}],"wp:term":[{"taxonomy":"product_brand","embeddable":true,"href":"https:\/\/roller-mania.it\/es\/wp-json\/wp\/v2\/product_brand?post=10387"},{"taxonomy":"product_cat","embeddable":true,"href":"https:\/\/roller-mania.it\/es\/wp-json\/wp\/v2\/product_cat?post=10387"},{"taxonomy":"product_tag","embeddable":true,"href":"https:\/\/roller-mania.it\/es\/wp-json\/wp\/v2\/product_tag?post=10387"}],"curies":[{"name":"wp","href":"https:\/\/api.w.org\/{rel}","templated":true}]}}