{"id":10327,"date":"2025-06-24T13:51:45","date_gmt":"2025-06-24T13:51:45","guid":{"rendered":"https:\/\/roller-mania.it\/prodotto\/zapatilla-rf3-pro\/"},"modified":"2026-04-09T03:11:32","modified_gmt":"2026-04-09T03:11:32","slug":"bota-rf3-pro","status":"publish","type":"product","link":"https:\/\/roller-mania.it\/es\/producto\/bota-rf3-pro\/","title":{"rendered":"Bota Rf3 Pro"},"content":{"rendered":"<p><strong>Rigid Support 60<\/strong><br \/>\nDise\u00f1ado espec\u00edficamente para j\u00f3venes profesionales que buscan la excelencia sobre hielo. Este pat\u00edn combina a la perfecci\u00f3n dise\u00f1o, comodidad, rendimiento y elegancia, manteniendo una incre\u00edble ligereza, en perfecta armon\u00eda con la tradici\u00f3n de Risport y su ic\u00f3nica suela de cuero.<\/p>\n<p><strong>Caracter\u00edsticas<\/strong><br \/>\nEl forro exclusivo ofrece la m\u00e1xima calidad y valor t\u00e9cnico, proporcionando amortiguaci\u00f3n en las zonas de mayor estr\u00e9s, como los tobillos. Garantiza una excelente transpirabilidad, manteniendo la temperatura correcta del pie y evitando la formaci\u00f3n de bacterias.<br \/>\nLa suela especialmente angulada permite a los patinadores alcanzar inclinaciones laterales elevadas. Est\u00e1 fabricado en cuero, un material que reduce las vibraciones y ofrece control y estabilidad.<br \/>\nEl cuello garantiza altos niveles de comodidad para el deportista. Los ojales, orificios y ganchos reforzados permiten modular la lazada en distintos puntos del pie y del tobillo para un ajuste personalizado.<\/p>\n<p><strong>Ficha t\u00e9cnica<\/strong><br \/>\n<em>Mujer<\/em><br \/>\nColor: Blanco<br \/>\nAnchos: C<br \/>\nTallas: 200-280<br \/>\nSaltos: 2-3<\/p>\n","protected":false},"excerpt":{"rendered":"<p><strong>Rigid Support 60<\/strong><br \/>\nDise\u00f1ado espec\u00edficamente para j\u00f3venes profesionales que buscan la excelencia sobre el hielo. Este pat\u00edn combina a la perfecci\u00f3n dise\u00f1o, comodidad, rendimiento y elegancia, manteniendo una incre\u00edble ligereza, en perfecta sinton\u00eda con la tradici\u00f3n de Risport y su ic\u00f3nica suela de cuero.<\/p>\n","protected":false},"featured_media":10326,"comment_status":"open","ping_status":"closed","template":"","meta":[],"product_brand":[134],"product_cat":[990],"product_tag":[],"class_list":{"0":"post-10327","1":"product","2":"type-product","3":"status-publish","4":"has-post-thumbnail","6":"product_brand-risport","7":"product_cat-botas","9":"first","10":"instock","11":"taxable","12":"shipping-taxable","13":"purchasable","14":"product-type-variable"},"ct_brands":[{"id":134,"name":"Risport","slug":"risport"}],"yoast_head":"<!-- This site is optimized with the Yoast SEO plugin v27.3 - https:\/\/yoast.com\/product\/yoast-seo-wordpress\/ -->\n<title>Bota Rf3 Pro - Roller Mania<\/title>\n<meta name=\"robots\" content=\"index, follow, max-snippet:-1, max-image-preview:large, max-video-preview:-1\" \/>\n<link rel=\"canonical\" href=\"https:\/\/roller-mania.it\/es\/producto\/bota-rf3-pro\/\" \/>\n<meta property=\"og:locale\" content=\"es_ES\" \/>\n<meta property=\"og:type\" content=\"article\" \/>\n<meta property=\"og:title\" content=\"Bota Rf3 Pro - Roller Mania\" \/>\n<meta property=\"og:description\" content=\"Rigid Support 60 Dise\u00f1ado espec\u00edficamente para j\u00f3venes profesionales que buscan la excelencia sobre el hielo. Este pat\u00edn combina a la perfecci\u00f3n dise\u00f1o, comodidad, rendimiento y elegancia, manteniendo una incre\u00edble ligereza, en perfecta sinton\u00eda con la tradici\u00f3n de Risport y su ic\u00f3nica suela de cuero.\" \/>\n<meta property=\"og:url\" content=\"https:\/\/roller-mania.it\/es\/producto\/bota-rf3-pro\/\" \/>\n<meta property=\"og:site_name\" content=\"Roller Mania\" \/>\n<meta property=\"article:modified_time\" content=\"2026-04-09T03:11:32+00:00\" \/>\n<meta property=\"og:image\" content=\"https:\/\/roller-mania.it\/wp-content\/uploads\/2025\/06\/Risport-Rf3-Pro.jpg\" \/>\n\t<meta property=\"og:image:width\" content=\"1500\" \/>\n\t<meta property=\"og:image:height\" content=\"1500\" \/>\n\t<meta property=\"og:image:type\" content=\"image\/jpeg\" \/>\n<meta name=\"twitter:card\" content=\"summary_large_image\" \/>\n<meta name=\"twitter:label1\" content=\"Tiempo de lectura\" \/>\n\t<meta name=\"twitter:data1\" content=\"2 minutos\" \/>\n<script type=\"application\/ld+json\" class=\"yoast-schema-graph\">{\"@context\":\"https:\\\/\\\/schema.org\",\"@graph\":[{\"@type\":\"WebPage\",\"@id\":\"https:\\\/\\\/roller-mania.it\\\/es\\\/producto\\\/bota-rf3-pro\\\/\",\"url\":\"https:\\\/\\\/roller-mania.it\\\/es\\\/producto\\\/bota-rf3-pro\\\/\",\"name\":\"Bota Rf3 Pro - Roller Mania\",\"isPartOf\":{\"@id\":\"https:\\\/\\\/roller-mania.it\\\/#website\"},\"primaryImageOfPage\":{\"@id\":\"https:\\\/\\\/roller-mania.it\\\/es\\\/producto\\\/bota-rf3-pro\\\/#primaryimage\"},\"image\":{\"@id\":\"https:\\\/\\\/roller-mania.it\\\/es\\\/producto\\\/bota-rf3-pro\\\/#primaryimage\"},\"thumbnailUrl\":\"https:\\\/\\\/roller-mania.it\\\/wp-content\\\/uploads\\\/2025\\\/06\\\/Risport-Rf3-Pro.jpg\",\"datePublished\":\"2025-06-24T13:51:45+00:00\",\"dateModified\":\"2026-04-09T03:11:32+00:00\",\"breadcrumb\":{\"@id\":\"https:\\\/\\\/roller-mania.it\\\/es\\\/producto\\\/bota-rf3-pro\\\/#breadcrumb\"},\"inLanguage\":\"es\",\"potentialAction\":[{\"@type\":\"ReadAction\",\"target\":[\"https:\\\/\\\/roller-mania.it\\\/es\\\/producto\\\/bota-rf3-pro\\\/\"]}]},{\"@type\":\"ImageObject\",\"inLanguage\":\"es\",\"@id\":\"https:\\\/\\\/roller-mania.it\\\/es\\\/producto\\\/bota-rf3-pro\\\/#primaryimage\",\"url\":\"https:\\\/\\\/roller-mania.it\\\/wp-content\\\/uploads\\\/2025\\\/06\\\/Risport-Rf3-Pro.jpg\",\"contentUrl\":\"https:\\\/\\\/roller-mania.it\\\/wp-content\\\/uploads\\\/2025\\\/06\\\/Risport-Rf3-Pro.jpg\",\"width\":1500,\"height\":1500},{\"@type\":\"BreadcrumbList\",\"@id\":\"https:\\\/\\\/roller-mania.it\\\/es\\\/producto\\\/bota-rf3-pro\\\/#breadcrumb\",\"itemListElement\":[{\"@type\":\"ListItem\",\"position\":1,\"name\":\"Home\",\"item\":\"https:\\\/\\\/roller-mania.it\\\/\"},{\"@type\":\"ListItem\",\"position\":2,\"name\":\"Tienda\",\"item\":\"https:\\\/\\\/roller-mania.it\\\/es\\\/tienda\\\/\"},{\"@type\":\"ListItem\",\"position\":3,\"name\":\"Bota Rf3 Pro\"}]},{\"@type\":\"WebSite\",\"@id\":\"https:\\\/\\\/roller-mania.it\\\/#website\",\"url\":\"https:\\\/\\\/roller-mania.it\\\/\",\"name\":\"Roller Mania\",\"description\":\"\",\"publisher\":{\"@id\":\"https:\\\/\\\/roller-mania.it\\\/#organization\"},\"potentialAction\":[{\"@type\":\"SearchAction\",\"target\":{\"@type\":\"EntryPoint\",\"urlTemplate\":\"https:\\\/\\\/roller-mania.it\\\/?s={search_term_string}\"},\"query-input\":{\"@type\":\"PropertyValueSpecification\",\"valueRequired\":true,\"valueName\":\"search_term_string\"}}],\"inLanguage\":\"es\"},{\"@type\":\"Organization\",\"@id\":\"https:\\\/\\\/roller-mania.it\\\/#organization\",\"name\":\"Roller Mania\",\"url\":\"https:\\\/\\\/roller-mania.it\\\/\",\"logo\":{\"@type\":\"ImageObject\",\"inLanguage\":\"es\",\"@id\":\"https:\\\/\\\/roller-mania.it\\\/#\\\/schema\\\/logo\\\/image\\\/\",\"url\":\"https:\\\/\\\/roller-mania.it\\\/wp-content\\\/uploads\\\/2025\\\/04\\\/Logo.RollerMania.svg\",\"contentUrl\":\"https:\\\/\\\/roller-mania.it\\\/wp-content\\\/uploads\\\/2025\\\/04\\\/Logo.RollerMania.svg\",\"width\":563,\"height\":73,\"caption\":\"Roller Mania\"},\"image\":{\"@id\":\"https:\\\/\\\/roller-mania.it\\\/#\\\/schema\\\/logo\\\/image\\\/\"},\"sameAs\":[\"https:\\\/\\\/www.instagram.com\\\/rollermania_\\\/\"]}]}<\/script>\n<!-- \/ Yoast SEO plugin. -->","yoast_head_json":{"title":"Bota Rf3 Pro - Roller Mania","robots":{"index":"index","follow":"follow","max-snippet":"max-snippet:-1","max-image-preview":"max-image-preview:large","max-video-preview":"max-video-preview:-1"},"canonical":"https:\/\/roller-mania.it\/es\/producto\/bota-rf3-pro\/","og_locale":"es_ES","og_type":"article","og_title":"Bota Rf3 Pro - Roller Mania","og_description":"Rigid Support 60 Dise\u00f1ado espec\u00edficamente para j\u00f3venes profesionales que buscan la excelencia sobre el hielo. Este pat\u00edn combina a la perfecci\u00f3n dise\u00f1o, comodidad, rendimiento y elegancia, manteniendo una incre\u00edble ligereza, en perfecta sinton\u00eda con la tradici\u00f3n de Risport y su ic\u00f3nica suela de cuero.","og_url":"https:\/\/roller-mania.it\/es\/producto\/bota-rf3-pro\/","og_site_name":"Roller Mania","article_modified_time":"2026-04-09T03:11:32+00:00","og_image":[{"width":1500,"height":1500,"url":"https:\/\/roller-mania.it\/wp-content\/uploads\/2025\/06\/Risport-Rf3-Pro.jpg","type":"image\/jpeg"}],"twitter_card":"summary_large_image","twitter_misc":{"Tiempo de lectura":"2 minutos"},"schema":{"@context":"https:\/\/schema.org","@graph":[{"@type":"WebPage","@id":"https:\/\/roller-mania.it\/es\/producto\/bota-rf3-pro\/","url":"https:\/\/roller-mania.it\/es\/producto\/bota-rf3-pro\/","name":"Bota Rf3 Pro - Roller Mania","isPartOf":{"@id":"https:\/\/roller-mania.it\/#website"},"primaryImageOfPage":{"@id":"https:\/\/roller-mania.it\/es\/producto\/bota-rf3-pro\/#primaryimage"},"image":{"@id":"https:\/\/roller-mania.it\/es\/producto\/bota-rf3-pro\/#primaryimage"},"thumbnailUrl":"https:\/\/roller-mania.it\/wp-content\/uploads\/2025\/06\/Risport-Rf3-Pro.jpg","datePublished":"2025-06-24T13:51:45+00:00","dateModified":"2026-04-09T03:11:32+00:00","breadcrumb":{"@id":"https:\/\/roller-mania.it\/es\/producto\/bota-rf3-pro\/#breadcrumb"},"inLanguage":"es","potentialAction":[{"@type":"ReadAction","target":["https:\/\/roller-mania.it\/es\/producto\/bota-rf3-pro\/"]}]},{"@type":"ImageObject","inLanguage":"es","@id":"https:\/\/roller-mania.it\/es\/producto\/bota-rf3-pro\/#primaryimage","url":"https:\/\/roller-mania.it\/wp-content\/uploads\/2025\/06\/Risport-Rf3-Pro.jpg","contentUrl":"https:\/\/roller-mania.it\/wp-content\/uploads\/2025\/06\/Risport-Rf3-Pro.jpg","width":1500,"height":1500},{"@type":"BreadcrumbList","@id":"https:\/\/roller-mania.it\/es\/producto\/bota-rf3-pro\/#breadcrumb","itemListElement":[{"@type":"ListItem","position":1,"name":"Home","item":"https:\/\/roller-mania.it\/"},{"@type":"ListItem","position":2,"name":"Tienda","item":"https:\/\/roller-mania.it\/es\/tienda\/"},{"@type":"ListItem","position":3,"name":"Bota Rf3 Pro"}]},{"@type":"WebSite","@id":"https:\/\/roller-mania.it\/#website","url":"https:\/\/roller-mania.it\/","name":"Roller Mania","description":"","publisher":{"@id":"https:\/\/roller-mania.it\/#organization"},"potentialAction":[{"@type":"SearchAction","target":{"@type":"EntryPoint","urlTemplate":"https:\/\/roller-mania.it\/?s={search_term_string}"},"query-input":{"@type":"PropertyValueSpecification","valueRequired":true,"valueName":"search_term_string"}}],"inLanguage":"es"},{"@type":"Organization","@id":"https:\/\/roller-mania.it\/#organization","name":"Roller Mania","url":"https:\/\/roller-mania.it\/","logo":{"@type":"ImageObject","inLanguage":"es","@id":"https:\/\/roller-mania.it\/#\/schema\/logo\/image\/","url":"https:\/\/roller-mania.it\/wp-content\/uploads\/2025\/04\/Logo.RollerMania.svg","contentUrl":"https:\/\/roller-mania.it\/wp-content\/uploads\/2025\/04\/Logo.RollerMania.svg","width":563,"height":73,"caption":"Roller Mania"},"image":{"@id":"https:\/\/roller-mania.it\/#\/schema\/logo\/image\/"},"sameAs":["https:\/\/www.instagram.com\/rollermania_\/"]}]}},"_links":{"self":[{"href":"https:\/\/roller-mania.it\/es\/wp-json\/wp\/v2\/product\/10327","targetHints":{"allow":["GET"]}}],"collection":[{"href":"https:\/\/roller-mania.it\/es\/wp-json\/wp\/v2\/product"}],"about":[{"href":"https:\/\/roller-mania.it\/es\/wp-json\/wp\/v2\/types\/product"}],"replies":[{"embeddable":true,"href":"https:\/\/roller-mania.it\/es\/wp-json\/wp\/v2\/comments?post=10327"}],"version-history":[{"count":2,"href":"https:\/\/roller-mania.it\/es\/wp-json\/wp\/v2\/product\/10327\/revisions"}],"predecessor-version":[{"id":12643,"href":"https:\/\/roller-mania.it\/es\/wp-json\/wp\/v2\/product\/10327\/revisions\/12643"}],"wp:featuredmedia":[{"embeddable":true,"href":"https:\/\/roller-mania.it\/es\/wp-json\/wp\/v2\/media\/10326"}],"wp:attachment":[{"href":"https:\/\/roller-mania.it\/es\/wp-json\/wp\/v2\/media?parent=10327"}],"wp:term":[{"taxonomy":"product_brand","embeddable":true,"href":"https:\/\/roller-mania.it\/es\/wp-json\/wp\/v2\/product_brand?post=10327"},{"taxonomy":"product_cat","embeddable":true,"href":"https:\/\/roller-mania.it\/es\/wp-json\/wp\/v2\/product_cat?post=10327"},{"taxonomy":"product_tag","embeddable":true,"href":"https:\/\/roller-mania.it\/es\/wp-json\/wp\/v2\/product_tag?post=10327"}],"curies":[{"name":"wp","href":"https:\/\/api.w.org\/{rel}","templated":true}]}}