{"id":10185,"date":"2025-06-24T13:51:28","date_gmt":"2025-06-24T13:51:28","guid":{"rendered":"https:\/\/roller-mania.it\/prodotto\/chasis-evo\/"},"modified":"2026-04-09T03:44:39","modified_gmt":"2026-04-09T03:44:39","slug":"plancha-evo","status":"publish","type":"product","link":"https:\/\/roller-mania.it\/es\/producto\/plancha-evo\/","title":{"rendered":"Plancha Evo"},"content":{"rendered":"<p>La plancha Evo est\u00e1 dise\u00f1ado para deportistas de alto nivel que realizan saltos triples y giros avanzados que requieren el m\u00e1ximo de sus patines.<br \/>\n\u00c1ngulos de pin diferenciados para una mayor agilidad en los hilos y un centrado \u00f3ptimo del giro.<br \/>\nEje rebajado de 5 mm que aumenta considerablemente la estabilidad al aterrizar los saltos y la maniobrabilidad al presionar sobre los hilos.<br \/>\nDiferenciaci\u00f3n entre placa izquierda y derecha que facilita los saltos de punta como Toe-Loop, Flip y Lutz.<br \/>\nMecanismo de clic que permite una direcci\u00f3n m\u00e1s precisa que mantiene su ajuste incluso durante los ejercicios m\u00e1s complejos.<br \/>\nPlantilla realizada a partir de una barra estirada de Ergal y totalmente mecanizada por CNC.<br \/>\nPin de direcci\u00f2n de 13 mm inclinados a 18\u00b0 (delante) y 15\u00b0 (detr\u00e1s) con ajuste rebajado.<br \/>\nSuspensiones de elast\u00f3mero disponibles en 5 durezas (colores).<br \/>\nTravesa\u00f1os de aluminio con ejes de acero de 7 mm y puntales ajustables<br \/>\nFreno (amortiguador) y kit de llaves incluidos.<\/p>\n","protected":false},"excerpt":{"rendered":"<p>La plancha Evo est\u00e1 dise\u00f1ado para deportistas de alto nivel que realizan saltos triples y giros avanzados que requieren el m\u00e1ximo de sus patines.<br \/>\n\u00c1ngulos de pin diferenciados para una mayor agilidad en los hilos y un centrado \u00f3ptimo del giro.<br \/>\nEje rebajado de 5 mm que aumenta considerablemente la estabilidad al aterrizar los saltos y la maniobrabilidad al presionar sobre los hilos.<br \/>\nDiferenciaci\u00f3n entre placa izquierda y derecha que facilita los saltos de punta como Toe-Loop, Flip y Lutz.<br \/>\nMecanismo de clic que permite una direcci\u00f3n m\u00e1s precisa que mantiene su ajuste incluso durante los ejercicios m\u00e1s complejos.<br \/>\nPlantilla realizada a partir de una barra estirada de Ergal y totalmente mecanizada por CNC.<br \/>\nPin de direcci\u00f2n de 13 mm inclinados a 18\u00b0 (delante) y 15\u00b0 (detr\u00e1s) con ajuste rebajado.<br \/>\nSuspensiones de elast\u00f3mero disponibles en 5 durezas (colores).<br \/>\nTravesa\u00f1os de aluminio con ejes de acero de 7 mm y puntales ajustables<br \/>\nFreno (amortiguador) y kit de llaves incluidos.<\/p>\n","protected":false},"featured_media":10184,"comment_status":"open","ping_status":"closed","template":"","meta":[],"product_brand":[132],"product_cat":[959],"product_tag":[],"class_list":{"0":"post-10185","1":"product","2":"type-product","3":"status-publish","4":"has-post-thumbnail","6":"product_brand-roll-line","7":"product_cat-planchas","9":"first","10":"instock","11":"taxable","12":"shipping-taxable","13":"purchasable","14":"product-type-variable"},"ct_brands":[{"id":132,"name":"Roll Line","slug":"roll-line"}],"yoast_head":"<!-- This site is optimized with the Yoast SEO plugin v27.3 - https:\/\/yoast.com\/product\/yoast-seo-wordpress\/ -->\n<title>Plancha Evo - Roller Mania<\/title>\n<meta name=\"robots\" content=\"index, follow, max-snippet:-1, max-image-preview:large, max-video-preview:-1\" \/>\n<link rel=\"canonical\" href=\"https:\/\/roller-mania.it\/es\/producto\/plancha-evo\/\" \/>\n<meta property=\"og:locale\" content=\"es_ES\" \/>\n<meta property=\"og:type\" content=\"article\" \/>\n<meta property=\"og:title\" content=\"Plancha Evo - Roller Mania\" \/>\n<meta property=\"og:description\" content=\"La plancha Evo est\u00e1 dise\u00f1ado para deportistas de alto nivel que realizan saltos triples y giros avanzados que requieren el m\u00e1ximo de sus patines. \u00c1ngulos de pin diferenciados para una mayor agilidad en los hilos y un centrado \u00f3ptimo del giro. Eje rebajado de 5 mm que aumenta considerablemente la estabilidad al aterrizar los saltos y la maniobrabilidad al presionar sobre los hilos. Diferenciaci\u00f3n entre placa izquierda y derecha que facilita los saltos de punta como Toe-Loop, Flip y Lutz. Mecanismo de clic que permite una direcci\u00f3n m\u00e1s precisa que mantiene su ajuste incluso durante los ejercicios m\u00e1s complejos. Plantilla realizada a partir de una barra estirada de Ergal y totalmente mecanizada por CNC. Pin de direcci\u00f2n de 13 mm inclinados a 18\u00b0 (delante) y 15\u00b0 (detr\u00e1s) con ajuste rebajado. Suspensiones de elast\u00f3mero disponibles en 5 durezas (colores). Travesa\u00f1os de aluminio con ejes de acero de 7 mm y puntales ajustables Freno (amortiguador) y kit de llaves incluidos.\" \/>\n<meta property=\"og:url\" content=\"https:\/\/roller-mania.it\/es\/producto\/plancha-evo\/\" \/>\n<meta property=\"og:site_name\" content=\"Roller Mania\" \/>\n<meta property=\"article:modified_time\" content=\"2026-04-09T03:44:39+00:00\" \/>\n<meta property=\"og:image\" content=\"https:\/\/roller-mania.it\/wp-content\/uploads\/2025\/06\/Telaio-EVO.jpg\" \/>\n\t<meta property=\"og:image:width\" content=\"1500\" \/>\n\t<meta property=\"og:image:height\" content=\"1500\" \/>\n\t<meta property=\"og:image:type\" content=\"image\/jpeg\" \/>\n<meta name=\"twitter:card\" content=\"summary_large_image\" \/>\n<meta name=\"twitter:label1\" content=\"Tiempo de lectura\" \/>\n\t<meta name=\"twitter:data1\" content=\"2 minutos\" \/>\n<script type=\"application\/ld+json\" class=\"yoast-schema-graph\">{\"@context\":\"https:\\\/\\\/schema.org\",\"@graph\":[{\"@type\":\"WebPage\",\"@id\":\"https:\\\/\\\/roller-mania.it\\\/es\\\/producto\\\/plancha-evo\\\/\",\"url\":\"https:\\\/\\\/roller-mania.it\\\/es\\\/producto\\\/plancha-evo\\\/\",\"name\":\"Plancha Evo - Roller Mania\",\"isPartOf\":{\"@id\":\"https:\\\/\\\/roller-mania.it\\\/#website\"},\"primaryImageOfPage\":{\"@id\":\"https:\\\/\\\/roller-mania.it\\\/es\\\/producto\\\/plancha-evo\\\/#primaryimage\"},\"image\":{\"@id\":\"https:\\\/\\\/roller-mania.it\\\/es\\\/producto\\\/plancha-evo\\\/#primaryimage\"},\"thumbnailUrl\":\"https:\\\/\\\/roller-mania.it\\\/wp-content\\\/uploads\\\/2025\\\/06\\\/Telaio-EVO.jpg\",\"datePublished\":\"2025-06-24T13:51:28+00:00\",\"dateModified\":\"2026-04-09T03:44:39+00:00\",\"breadcrumb\":{\"@id\":\"https:\\\/\\\/roller-mania.it\\\/es\\\/producto\\\/plancha-evo\\\/#breadcrumb\"},\"inLanguage\":\"es\",\"potentialAction\":[{\"@type\":\"ReadAction\",\"target\":[\"https:\\\/\\\/roller-mania.it\\\/es\\\/producto\\\/plancha-evo\\\/\"]}]},{\"@type\":\"ImageObject\",\"inLanguage\":\"es\",\"@id\":\"https:\\\/\\\/roller-mania.it\\\/es\\\/producto\\\/plancha-evo\\\/#primaryimage\",\"url\":\"https:\\\/\\\/roller-mania.it\\\/wp-content\\\/uploads\\\/2025\\\/06\\\/Telaio-EVO.jpg\",\"contentUrl\":\"https:\\\/\\\/roller-mania.it\\\/wp-content\\\/uploads\\\/2025\\\/06\\\/Telaio-EVO.jpg\",\"width\":1500,\"height\":1500},{\"@type\":\"BreadcrumbList\",\"@id\":\"https:\\\/\\\/roller-mania.it\\\/es\\\/producto\\\/plancha-evo\\\/#breadcrumb\",\"itemListElement\":[{\"@type\":\"ListItem\",\"position\":1,\"name\":\"Home\",\"item\":\"https:\\\/\\\/roller-mania.it\\\/\"},{\"@type\":\"ListItem\",\"position\":2,\"name\":\"Tienda\",\"item\":\"https:\\\/\\\/roller-mania.it\\\/es\\\/tienda\\\/\"},{\"@type\":\"ListItem\",\"position\":3,\"name\":\"Plancha Evo\"}]},{\"@type\":\"WebSite\",\"@id\":\"https:\\\/\\\/roller-mania.it\\\/#website\",\"url\":\"https:\\\/\\\/roller-mania.it\\\/\",\"name\":\"Roller Mania\",\"description\":\"\",\"publisher\":{\"@id\":\"https:\\\/\\\/roller-mania.it\\\/#organization\"},\"potentialAction\":[{\"@type\":\"SearchAction\",\"target\":{\"@type\":\"EntryPoint\",\"urlTemplate\":\"https:\\\/\\\/roller-mania.it\\\/?s={search_term_string}\"},\"query-input\":{\"@type\":\"PropertyValueSpecification\",\"valueRequired\":true,\"valueName\":\"search_term_string\"}}],\"inLanguage\":\"es\"},{\"@type\":\"Organization\",\"@id\":\"https:\\\/\\\/roller-mania.it\\\/#organization\",\"name\":\"Roller Mania\",\"url\":\"https:\\\/\\\/roller-mania.it\\\/\",\"logo\":{\"@type\":\"ImageObject\",\"inLanguage\":\"es\",\"@id\":\"https:\\\/\\\/roller-mania.it\\\/#\\\/schema\\\/logo\\\/image\\\/\",\"url\":\"https:\\\/\\\/roller-mania.it\\\/wp-content\\\/uploads\\\/2025\\\/04\\\/Logo.RollerMania.svg\",\"contentUrl\":\"https:\\\/\\\/roller-mania.it\\\/wp-content\\\/uploads\\\/2025\\\/04\\\/Logo.RollerMania.svg\",\"width\":563,\"height\":73,\"caption\":\"Roller Mania\"},\"image\":{\"@id\":\"https:\\\/\\\/roller-mania.it\\\/#\\\/schema\\\/logo\\\/image\\\/\"},\"sameAs\":[\"https:\\\/\\\/www.instagram.com\\\/rollermania_\\\/\"]}]}<\/script>\n<!-- \/ Yoast SEO plugin. -->","yoast_head_json":{"title":"Plancha Evo - Roller Mania","robots":{"index":"index","follow":"follow","max-snippet":"max-snippet:-1","max-image-preview":"max-image-preview:large","max-video-preview":"max-video-preview:-1"},"canonical":"https:\/\/roller-mania.it\/es\/producto\/plancha-evo\/","og_locale":"es_ES","og_type":"article","og_title":"Plancha Evo - Roller Mania","og_description":"La plancha Evo est\u00e1 dise\u00f1ado para deportistas de alto nivel que realizan saltos triples y giros avanzados que requieren el m\u00e1ximo de sus patines. \u00c1ngulos de pin diferenciados para una mayor agilidad en los hilos y un centrado \u00f3ptimo del giro. Eje rebajado de 5 mm que aumenta considerablemente la estabilidad al aterrizar los saltos y la maniobrabilidad al presionar sobre los hilos. Diferenciaci\u00f3n entre placa izquierda y derecha que facilita los saltos de punta como Toe-Loop, Flip y Lutz. Mecanismo de clic que permite una direcci\u00f3n m\u00e1s precisa que mantiene su ajuste incluso durante los ejercicios m\u00e1s complejos. Plantilla realizada a partir de una barra estirada de Ergal y totalmente mecanizada por CNC. Pin de direcci\u00f2n de 13 mm inclinados a 18\u00b0 (delante) y 15\u00b0 (detr\u00e1s) con ajuste rebajado. Suspensiones de elast\u00f3mero disponibles en 5 durezas (colores). Travesa\u00f1os de aluminio con ejes de acero de 7 mm y puntales ajustables Freno (amortiguador) y kit de llaves incluidos.","og_url":"https:\/\/roller-mania.it\/es\/producto\/plancha-evo\/","og_site_name":"Roller Mania","article_modified_time":"2026-04-09T03:44:39+00:00","og_image":[{"width":1500,"height":1500,"url":"https:\/\/roller-mania.it\/wp-content\/uploads\/2025\/06\/Telaio-EVO.jpg","type":"image\/jpeg"}],"twitter_card":"summary_large_image","twitter_misc":{"Tiempo de lectura":"2 minutos"},"schema":{"@context":"https:\/\/schema.org","@graph":[{"@type":"WebPage","@id":"https:\/\/roller-mania.it\/es\/producto\/plancha-evo\/","url":"https:\/\/roller-mania.it\/es\/producto\/plancha-evo\/","name":"Plancha Evo - Roller Mania","isPartOf":{"@id":"https:\/\/roller-mania.it\/#website"},"primaryImageOfPage":{"@id":"https:\/\/roller-mania.it\/es\/producto\/plancha-evo\/#primaryimage"},"image":{"@id":"https:\/\/roller-mania.it\/es\/producto\/plancha-evo\/#primaryimage"},"thumbnailUrl":"https:\/\/roller-mania.it\/wp-content\/uploads\/2025\/06\/Telaio-EVO.jpg","datePublished":"2025-06-24T13:51:28+00:00","dateModified":"2026-04-09T03:44:39+00:00","breadcrumb":{"@id":"https:\/\/roller-mania.it\/es\/producto\/plancha-evo\/#breadcrumb"},"inLanguage":"es","potentialAction":[{"@type":"ReadAction","target":["https:\/\/roller-mania.it\/es\/producto\/plancha-evo\/"]}]},{"@type":"ImageObject","inLanguage":"es","@id":"https:\/\/roller-mania.it\/es\/producto\/plancha-evo\/#primaryimage","url":"https:\/\/roller-mania.it\/wp-content\/uploads\/2025\/06\/Telaio-EVO.jpg","contentUrl":"https:\/\/roller-mania.it\/wp-content\/uploads\/2025\/06\/Telaio-EVO.jpg","width":1500,"height":1500},{"@type":"BreadcrumbList","@id":"https:\/\/roller-mania.it\/es\/producto\/plancha-evo\/#breadcrumb","itemListElement":[{"@type":"ListItem","position":1,"name":"Home","item":"https:\/\/roller-mania.it\/"},{"@type":"ListItem","position":2,"name":"Tienda","item":"https:\/\/roller-mania.it\/es\/tienda\/"},{"@type":"ListItem","position":3,"name":"Plancha Evo"}]},{"@type":"WebSite","@id":"https:\/\/roller-mania.it\/#website","url":"https:\/\/roller-mania.it\/","name":"Roller Mania","description":"","publisher":{"@id":"https:\/\/roller-mania.it\/#organization"},"potentialAction":[{"@type":"SearchAction","target":{"@type":"EntryPoint","urlTemplate":"https:\/\/roller-mania.it\/?s={search_term_string}"},"query-input":{"@type":"PropertyValueSpecification","valueRequired":true,"valueName":"search_term_string"}}],"inLanguage":"es"},{"@type":"Organization","@id":"https:\/\/roller-mania.it\/#organization","name":"Roller Mania","url":"https:\/\/roller-mania.it\/","logo":{"@type":"ImageObject","inLanguage":"es","@id":"https:\/\/roller-mania.it\/#\/schema\/logo\/image\/","url":"https:\/\/roller-mania.it\/wp-content\/uploads\/2025\/04\/Logo.RollerMania.svg","contentUrl":"https:\/\/roller-mania.it\/wp-content\/uploads\/2025\/04\/Logo.RollerMania.svg","width":563,"height":73,"caption":"Roller Mania"},"image":{"@id":"https:\/\/roller-mania.it\/#\/schema\/logo\/image\/"},"sameAs":["https:\/\/www.instagram.com\/rollermania_\/"]}]}},"_links":{"self":[{"href":"https:\/\/roller-mania.it\/es\/wp-json\/wp\/v2\/product\/10185","targetHints":{"allow":["GET"]}}],"collection":[{"href":"https:\/\/roller-mania.it\/es\/wp-json\/wp\/v2\/product"}],"about":[{"href":"https:\/\/roller-mania.it\/es\/wp-json\/wp\/v2\/types\/product"}],"replies":[{"embeddable":true,"href":"https:\/\/roller-mania.it\/es\/wp-json\/wp\/v2\/comments?post=10185"}],"version-history":[{"count":3,"href":"https:\/\/roller-mania.it\/es\/wp-json\/wp\/v2\/product\/10185\/revisions"}],"predecessor-version":[{"id":12693,"href":"https:\/\/roller-mania.it\/es\/wp-json\/wp\/v2\/product\/10185\/revisions\/12693"}],"wp:featuredmedia":[{"embeddable":true,"href":"https:\/\/roller-mania.it\/es\/wp-json\/wp\/v2\/media\/10184"}],"wp:attachment":[{"href":"https:\/\/roller-mania.it\/es\/wp-json\/wp\/v2\/media?parent=10185"}],"wp:term":[{"taxonomy":"product_brand","embeddable":true,"href":"https:\/\/roller-mania.it\/es\/wp-json\/wp\/v2\/product_brand?post=10185"},{"taxonomy":"product_cat","embeddable":true,"href":"https:\/\/roller-mania.it\/es\/wp-json\/wp\/v2\/product_cat?post=10185"},{"taxonomy":"product_tag","embeddable":true,"href":"https:\/\/roller-mania.it\/es\/wp-json\/wp\/v2\/product_tag?post=10185"}],"curies":[{"name":"wp","href":"https:\/\/api.w.org\/{rel}","templated":true}]}}