{"id":8368,"date":"2024-11-07T13:47:05","date_gmt":"2024-11-07T13:47:05","guid":{"rendered":"https:\/\/roller-mania.it\/quienes-somos\/"},"modified":"2026-02-09T13:41:12","modified_gmt":"2026-02-09T13:41:12","slug":"quienes-somos","status":"publish","type":"page","link":"https:\/\/roller-mania.it\/es\/quienes-somos\/","title":{"rendered":"Qui\u00e9nes somos"},"content":{"rendered":"\t\t<div data-elementor-type=\"wp-page\" data-elementor-id=\"8368\" class=\"elementor elementor-8368 elementor-931\">\n\t\t\t\t<div class=\"elementor-element elementor-element-de82d42 e-flex e-con-boxed e-con e-parent\" data-id=\"de82d42\" data-element_type=\"container\" data-e-type=\"container\">\n\t\t\t\t\t<div class=\"e-con-inner\">\n\t\t<div class=\"elementor-element elementor-element-9174b36 ct-hero e-flex e-con-boxed e-con e-child\" data-id=\"9174b36\" data-element_type=\"container\" data-e-type=\"container\" data-settings=\"{&quot;background_background&quot;:&quot;classic&quot;}\">\n\t\t\t\t\t<div class=\"e-con-inner\">\n\t\t\t\t<div class=\"elementor-element elementor-element-ce9bad0 elementor-widget elementor-widget-heading\" data-id=\"ce9bad0\" data-element_type=\"widget\" data-e-type=\"widget\" data-widget_type=\"heading.default\">\n\t\t\t\t<div class=\"elementor-widget-container\">\n\t\t\t\t\t<h2 class=\"elementor-heading-title elementor-size-default\">Qui\u00e9nes somos<\/h2>\t\t\t\t<\/div>\n\t\t\t\t<\/div>\n\t\t\t\t<div class=\"elementor-element elementor-element-fb45114 elementor-widget elementor-widget-shortcode\" data-id=\"fb45114\" data-element_type=\"widget\" data-e-type=\"widget\" data-widget_type=\"shortcode.default\">\n\t\t\t\t<div class=\"elementor-widget-container\">\n\t\t\t\t\t\t\t<div class=\"elementor-shortcode\"><\/div>\n\t\t\t\t\t\t<\/div>\n\t\t\t\t<\/div>\n\t\t\t\t\t<\/div>\n\t\t\t\t<\/div>\n\t\t\t\t\t<\/div>\n\t\t\t\t<\/div>\n\t\t<div class=\"elementor-element elementor-element-58c0b80 e-flex e-con-boxed elementor-invisible e-con e-parent\" data-id=\"58c0b80\" data-element_type=\"container\" data-e-type=\"container\" data-settings=\"{&quot;animation&quot;:&quot;fadeInUp&quot;}\">\n\t\t\t\t\t<div class=\"e-con-inner\">\n\t\t\t\t<div class=\"elementor-element elementor-element-0beca9f elementor-widget__width-initial elementor-widget elementor-widget-heading\" data-id=\"0beca9f\" data-element_type=\"widget\" data-e-type=\"widget\" data-widget_type=\"heading.default\">\n\t\t\t\t<div class=\"elementor-widget-container\">\n\t\t\t\t\t<h3 class=\"elementor-heading-title elementor-size-default\">Del sue\u00f1o a la pista: nuestra historia en movimiento<\/h3>\t\t\t\t<\/div>\n\t\t\t\t<\/div>\n\t\t\t\t<div class=\"elementor-element elementor-element-7b30cae elementor-widget elementor-widget-text-editor\" data-id=\"7b30cae\" data-element_type=\"widget\" data-e-type=\"widget\" data-widget_type=\"text-editor.default\">\n\t\t\t\t<div class=\"elementor-widget-container\">\n\t\t\t\t\t\t\t\t\t<p>Desde hace m\u00e1s de 20 a\u00f1os, en Rollermania, en Prato, ponemos a su disposici\u00f3n nuestra experiencia en el mundo del patinaje, ofreciendo las mejores marcas del sector y una asistencia t\u00e9cnica altamente especializada. Nuestro equipo de expertos le ayudar\u00e1 a elegir el calzado, el chasis y los accesorios m\u00e1s adecuados para crear el pat\u00edn perfecto seg\u00fan sus necesidades.<\/p>\n<p>Antes de la compra, ofrecemos pruebas personalizadas para evaluar el ajuste ideal y probar la configuraci\u00f3n y la suspensi\u00f3n, proporcionando consejos espec\u00edficos para optimizar el rendimiento en todo tipo de pistas. Con nosotros, cada detalle est\u00e1 pensado para ayudarle a expresar al m\u00e1ximo su pasi\u00f3n.Prima dell&#8217;acquisto, offriamo prove personalizzate per valutare la calzata ideale e testare assetti e sospensioni, fornendo consigli mirati per ottimizzare le prestazioni su ogni tipo di pista. Con noi, ogni dettaglio \u00e8 pensato per aiutarvi a esprimere al meglio la vostra passione.<\/p>\n<p>De la experiencia adquirida a lo largo del tiempo nace tambi\u00e9n <em>Rollerskates<\/em>, nuestra l\u00ednea de productos dedicada a los deportistas de competici\u00f3n. Fruto de la pasi\u00f3n de un exatleta, <em>Rollerskates <\/em>ofrece soluciones personalizadas e innovadoras, desarrolladas a trav\u00e9s de una investigaci\u00f3n continua de materiales y dise\u00f1os de vanguardia. A lo largo de los a\u00f1os, la calidad de nuestros productos nos ha convertido en un punto de referencia para atletas, entrenadores, clubes deportivos y equipos nacionales.<\/p>\n<p>Nuestro valor a\u00f1adido es un equipo de t\u00e9cnicos cualificados a nivel internacional, que supervisa de cerca cada fase del dise\u00f1o y la producci\u00f3n, para ofrecer patines fiables, de alto rendimiento y siempre a la altura de las expectativas de quienes buscan la excelencia.<\/p>\n\t\t\t\t\t\t\t\t<\/div>\n\t\t\t\t<\/div>\n\t\t\t\t\t<\/div>\n\t\t\t\t<\/div>\n\t\t<div class=\"elementor-element elementor-element-98005a0 e-flex e-con-boxed e-con e-parent\" data-id=\"98005a0\" data-element_type=\"container\" data-e-type=\"container\">\n\t\t\t\t\t<div class=\"e-con-inner\">\n\t\t<div class=\"elementor-element elementor-element-79ee9b0 e-con-full e-flex elementor-invisible e-con e-child\" data-id=\"79ee9b0\" data-element_type=\"container\" data-e-type=\"container\" data-settings=\"{&quot;animation&quot;:&quot;fadeIn&quot;}\">\n\t\t\t\t<div class=\"elementor-element elementor-element-02b5349 elementor-widget elementor-widget-heading\" data-id=\"02b5349\" data-element_type=\"widget\" data-e-type=\"widget\" data-widget_type=\"heading.default\">\n\t\t\t\t<div class=\"elementor-widget-container\">\n\t\t\t\t\t<h3 class=\"elementor-heading-title elementor-size-default\">Para quienes buscan la excelencia, est\u00e1n los patines Rollerskates.<\/h3>\t\t\t\t<\/div>\n\t\t\t\t<\/div>\n\t\t\t\t<div class=\"elementor-element elementor-element-a5a03d1 elementor-widget elementor-widget-text-editor\" data-id=\"a5a03d1\" data-element_type=\"widget\" data-e-type=\"widget\" data-widget_type=\"text-editor.default\">\n\t\t\t\t<div class=\"elementor-widget-container\">\n\t\t\t\t\t\t\t\t\t<p data-start=\"1167\" data-end=\"1527\">De la experiencia de un exatleta nace nuestra l\u00ednea de productos profesionales: <strong data-start=\"1302\" data-end=\"1318\">Rollerskates<\/strong>, pensada para competidores, entrenadores y clubes deportivos. Cada componente se desarrolla mediante una investigaci\u00f3n constante sobre materiales, dise\u00f1o y funcionalidad, para garantizar un alto rendimiento y fiabilidad a lo largo del tiempo.<\/p>\n<p><\/p>\n<p data-start=\"1529\" data-end=\"1865\">Trabajamos en estrecha colaboraci\u00f3n con atletas, t\u00e9cnicos y dise\u00f1adores para ofrecer siempre lo mejor: desde el asesoramiento previo a la compra hasta la asistencia posventa, ponemos nuestra experiencia al servicio de tu pasi\u00f3n. Porque cuando se trata de patinaje, cada detalle cuenta.<\/p>\n\t\t\t\t\t\t\t\t<\/div>\n\t\t\t\t<\/div>\n\t\t\t\t<\/div>\n\t\t<div class=\"elementor-element elementor-element-d8c276a e-con-full e-flex elementor-invisible e-con e-child\" data-id=\"d8c276a\" data-element_type=\"container\" data-e-type=\"container\" data-settings=\"{&quot;animation&quot;:&quot;fadeInLeft&quot;,&quot;animation_delay&quot;:60}\">\n\t\t\t\t<div class=\"elementor-element elementor-element-859ce58 elementor-widget elementor-widget-image\" data-id=\"859ce58\" data-element_type=\"widget\" data-e-type=\"widget\" data-widget_type=\"image.default\">\n\t\t\t\t<div class=\"elementor-widget-container\">\n\t\t\t\t\t\t\t\t\t\t\t\t\t\t\t<img fetchpriority=\"high\" decoding=\"async\" width=\"1024\" height=\"1024\" src=\"https:\/\/roller-mania.it\/wp-content\/uploads\/2025\/06\/roller-mania-chi-siamo-1024x1024.png\" class=\"attachment-large size-large wp-image-8367\" alt=\"\" srcset=\"https:\/\/roller-mania.it\/wp-content\/uploads\/2025\/06\/roller-mania-chi-siamo-1024x1024.png 1024w, https:\/\/roller-mania.it\/wp-content\/uploads\/2025\/06\/roller-mania-chi-siamo-300x300.png 300w, https:\/\/roller-mania.it\/wp-content\/uploads\/2025\/06\/roller-mania-chi-siamo-800x800.png 800w, https:\/\/roller-mania.it\/wp-content\/uploads\/2025\/06\/roller-mania-chi-siamo-500x500.png 500w, https:\/\/roller-mania.it\/wp-content\/uploads\/2025\/06\/roller-mania-chi-siamo-150x150.png 150w, https:\/\/roller-mania.it\/wp-content\/uploads\/2025\/06\/roller-mania-chi-siamo-768x768.png 768w, https:\/\/roller-mania.it\/wp-content\/uploads\/2025\/06\/roller-mania-chi-siamo.png 1080w\" sizes=\"(max-width: 1024px) 100vw, 1024px\" \/>\t\t\t\t\t\t\t\t\t\t\t\t\t\t\t<\/div>\n\t\t\t\t<\/div>\n\t\t\t\t<\/div>\n\t\t\t\t\t<\/div>\n\t\t\t\t<\/div>\n\t\t\t\t<\/div>\n\t\t","protected":false},"excerpt":{"rendered":"<p>Qui\u00e9nes somos Del sue\u00f1o a la pista: nuestra historia en movimiento Desde hace m\u00e1s de 20 a\u00f1os, en Rollermania, en Prato, ponemos a su disposici\u00f3n nuestra experiencia en el mundo del patinaje, ofreciendo las mejores marcas del sector y una asistencia t\u00e9cnica altamente especializada. Nuestro equipo de expertos le ayudar\u00e1 a elegir el calzado, el [&hellip;]<\/p>\n","protected":false},"author":1,"featured_media":8443,"parent":0,"menu_order":0,"comment_status":"closed","ping_status":"closed","template":"","meta":{"footnotes":""},"class_list":["post-8368","page","type-page","status-publish","has-post-thumbnail","hentry"],"blocksy_meta":{"has_hero_section":"disabled","vertical_spacing_source":"custom","content_area_spacing":"none","styles_descriptor":{"styles":{"desktop":"","tablet":"","mobile":""},"google_fonts":[],"version":6}},"yoast_head":"<!-- This site is optimized with the Yoast SEO plugin v27.3 - https:\/\/yoast.com\/product\/yoast-seo-wordpress\/ -->\n<title>Tienda de patines Prato - Qui\u00e9nes somos | Rollermania<\/title>\n<meta name=\"description\" content=\"Del sue\u00f1o a la pista: nuestra historia en movimiento. Rollermania es una tienda de patines en Prato, un referente en el sector.\" \/>\n<meta name=\"robots\" content=\"index, follow, max-snippet:-1, max-image-preview:large, max-video-preview:-1\" \/>\n<link rel=\"canonical\" href=\"https:\/\/roller-mania.it\/chi-siamo\/\" \/>\n<meta property=\"og:locale\" content=\"es_ES\" \/>\n<meta property=\"og:type\" content=\"article\" \/>\n<meta property=\"og:title\" content=\"Tienda de patines Prato - Qui\u00e9nes somos | Rollermania\" \/>\n<meta property=\"og:description\" content=\"Del sue\u00f1o a la pista: nuestra historia en movimiento. Rollermania es una tienda de patines en Prato, un referente en el sector.\" \/>\n<meta property=\"og:url\" content=\"https:\/\/roller-mania.it\/chi-siamo\/\" \/>\n<meta property=\"og:site_name\" content=\"Roller Mania\" \/>\n<meta property=\"article:modified_time\" content=\"2026-02-09T13:41:12+00:00\" \/>\n<meta property=\"og:image\" content=\"https:\/\/roller-mania.it\/wp-content\/uploads\/2025\/10\/NEGOZIO-3-scaled.jpg\" \/>\n\t<meta property=\"og:image:width\" content=\"2560\" \/>\n\t<meta property=\"og:image:height\" content=\"1703\" \/>\n\t<meta property=\"og:image:type\" content=\"image\/jpeg\" \/>\n<meta name=\"twitter:card\" content=\"summary_large_image\" \/>\n<meta name=\"twitter:label1\" content=\"Tiempo de lectura\" \/>\n\t<meta name=\"twitter:data1\" content=\"2 minutos\" \/>\n<script type=\"application\/ld+json\" class=\"yoast-schema-graph\">{\"@context\":\"https:\\\/\\\/schema.org\",\"@graph\":[{\"@type\":\"WebPage\",\"@id\":\"https:\\\/\\\/roller-mania.it\\\/chi-siamo\\\/\",\"url\":\"https:\\\/\\\/roller-mania.it\\\/chi-siamo\\\/\",\"name\":\"Tienda de patines Prato - Qui\u00e9nes somos | Rollermania\",\"isPartOf\":{\"@id\":\"https:\\\/\\\/roller-mania.it\\\/#website\"},\"primaryImageOfPage\":{\"@id\":\"https:\\\/\\\/roller-mania.it\\\/chi-siamo\\\/#primaryimage\"},\"image\":{\"@id\":\"https:\\\/\\\/roller-mania.it\\\/chi-siamo\\\/#primaryimage\"},\"thumbnailUrl\":\"https:\\\/\\\/roller-mania.it\\\/wp-content\\\/uploads\\\/2025\\\/10\\\/NEGOZIO-3-scaled.jpg\",\"datePublished\":\"2024-11-07T13:47:05+00:00\",\"dateModified\":\"2026-02-09T13:41:12+00:00\",\"description\":\"Del sue\u00f1o a la pista: nuestra historia en movimiento. Rollermania es una tienda de patines en Prato, un referente en el sector.\",\"breadcrumb\":{\"@id\":\"https:\\\/\\\/roller-mania.it\\\/chi-siamo\\\/#breadcrumb\"},\"inLanguage\":\"es\",\"potentialAction\":[{\"@type\":\"ReadAction\",\"target\":[\"https:\\\/\\\/roller-mania.it\\\/chi-siamo\\\/\"]}]},{\"@type\":\"ImageObject\",\"inLanguage\":\"es\",\"@id\":\"https:\\\/\\\/roller-mania.it\\\/chi-siamo\\\/#primaryimage\",\"url\":\"https:\\\/\\\/roller-mania.it\\\/wp-content\\\/uploads\\\/2025\\\/10\\\/NEGOZIO-3-scaled.jpg\",\"contentUrl\":\"https:\\\/\\\/roller-mania.it\\\/wp-content\\\/uploads\\\/2025\\\/10\\\/NEGOZIO-3-scaled.jpg\",\"width\":2560,\"height\":1703,\"caption\":\"rollermania\"},{\"@type\":\"BreadcrumbList\",\"@id\":\"https:\\\/\\\/roller-mania.it\\\/chi-siamo\\\/#breadcrumb\",\"itemListElement\":[{\"@type\":\"ListItem\",\"position\":1,\"name\":\"Home\",\"item\":\"https:\\\/\\\/roller-mania.it\\\/\"},{\"@type\":\"ListItem\",\"position\":2,\"name\":\"Qui\u00e9nes somos\"}]},{\"@type\":\"WebSite\",\"@id\":\"https:\\\/\\\/roller-mania.it\\\/#website\",\"url\":\"https:\\\/\\\/roller-mania.it\\\/\",\"name\":\"Roller Mania\",\"description\":\"\",\"publisher\":{\"@id\":\"https:\\\/\\\/roller-mania.it\\\/#organization\"},\"potentialAction\":[{\"@type\":\"SearchAction\",\"target\":{\"@type\":\"EntryPoint\",\"urlTemplate\":\"https:\\\/\\\/roller-mania.it\\\/?s={search_term_string}\"},\"query-input\":{\"@type\":\"PropertyValueSpecification\",\"valueRequired\":true,\"valueName\":\"search_term_string\"}}],\"inLanguage\":\"es\"},{\"@type\":\"Organization\",\"@id\":\"https:\\\/\\\/roller-mania.it\\\/#organization\",\"name\":\"Roller Mania\",\"url\":\"https:\\\/\\\/roller-mania.it\\\/\",\"logo\":{\"@type\":\"ImageObject\",\"inLanguage\":\"es\",\"@id\":\"https:\\\/\\\/roller-mania.it\\\/#\\\/schema\\\/logo\\\/image\\\/\",\"url\":\"https:\\\/\\\/roller-mania.it\\\/wp-content\\\/uploads\\\/2025\\\/04\\\/Logo.RollerMania.svg\",\"contentUrl\":\"https:\\\/\\\/roller-mania.it\\\/wp-content\\\/uploads\\\/2025\\\/04\\\/Logo.RollerMania.svg\",\"width\":563,\"height\":73,\"caption\":\"Roller Mania\"},\"image\":{\"@id\":\"https:\\\/\\\/roller-mania.it\\\/#\\\/schema\\\/logo\\\/image\\\/\"},\"sameAs\":[\"https:\\\/\\\/www.instagram.com\\\/rollermania_\\\/\"]}]}<\/script>\n<!-- \/ Yoast SEO plugin. -->","yoast_head_json":{"title":"Tienda de patines Prato - Qui\u00e9nes somos | Rollermania","description":"Del sue\u00f1o a la pista: nuestra historia en movimiento. Rollermania es una tienda de patines en Prato, un referente en el sector.","robots":{"index":"index","follow":"follow","max-snippet":"max-snippet:-1","max-image-preview":"max-image-preview:large","max-video-preview":"max-video-preview:-1"},"canonical":"https:\/\/roller-mania.it\/chi-siamo\/","og_locale":"es_ES","og_type":"article","og_title":"Tienda de patines Prato - Qui\u00e9nes somos | Rollermania","og_description":"Del sue\u00f1o a la pista: nuestra historia en movimiento. Rollermania es una tienda de patines en Prato, un referente en el sector.","og_url":"https:\/\/roller-mania.it\/chi-siamo\/","og_site_name":"Roller Mania","article_modified_time":"2026-02-09T13:41:12+00:00","og_image":[{"width":2560,"height":1703,"url":"https:\/\/roller-mania.it\/wp-content\/uploads\/2025\/10\/NEGOZIO-3-scaled.jpg","type":"image\/jpeg"}],"twitter_card":"summary_large_image","twitter_misc":{"Tiempo de lectura":"2 minutos"},"schema":{"@context":"https:\/\/schema.org","@graph":[{"@type":"WebPage","@id":"https:\/\/roller-mania.it\/chi-siamo\/","url":"https:\/\/roller-mania.it\/chi-siamo\/","name":"Tienda de patines Prato - Qui\u00e9nes somos | Rollermania","isPartOf":{"@id":"https:\/\/roller-mania.it\/#website"},"primaryImageOfPage":{"@id":"https:\/\/roller-mania.it\/chi-siamo\/#primaryimage"},"image":{"@id":"https:\/\/roller-mania.it\/chi-siamo\/#primaryimage"},"thumbnailUrl":"https:\/\/roller-mania.it\/wp-content\/uploads\/2025\/10\/NEGOZIO-3-scaled.jpg","datePublished":"2024-11-07T13:47:05+00:00","dateModified":"2026-02-09T13:41:12+00:00","description":"Del sue\u00f1o a la pista: nuestra historia en movimiento. Rollermania es una tienda de patines en Prato, un referente en el sector.","breadcrumb":{"@id":"https:\/\/roller-mania.it\/chi-siamo\/#breadcrumb"},"inLanguage":"es","potentialAction":[{"@type":"ReadAction","target":["https:\/\/roller-mania.it\/chi-siamo\/"]}]},{"@type":"ImageObject","inLanguage":"es","@id":"https:\/\/roller-mania.it\/chi-siamo\/#primaryimage","url":"https:\/\/roller-mania.it\/wp-content\/uploads\/2025\/10\/NEGOZIO-3-scaled.jpg","contentUrl":"https:\/\/roller-mania.it\/wp-content\/uploads\/2025\/10\/NEGOZIO-3-scaled.jpg","width":2560,"height":1703,"caption":"rollermania"},{"@type":"BreadcrumbList","@id":"https:\/\/roller-mania.it\/chi-siamo\/#breadcrumb","itemListElement":[{"@type":"ListItem","position":1,"name":"Home","item":"https:\/\/roller-mania.it\/"},{"@type":"ListItem","position":2,"name":"Qui\u00e9nes somos"}]},{"@type":"WebSite","@id":"https:\/\/roller-mania.it\/#website","url":"https:\/\/roller-mania.it\/","name":"Roller Mania","description":"","publisher":{"@id":"https:\/\/roller-mania.it\/#organization"},"potentialAction":[{"@type":"SearchAction","target":{"@type":"EntryPoint","urlTemplate":"https:\/\/roller-mania.it\/?s={search_term_string}"},"query-input":{"@type":"PropertyValueSpecification","valueRequired":true,"valueName":"search_term_string"}}],"inLanguage":"es"},{"@type":"Organization","@id":"https:\/\/roller-mania.it\/#organization","name":"Roller Mania","url":"https:\/\/roller-mania.it\/","logo":{"@type":"ImageObject","inLanguage":"es","@id":"https:\/\/roller-mania.it\/#\/schema\/logo\/image\/","url":"https:\/\/roller-mania.it\/wp-content\/uploads\/2025\/04\/Logo.RollerMania.svg","contentUrl":"https:\/\/roller-mania.it\/wp-content\/uploads\/2025\/04\/Logo.RollerMania.svg","width":563,"height":73,"caption":"Roller Mania"},"image":{"@id":"https:\/\/roller-mania.it\/#\/schema\/logo\/image\/"},"sameAs":["https:\/\/www.instagram.com\/rollermania_\/"]}]}},"_links":{"self":[{"href":"https:\/\/roller-mania.it\/es\/wp-json\/wp\/v2\/pages\/8368","targetHints":{"allow":["GET"]}}],"collection":[{"href":"https:\/\/roller-mania.it\/es\/wp-json\/wp\/v2\/pages"}],"about":[{"href":"https:\/\/roller-mania.it\/es\/wp-json\/wp\/v2\/types\/page"}],"author":[{"embeddable":true,"href":"https:\/\/roller-mania.it\/es\/wp-json\/wp\/v2\/users\/1"}],"replies":[{"embeddable":true,"href":"https:\/\/roller-mania.it\/es\/wp-json\/wp\/v2\/comments?post=8368"}],"version-history":[{"count":0,"href":"https:\/\/roller-mania.it\/es\/wp-json\/wp\/v2\/pages\/8368\/revisions"}],"wp:featuredmedia":[{"embeddable":true,"href":"https:\/\/roller-mania.it\/es\/wp-json\/wp\/v2\/media\/8443"}],"wp:attachment":[{"href":"https:\/\/roller-mania.it\/es\/wp-json\/wp\/v2\/media?parent=8368"}],"curies":[{"name":"wp","href":"https:\/\/api.w.org\/{rel}","templated":true}]}}